{"id":104,"date":"2016-10-11T10:04:06","date_gmt":"2016-10-11T10:04:06","guid":{"rendered":"http:\/\/fruitmasters.com\/nl\/?page_id=104"},"modified":"2024-04-04T07:03:14","modified_gmt":"2024-04-04T07:03:14","slug":"kanzi","status":"publish","type":"page","link":"https:\/\/fruitmasters.com\/de\/marken\/kanzi\/","title":{"rendered":"KANZI\u00ae"},"content":{"rendered":"<h1>THE POWER OF GREAT TASTE<\/h1>\n<p>KANZI<sup>\u00ae<\/sup> \u00c4pfel sind nat\u00fcrliche Sonnenkollektoren, die in jede Obstschale, auf jeden Ern\u00e4hrungsplan und zu jeder Snack-Pause geh\u00f6ren. Praktisch, dass sie zudem in jeden Rucksack und jede Sporttasche passen. Mit ihrem su\u0308\u00df-s\u00e4uerlichen Geschmack und knackigen Biss erfrischen Dich KANZI<sup>\u00ae<\/sup>-\u00c4pfel sofort. Sie geben Dir genau die richtige Energie, um durchzuhalten. Nimm Dir eine kleine Auszeit. Bei\u00df hinein. Und entdecke die Power des Geschmacks von KANZI<sup>\u00ae<\/sup>-\u00c4pfeln.<\/p>\n<h1>Der Name KANZI<sup>\u00ae<\/sup><\/h1>\n<p>KANZI<sup>\u00ae<\/sup> bedeutet w\u00f6rtlich \u201everborgener Schatz\u201c. Das Geheimnis des KANZI<sup>\u00ae<\/sup>-Apfels ist die Kreuzung der Apfelsorten Gala und Braeburn. Im KANZI<sup>\u00ae<\/sup>-Apfel vereinen sich die besten Eigenschaften beider Ursprungssorten. Der KANZI<sup>\u00ae<\/sup> ist an seiner typisch roten F\u00e4rbung zu erkennen und zeichnet sich durch sein optimales S\u00fc\u00dfe-S\u00e4ure-Verh\u00e4ltnis aus. Das Fruchtfleisch des KANZI<sup>\u00ae<\/sup> ist sehr saftig-knackig und hat eine gelbwei\u00dfe Farbe.<\/p>\n<p>KANZI<sup>\u00ae<\/sup> wird in dreizehn L\u00e4ndern auf der ganzen Welt von Hunderten ausgew\u00e4hlter Obstbauern angebaut. Wo und wann immer es m\u00f6glich ist werden KANZI<sup>\u00ae<\/sup>-\u00c4pfel in den Regionen oder L\u00e4ndern produziert, wo sie erh\u00e4ltlich sind. Die Obstg\u00e4rten werden speziell nach Boden, Klima und handwerklichen F\u00e4higkeiten der Erzeuger ausgew\u00e4hlt. Wir pflegen unsere B\u00e4ume mit Sorgfalt und achten besonders darauf, dass sie den n\u00f6tigen Platz und Licht haben, um \u00c4pfel voller Geschmack und au\u00dferordentlicher Qualit\u00e4t zu entwickeln.<\/p>\n<ul>\n<li>KANZI<sup>\u00ae<\/sup> ist die Nummer Zwei der gr\u00f6\u00dften Apfelmarken der Welt.<\/li>\n<li>Um als KANZI<sup>\u00ae<\/sup>in den Markt zu kommen, m\u00fcssen unsere \u00c4pfel 18 verschiedene Qualit\u00e4tskriterien erf\u00fcllen.<\/li>\n<li>KANZI<sup>\u00ae<\/sup> ist eine nat\u00fcrliche Kreuzung aus dem s\u00fc\u00dfen Gala und dem spritzigen Braeburn.<\/li>\n<li>KANZI<sup>\u00ae<\/sup>-\u00c4pfel bleiben l\u00e4nger knackig als andere \u00c4pfel.<\/li>\n<li>KANZI<sup>\u00ae<\/sup> wird in dreizehn L\u00e4ndern rund um die Welt angebaut, gehegt und gepflegt.<\/li>\n<\/ul>\n<p>M\u00f6chten Sie mehr \u00fcber den KANZI<sup>\u00ae<\/sup>-Apfel wissen? Besuchen Sie dann die Website <a href=\"http:\/\/www.kanziapple.com\/\">www.Kanziapple.com\u00a0<\/a>oder senden Sie eine E-Mail an\u00a0<a href=\"mailto:info@royalfruitmasters.com\">info@fruitmasters.com<\/a>.<\/p>\n<p>&nbsp;<\/p>\n","protected":false},"excerpt":{"rendered":"<p>THE POWER OF GREAT TASTE KANZI\u00ae \u00c4pfel sind nat\u00fcrliche Sonnenkollektoren, die in jede Obstschale, auf jeden Ern\u00e4hrungsplan und zu jeder Snack-Pause geh\u00f6ren. Praktisch, dass sie zudem in jeden Rucksack und jede Sporttasche passen. Mit ihrem su\u0308\u00df-s\u00e4uerlichen Geschmack und knackigen Biss erfrischen Dich KANZI\u00ae-\u00c4pfel sofort. Sie geben Dir genau die richtige Energie, um durchzuhalten. Nimm Dir [&hellip;]<\/p>\n","protected":false},"author":7,"featured_media":2069,"parent":102,"menu_order":0,"comment_status":"closed","ping_status":"closed","template":"page-wideheader.php","meta":{"footnotes":""},"acf":[],"_links":{"self":[{"href":"https:\/\/fruitmasters.com\/de\/wp-json\/wp\/v2\/pages\/104"}],"collection":[{"href":"https:\/\/fruitmasters.com\/de\/wp-json\/wp\/v2\/pages"}],"about":[{"href":"https:\/\/fruitmasters.com\/de\/wp-json\/wp\/v2\/types\/page"}],"author":[{"embeddable":true,"href":"https:\/\/fruitmasters.com\/de\/wp-json\/wp\/v2\/users\/7"}],"replies":[{"embeddable":true,"href":"https:\/\/fruitmasters.com\/de\/wp-json\/wp\/v2\/comments?post=104"}],"version-history":[{"count":93,"href":"https:\/\/fruitmasters.com\/de\/wp-json\/wp\/v2\/pages\/104\/revisions"}],"predecessor-version":[{"id":2094,"href":"https:\/\/fruitmasters.com\/de\/wp-json\/wp\/v2\/pages\/104\/revisions\/2094"}],"up":[{"embeddable":true,"href":"https:\/\/fruitmasters.com\/de\/wp-json\/wp\/v2\/pages\/102"}],"wp:featuredmedia":[{"embeddable":true,"href":"https:\/\/fruitmasters.com\/de\/wp-json\/wp\/v2\/media\/2069"}],"wp:attachment":[{"href":"https:\/\/fruitmasters.com\/de\/wp-json\/wp\/v2\/media?parent=104"}],"curies":[{"name":"wp","href":"https:\/\/api.w.org\/{rel}","templated":true}]}}