{"id":106,"date":"2016-10-11T10:04:35","date_gmt":"2016-10-11T10:04:35","guid":{"rendered":"http:\/\/fruitmasters.com\/nl\/?page_id=106"},"modified":"2024-02-08T15:04:56","modified_gmt":"2024-02-08T15:04:56","slug":"migo","status":"publish","type":"page","link":"https:\/\/fruitmasters.com\/de\/marken\/migo\/","title":{"rendered":"Migo\u00ae"},"content":{"rendered":"<h1>Der\u00a0Name Migo<sup>\u00ae<\/sup><\/h1>\n<p>Die Migo<sup>\u00ae<\/sup>-Birne ist eine Kreuzung aus der Conference- und der Doyenn\u00e9 d\u2019hiver-Birne. Der Name Migo\u00ae ist eine Zusammenfassung von \u201emi\u201d und \u201eon the go\u201d. Migo<sup>\u00ae<\/sup>\u00a0ist leicht an ihrer optimistisch gr\u00fcnen Farbe und dem knackigen Biss zu erkennen. Ideal zum Mitnehmen, denn die Migo<sup>\u00ae<\/sup>-Birne ist l\u00e4nger haltbar und von gleichbleibend hoher Qualit\u00e4t.<\/p>\n<h2>Die Geschichte von Migo\u00ae<\/h2>\n<p>Die Geschichte von Migo\u00ae begann vor vielen Jahren, als wir sowohl mit Birnen-Liebhabern als auch mit Birnen-Hassern sprachen. Wir haben echte Birnenliebhaber nach ihren W\u00fcnschen gefragt. Und auch den Birnenhassern haben wir zugeh\u00f6rt. Warum essen sie keine Birnen? Die Reaktion war eindeutig: \u201eWir w\u00fcrden schon gerne Birnen essen, aber dann bitte nur solche, die weniger kleckern, l\u00e4nger haltbar sind und dabei ihre Qualit\u00e4t bewahren. Und saftig m\u00fcssen sie nat\u00fcrlich sein!<\/p>\n<p>\u00c4pfel hingegen seien zwar nicht ganz so aromatisch, sind aber unglaublich praktisch und auch deswegen so beliebt. Migo\u00ae, die freundliche Birne, vereint das Beste aus beiden Welten. Unsere Birne, macht Dein Leben ein bisschen s\u00fc\u00dfer, knackiger und leckerer und Du kannst sie essen, wann und wo immer Du willst. Die Migo\u00ae-Birne ist eine innovative Birne und exklusiv bei FruitMasters erh\u00e4ltlich.<\/p>\n<p>&nbsp;<\/p>\n<h3 style=\"text-align: center\"><strong>&#8220;Knackig wie ein Apfel, schmeckt wie eine Birne&#8221;<\/strong><\/h3>\n<p>&nbsp;<\/p>\n<h1>Was macht Migo so besonders?<\/h1>\n<h2>Der perfekte Snack<\/h2>\n<p>Migo\u00ae-Birnen sind der perfekte Snack: s\u00fc\u00df, frisch und gesund. Und dank ihres hohen Ballaststoffgehalts s\u00e4ttigen sie und halten vor. Jeder Bissen ist erfrischend und voller Vitamine. Migo\u00ae ist wirklich der perfekte Snack f\u00fcr zwischendurch.<\/p>\n<h2>Jederzeit und \u00fcberall<\/h2>\n<p>Migo\u00ae bietet Dir den vollen Geschmack \u2013 ohne zu tropfen. Du kannst Deine Migo\u00ae-Birne mitnehmen und essen, wo und wann du willst. Ein toller Begleiter f\u00fcr das Fitnessstudio, die Schule, den Strand, zu Hause oder wo auch immer.<\/p>\n<h2>Immer lecker<\/h2>\n<p>Migo\u00ae-Birnen sind einzigartig: Ab dem Moment, in dem Du sie kaufst, sind sie reif und verzehrfertig. Und so bleiben sie auch f\u00fcr eine lange Zeit. Immer reif und Immer lecker. Manche behaupten, sie sei die perfekte Birne.<\/p>\n<h2>Eine Birne mit Pers\u00f6nlichkeit<\/h2>\n<p>Migo\u00ae. The friendly pear. Voller Geschmack ohne zu kleckern. Aber sie ist nicht nur s\u00fc\u00df, knackig, perfekt geformt, mit toller Farbe und Textur\u2026 Sie macht auch einfach Spa\u00df. Migo\u00ae ist eine Birne mit Pers\u00f6nlichkeit.<\/p>\n<p>M\u00f6chten Sie mehr \u00fcber die Migo\u00ae-Birne wissen? Besuchen Sie dann die Website\u00a0<a href=\"http:\/\/www.migopear.com\/\">www.migopear.com\u00a0<\/a>oder senden Sie eine E-Mail an<a href=\"mailto:info@fruitmasters.com\">info@fruitmasters.com<\/a>.<\/p>\n","protected":false},"excerpt":{"rendered":"<p>Der\u00a0Name Migo\u00ae Die Migo\u00ae-Birne ist eine Kreuzung aus der Conference- und der Doyenn\u00e9 d\u2019hiver-Birne. Der Name Migo\u00ae ist eine Zusammenfassung von \u201emi\u201d und \u201eon the go\u201d. Migo\u00ae\u00a0ist leicht an ihrer optimistisch gr\u00fcnen Farbe und dem knackigen Biss zu erkennen. Ideal zum Mitnehmen, denn die Migo\u00ae-Birne ist l\u00e4nger haltbar und von gleichbleibend hoher Qualit\u00e4t. Die Geschichte [&hellip;]<\/p>\n","protected":false},"author":7,"featured_media":0,"parent":102,"menu_order":0,"comment_status":"closed","ping_status":"closed","template":"page-wideheader.php","meta":{"footnotes":""},"acf":[],"_links":{"self":[{"href":"https:\/\/fruitmasters.com\/de\/wp-json\/wp\/v2\/pages\/106"}],"collection":[{"href":"https:\/\/fruitmasters.com\/de\/wp-json\/wp\/v2\/pages"}],"about":[{"href":"https:\/\/fruitmasters.com\/de\/wp-json\/wp\/v2\/types\/page"}],"author":[{"embeddable":true,"href":"https:\/\/fruitmasters.com\/de\/wp-json\/wp\/v2\/users\/7"}],"replies":[{"embeddable":true,"href":"https:\/\/fruitmasters.com\/de\/wp-json\/wp\/v2\/comments?post=106"}],"version-history":[{"count":30,"href":"https:\/\/fruitmasters.com\/de\/wp-json\/wp\/v2\/pages\/106\/revisions"}],"predecessor-version":[{"id":2081,"href":"https:\/\/fruitmasters.com\/de\/wp-json\/wp\/v2\/pages\/106\/revisions\/2081"}],"up":[{"embeddable":true,"href":"https:\/\/fruitmasters.com\/de\/wp-json\/wp\/v2\/pages\/102"}],"wp:attachment":[{"href":"https:\/\/fruitmasters.com\/de\/wp-json\/wp\/v2\/media?parent=106"}],"curies":[{"name":"wp","href":"https:\/\/api.w.org\/{rel}","templated":true}]}}