{"id":108,"date":"2016-10-11T10:05:19","date_gmt":"2016-10-11T10:05:19","guid":{"rendered":"http:\/\/fruitmasters.com\/nl\/?page_id=108"},"modified":"2017-07-25T14:48:32","modified_gmt":"2017-07-25T14:48:32","slug":"bobs","status":"publish","type":"page","link":"https:\/\/fruitmasters.com\/de\/marken\/bobs\/","title":{"rendered":"Bob&#8217;s"},"content":{"rendered":"<h1><strong>Best of berries (Bob\u2019s)<\/strong><\/h1>\n<p class=\"twocol\" dir=\"LTR\" align=\"LEFT\">FruitMasters hat ein eigenes Beerenobstkonzept mit dem Namen Bob\u2019s entwickelt. Bob\u2019s ist das ganze Jahr \u00fcber verf\u00fcgbar und kommt direkt vom Erzeuger. Bob\u2019s steht f\u00fcr Qualit\u00e4t und ist f\u00fcr seinen vollen, reinen Geschmack bekannt. Dabei ist die ganze Palette vertreten &#8211; von herrlich s\u00fc\u00dfen Erdbeeren bis hin zu wunderbar erfrischenden Roten Johannisbeeren.<\/p>\n<p><img loading=\"lazy\" decoding=\"async\" class=\"alignright size-medium wp-image-1135\" src=\"http:\/\/fruitmasters.com\/de\/wp-content\/uploads\/sites\/7\/2016\/10\/Zachtfruit-300x300.jpg\" alt=\"Zachtfruit\" width=\"300\" height=\"300\" srcset=\"https:\/\/fruitmasters.com\/de\/wp-content\/uploads\/sites\/7\/2016\/10\/Zachtfruit-300x300.jpg 300w, https:\/\/fruitmasters.com\/de\/wp-content\/uploads\/sites\/7\/2016\/10\/Zachtfruit-150x150.jpg 150w, https:\/\/fruitmasters.com\/de\/wp-content\/uploads\/sites\/7\/2016\/10\/Zachtfruit.jpg 500w\" sizes=\"(max-width: 300px) 100vw, 300px\" \/><\/p>\n<h2>Der\u00a0Name Bob\u2019s<\/h2>\n<p dir=\"LTR\" align=\"LEFT\">Best of berries bzw. Bob\u2019s umfasst verschiedene niederl\u00e4ndische Beerenobstsorten: Blaubeeren, Brombeeren, Himbeeren und Rote Johannisbeeren. Bob\u2019s ist an seinem besonders frischen Erscheinungsbild mit den charakteristischen Abbildungen zu erkennen. Bob\u2019s, das ist Beerenobst bester Qualit\u00e4t &#8211; garantiert.<\/p>\n<p>&nbsp;<\/p>\n<h2>Bob\u2019s in Ihrem Regal<\/h2>\n<p>Bob\u2019s ist ein gesunder, schmackhafter Leckerbissen in attraktiven, farbenfrohen, sch\u00f6nen Verpackungen, die ins Auge springen und den Appetit des Verbrauchers wecken. Eine Aufforderung zum Zugreifen. Bob\u2019s ist ein gesundes, s\u00fc\u00dfes Geschenk, das Genuss ohne Reue verspricht. Den Verpackungen ist dank exklusivem Design und ihrem unverwechselbaren Stil ein ins Auge fallender Platz im Obstregal sicher.<\/p>\n","protected":false},"excerpt":{"rendered":"<p>Best of berries (Bob\u2019s) FruitMasters hat ein eigenes Beerenobstkonzept mit dem Namen Bob\u2019s entwickelt. Bob\u2019s ist das ganze Jahr \u00fcber verf\u00fcgbar und kommt direkt vom Erzeuger. Bob\u2019s steht f\u00fcr Qualit\u00e4t und ist f\u00fcr seinen vollen, reinen Geschmack bekannt. Dabei ist die ganze Palette vertreten &#8211; von herrlich s\u00fc\u00dfen Erdbeeren bis hin zu wunderbar erfrischenden Roten [&hellip;]<\/p>\n","protected":false},"author":7,"featured_media":0,"parent":102,"menu_order":0,"comment_status":"closed","ping_status":"closed","template":"page-wideheader.php","meta":{"footnotes":""},"acf":[],"_links":{"self":[{"href":"https:\/\/fruitmasters.com\/de\/wp-json\/wp\/v2\/pages\/108"}],"collection":[{"href":"https:\/\/fruitmasters.com\/de\/wp-json\/wp\/v2\/pages"}],"about":[{"href":"https:\/\/fruitmasters.com\/de\/wp-json\/wp\/v2\/types\/page"}],"author":[{"embeddable":true,"href":"https:\/\/fruitmasters.com\/de\/wp-json\/wp\/v2\/users\/7"}],"replies":[{"embeddable":true,"href":"https:\/\/fruitmasters.com\/de\/wp-json\/wp\/v2\/comments?post=108"}],"version-history":[{"count":31,"href":"https:\/\/fruitmasters.com\/de\/wp-json\/wp\/v2\/pages\/108\/revisions"}],"predecessor-version":[{"id":1671,"href":"https:\/\/fruitmasters.com\/de\/wp-json\/wp\/v2\/pages\/108\/revisions\/1671"}],"up":[{"embeddable":true,"href":"https:\/\/fruitmasters.com\/de\/wp-json\/wp\/v2\/pages\/102"}],"wp:attachment":[{"href":"https:\/\/fruitmasters.com\/de\/wp-json\/wp\/v2\/media?parent=108"}],"curies":[{"name":"wp","href":"https:\/\/api.w.org\/{rel}","templated":true}]}}