{"id":110,"date":"2016-10-11T10:06:44","date_gmt":"2016-10-11T10:06:44","guid":{"rendered":"http:\/\/fruitmasters.com\/nl\/?page_id=110"},"modified":"2017-08-01T10:41:22","modified_gmt":"2017-08-01T10:41:22","slug":"produkte","status":"publish","type":"page","link":"https:\/\/fruitmasters.com\/de\/produkte\/","title":{"rendered":"Produkte"},"content":{"rendered":"<h1>Produkte<\/h1>\n<p class=\"twocol\">Es wird an verschiedenen Fronten eng mit internationalen Organisationen zusammengearbeitet, wobei die Entwicklungen auf den internationalen M\u00e4rkten genauestens verfolgt werden. Durch diese internationale Zusammenarbeit verf\u00fcgt FruitMasters \u00fcber das entsprechende Wissen und den Sachverstand, um alle nur denkbaren W\u00fcnsche im Bereich des Obstes zu erf\u00fcllen. So gew\u00e4hrleistet FruitMasters t\u00e4glich sichere Obsterzeugnisse, die von Anfang bis Ende kontrolliert werden und vollst\u00e4ndig r\u00fcckverfolgbar sind.<\/p>\n","protected":false},"excerpt":{"rendered":"<p>Produkte Es wird an verschiedenen Fronten eng mit internationalen Organisationen zusammengearbeitet, wobei die Entwicklungen auf den internationalen M\u00e4rkten genauestens verfolgt werden. Durch diese internationale Zusammenarbeit verf\u00fcgt FruitMasters \u00fcber das entsprechende Wissen und den Sachverstand, um alle nur denkbaren W\u00fcnsche im Bereich des Obstes zu erf\u00fcllen. So gew\u00e4hrleistet FruitMasters t\u00e4glich sichere Obsterzeugnisse, die von Anfang bis [&hellip;]<\/p>\n","protected":false},"author":7,"featured_media":0,"parent":0,"menu_order":0,"comment_status":"closed","ping_status":"closed","template":"page-wideheader.php","meta":{"footnotes":""},"acf":[],"_links":{"self":[{"href":"https:\/\/fruitmasters.com\/de\/wp-json\/wp\/v2\/pages\/110"}],"collection":[{"href":"https:\/\/fruitmasters.com\/de\/wp-json\/wp\/v2\/pages"}],"about":[{"href":"https:\/\/fruitmasters.com\/de\/wp-json\/wp\/v2\/types\/page"}],"author":[{"embeddable":true,"href":"https:\/\/fruitmasters.com\/de\/wp-json\/wp\/v2\/users\/7"}],"replies":[{"embeddable":true,"href":"https:\/\/fruitmasters.com\/de\/wp-json\/wp\/v2\/comments?post=110"}],"version-history":[{"count":11,"href":"https:\/\/fruitmasters.com\/de\/wp-json\/wp\/v2\/pages\/110\/revisions"}],"predecessor-version":[{"id":1688,"href":"https:\/\/fruitmasters.com\/de\/wp-json\/wp\/v2\/pages\/110\/revisions\/1688"}],"wp:attachment":[{"href":"https:\/\/fruitmasters.com\/de\/wp-json\/wp\/v2\/media?parent=110"}],"curies":[{"name":"wp","href":"https:\/\/api.w.org\/{rel}","templated":true}]}}