{"id":112,"date":"2016-10-11T10:07:10","date_gmt":"2016-10-11T10:07:10","guid":{"rendered":"http:\/\/fruitmasters.com\/nl\/?page_id=112"},"modified":"2019-12-12T20:18:13","modified_gmt":"2019-12-12T20:18:13","slug":"birnen","status":"publish","type":"page","link":"https:\/\/fruitmasters.com\/de\/produkte\/birnen\/","title":{"rendered":"Birnen"},"content":{"rendered":"<h1>Birnen<\/h1>\n<p>Es ist das Meeresklima, das die Niederlande f\u00fcr die Birnenzucht geradezu pr\u00e4destiniert. Die meist gez\u00fcchtete Birne in den Niederlanden ist die Sorte Conference, auf die 50\u00a0% aller in den Niederlanden gez\u00fcchteten Birnen entfallen. Dank seiner fachlichen Kompetenz kann FruitMasters die unterschiedlichen M\u00e4rkte mit Fr\u00fcchten beliefern, die perfekt auf alle individuellen W\u00fcnsche zugeschnitten sind. Von klein bis gro\u00df &#8211; alle Birnen sind in mehreren Gr\u00f6\u00dfen erh\u00e4ltlich und entsprechen den Anforderungen der unterschiedlichen L\u00e4nder genau. FruitMasters personalisiert seine Produkte nach den Bed\u00fcrfnissen der jeweiligen Abnehmer, unter anderem dadurch, dass unsere Birnen (sowohl Tafel- als auch Kochbirnen) unter Ber\u00fccksichtigung von Kundenspezifikationen gez\u00fcchtet werden.<\/p>\n<p>&nbsp;<\/p>\n","protected":false},"excerpt":{"rendered":"<p>Birnen Es ist das Meeresklima, das die Niederlande f\u00fcr die Birnenzucht geradezu pr\u00e4destiniert. Die meist gez\u00fcchtete Birne in den Niederlanden ist die Sorte Conference, auf die 50\u00a0% aller in den Niederlanden gez\u00fcchteten Birnen entfallen. Dank seiner fachlichen Kompetenz kann FruitMasters die unterschiedlichen M\u00e4rkte mit Fr\u00fcchten beliefern, die perfekt auf alle individuellen W\u00fcnsche zugeschnitten sind. Von [&hellip;]<\/p>\n","protected":false},"author":7,"featured_media":0,"parent":110,"menu_order":0,"comment_status":"closed","ping_status":"closed","template":"page-wideheader.php","meta":{"footnotes":""},"acf":[],"_links":{"self":[{"href":"https:\/\/fruitmasters.com\/de\/wp-json\/wp\/v2\/pages\/112"}],"collection":[{"href":"https:\/\/fruitmasters.com\/de\/wp-json\/wp\/v2\/pages"}],"about":[{"href":"https:\/\/fruitmasters.com\/de\/wp-json\/wp\/v2\/types\/page"}],"author":[{"embeddable":true,"href":"https:\/\/fruitmasters.com\/de\/wp-json\/wp\/v2\/users\/7"}],"replies":[{"embeddable":true,"href":"https:\/\/fruitmasters.com\/de\/wp-json\/wp\/v2\/comments?post=112"}],"version-history":[{"count":12,"href":"https:\/\/fruitmasters.com\/de\/wp-json\/wp\/v2\/pages\/112\/revisions"}],"predecessor-version":[{"id":1796,"href":"https:\/\/fruitmasters.com\/de\/wp-json\/wp\/v2\/pages\/112\/revisions\/1796"}],"up":[{"embeddable":true,"href":"https:\/\/fruitmasters.com\/de\/wp-json\/wp\/v2\/pages\/110"}],"wp:attachment":[{"href":"https:\/\/fruitmasters.com\/de\/wp-json\/wp\/v2\/media?parent=112"}],"curies":[{"name":"wp","href":"https:\/\/api.w.org\/{rel}","templated":true}]}}