{"id":117,"date":"2016-10-11T10:08:19","date_gmt":"2016-10-11T10:08:19","guid":{"rendered":"http:\/\/fruitmasters.com\/nl\/?page_id=117"},"modified":"2019-12-12T20:17:43","modified_gmt":"2019-12-12T20:17:43","slug":"beeren","status":"publish","type":"page","link":"https:\/\/fruitmasters.com\/de\/produkte\/beeren\/","title":{"rendered":"Beeren"},"content":{"rendered":"<h1>Beeren<\/h1>\n<p class=\"twocol\">Weichobst ist der Sammelname f\u00fcr Erdbeeren, Himbeeren, Brombeeren, Blaubeeren, rote und schwarze Johannisbeeren und Stachelbeeren. F\u00fcr den Anbau von Beeren stehen verschiedene Methoden zur Verf\u00fcgung, sodass sich die Ernte \u00fcber einen langen Zeitraum streuen l\u00e4sst. So kann FruitMasters das ganze Jahr \u00fcber Weichobst anbieten bzw. den Bedarf \u00fcber Import decken.<\/p>\n","protected":false},"excerpt":{"rendered":"<p>Beeren Weichobst ist der Sammelname f\u00fcr Erdbeeren, Himbeeren, Brombeeren, Blaubeeren, rote und schwarze Johannisbeeren und Stachelbeeren. F\u00fcr den Anbau von Beeren stehen verschiedene Methoden zur Verf\u00fcgung, sodass sich die Ernte \u00fcber einen langen Zeitraum streuen l\u00e4sst. So kann FruitMasters das ganze Jahr \u00fcber Weichobst anbieten bzw. den Bedarf \u00fcber Import decken.<\/p>\n","protected":false},"author":7,"featured_media":0,"parent":110,"menu_order":0,"comment_status":"closed","ping_status":"closed","template":"page-wideheader.php","meta":{"footnotes":""},"acf":[],"_links":{"self":[{"href":"https:\/\/fruitmasters.com\/de\/wp-json\/wp\/v2\/pages\/117"}],"collection":[{"href":"https:\/\/fruitmasters.com\/de\/wp-json\/wp\/v2\/pages"}],"about":[{"href":"https:\/\/fruitmasters.com\/de\/wp-json\/wp\/v2\/types\/page"}],"author":[{"embeddable":true,"href":"https:\/\/fruitmasters.com\/de\/wp-json\/wp\/v2\/users\/7"}],"replies":[{"embeddable":true,"href":"https:\/\/fruitmasters.com\/de\/wp-json\/wp\/v2\/comments?post=117"}],"version-history":[{"count":7,"href":"https:\/\/fruitmasters.com\/de\/wp-json\/wp\/v2\/pages\/117\/revisions"}],"predecessor-version":[{"id":1795,"href":"https:\/\/fruitmasters.com\/de\/wp-json\/wp\/v2\/pages\/117\/revisions\/1795"}],"up":[{"embeddable":true,"href":"https:\/\/fruitmasters.com\/de\/wp-json\/wp\/v2\/pages\/110"}],"wp:attachment":[{"href":"https:\/\/fruitmasters.com\/de\/wp-json\/wp\/v2\/media?parent=117"}],"curies":[{"name":"wp","href":"https:\/\/api.w.org\/{rel}","templated":true}]}}