{"id":121,"date":"2016-10-11T10:09:08","date_gmt":"2016-10-11T10:09:08","guid":{"rendered":"http:\/\/fruitmasters.com\/nl\/?page_id=121"},"modified":"2020-04-15T14:39:28","modified_gmt":"2020-04-15T14:39:28","slug":"weintrauben","status":"publish","type":"page","link":"https:\/\/fruitmasters.com\/de\/produkte\/weintrauben\/","title":{"rendered":"Weintrauben"},"content":{"rendered":"<h1>Weintrauben<\/h1>\n<p class=\"twocol\">Es gibt blaue, rote und wei\u00dfe Weintrauben. Die meisten davon sind kernlos, aber es gibt auch eine Sorte mit Kernen. Die runden bis ovalen Fr\u00fcchte, die in Trauben an der Weinrebe wachsen, hei\u00dfen eigentlich Weinbeeren. Die meisten Weintrauben stammen aus L\u00e4ndern und Gebieten mit mildem oder Mittelmeerklima wie z.B.: S\u00fcdafrika, Chile, Indien, Spanien, Argentinien, Peru und \u00c4gypten.<\/p>\n<p><img loading=\"lazy\" decoding=\"async\" class=\"alignright wp-image-1865 size-medium\" src=\"https:\/\/fruitmasters.com\/de\/wp-content\/uploads\/sites\/7\/2020\/04\/2020_Packshot_Druiven_500x500px-300x300.png\" alt=\"\" width=\"300\" height=\"300\" srcset=\"https:\/\/fruitmasters.com\/de\/wp-content\/uploads\/sites\/7\/2020\/04\/2020_Packshot_Druiven_500x500px-300x300.png 300w, https:\/\/fruitmasters.com\/de\/wp-content\/uploads\/sites\/7\/2020\/04\/2020_Packshot_Druiven_500x500px-150x150.png 150w, https:\/\/fruitmasters.com\/de\/wp-content\/uploads\/sites\/7\/2020\/04\/2020_Packshot_Druiven_500x500px.png 500w\" sizes=\"(max-width: 300px) 100vw, 300px\" \/><\/p>\n<h2><\/h2>\n<h2>Weintraubenzucht<\/h2>\n<p>Die meisten der f\u00fcr den Verzehr bestimmten Weintrauben wachsen in den Niederlanden in Gew\u00e4chsh\u00e4usern, allerdings nur in sehr kleinen Mengen. Der Gro\u00dfteil der weltweiten Weintraubenproduktion (90\u00a0%) ist f\u00fcr die Herstellung alkoholischer Getr\u00e4nke bestimmt. Der Rest wird zur Herstellung von Traubensaft und als Rosinen, Korinthen und Tafeltrauben verwendet. Die f\u00fcr die Weinproduktion vorgesehenen Weintrauben sind l\u00e4ngst nicht so s\u00fc\u00df wie die Tafeltrauben und deswegen weniger gut f\u00fcr den Verzehr geeignet.<\/p>\n","protected":false},"excerpt":{"rendered":"<p>Weintrauben Es gibt blaue, rote und wei\u00dfe Weintrauben. Die meisten davon sind kernlos, aber es gibt auch eine Sorte mit Kernen. Die runden bis ovalen Fr\u00fcchte, die in Trauben an der Weinrebe wachsen, hei\u00dfen eigentlich Weinbeeren. Die meisten Weintrauben stammen aus L\u00e4ndern und Gebieten mit mildem oder Mittelmeerklima wie z.B.: S\u00fcdafrika, Chile, Indien, Spanien, Argentinien, [&hellip;]<\/p>\n","protected":false},"author":7,"featured_media":0,"parent":110,"menu_order":0,"comment_status":"closed","ping_status":"closed","template":"page-wideheader.php","meta":{"footnotes":""},"acf":[],"_links":{"self":[{"href":"https:\/\/fruitmasters.com\/de\/wp-json\/wp\/v2\/pages\/121"}],"collection":[{"href":"https:\/\/fruitmasters.com\/de\/wp-json\/wp\/v2\/pages"}],"about":[{"href":"https:\/\/fruitmasters.com\/de\/wp-json\/wp\/v2\/types\/page"}],"author":[{"embeddable":true,"href":"https:\/\/fruitmasters.com\/de\/wp-json\/wp\/v2\/users\/7"}],"replies":[{"embeddable":true,"href":"https:\/\/fruitmasters.com\/de\/wp-json\/wp\/v2\/comments?post=121"}],"version-history":[{"count":7,"href":"https:\/\/fruitmasters.com\/de\/wp-json\/wp\/v2\/pages\/121\/revisions"}],"predecessor-version":[{"id":1961,"href":"https:\/\/fruitmasters.com\/de\/wp-json\/wp\/v2\/pages\/121\/revisions\/1961"}],"up":[{"embeddable":true,"href":"https:\/\/fruitmasters.com\/de\/wp-json\/wp\/v2\/pages\/110"}],"wp:attachment":[{"href":"https:\/\/fruitmasters.com\/de\/wp-json\/wp\/v2\/media?parent=121"}],"curies":[{"name":"wp","href":"https:\/\/api.w.org\/{rel}","templated":true}]}}