{"id":1212,"date":"2017-04-03T07:41:41","date_gmt":"2017-04-03T07:41:41","guid":{"rendered":"http:\/\/fruitmasters.com\/de\/?page_id=1212"},"modified":"2025-10-28T08:38:19","modified_gmt":"2025-10-28T08:38:19","slug":"ketteninformation","status":"publish","type":"page","link":"https:\/\/fruitmasters.com\/de\/24_7\/ketteninformation\/","title":{"rendered":"Ketten information"},"content":{"rendered":"<h1>Ketteninformation<\/h1>\n<p class=\"twocol\">Nur die besten Fr\u00fcchte sind gut genug f\u00fcr FruitMasters. Einzig Obst von hochwertiger Qualit\u00e4t wird an Gesch\u00e4fte, Gastronomie und M\u00e4rkte geliefert. Damit das Obst garantiert frisch bleibt, wird es in speziellen K\u00fchlzellen gelagert. So k\u00f6nnen wir das ganze Jahr \u00fcber frisches Obst liefern. Dank der geschlossenen K\u00fchlkette wird das Obst ununterbrochen unter gesch\u00fctzten Bedingungen gelagert. Auf diese Weise bleibt seine Qualit\u00e4t erhalten.<\/p>\n","protected":false},"excerpt":{"rendered":"<p>Ketteninformation Nur die besten Fr\u00fcchte sind gut genug f\u00fcr FruitMasters. Einzig Obst von hochwertiger Qualit\u00e4t wird an Gesch\u00e4fte, Gastronomie und M\u00e4rkte geliefert. Damit das Obst garantiert frisch bleibt, wird es in speziellen K\u00fchlzellen gelagert. So k\u00f6nnen wir das ganze Jahr \u00fcber frisches Obst liefern. Dank der geschlossenen K\u00fchlkette wird das Obst ununterbrochen unter gesch\u00fctzten Bedingungen [&hellip;]<\/p>\n","protected":false},"author":8,"featured_media":0,"parent":90,"menu_order":0,"comment_status":"closed","ping_status":"closed","template":"page-wideheader.php","meta":{"footnotes":""},"acf":[],"_links":{"self":[{"href":"https:\/\/fruitmasters.com\/de\/wp-json\/wp\/v2\/pages\/1212"}],"collection":[{"href":"https:\/\/fruitmasters.com\/de\/wp-json\/wp\/v2\/pages"}],"about":[{"href":"https:\/\/fruitmasters.com\/de\/wp-json\/wp\/v2\/types\/page"}],"author":[{"embeddable":true,"href":"https:\/\/fruitmasters.com\/de\/wp-json\/wp\/v2\/users\/8"}],"replies":[{"embeddable":true,"href":"https:\/\/fruitmasters.com\/de\/wp-json\/wp\/v2\/comments?post=1212"}],"version-history":[{"count":8,"href":"https:\/\/fruitmasters.com\/de\/wp-json\/wp\/v2\/pages\/1212\/revisions"}],"predecessor-version":[{"id":2133,"href":"https:\/\/fruitmasters.com\/de\/wp-json\/wp\/v2\/pages\/1212\/revisions\/2133"}],"up":[{"embeddable":true,"href":"https:\/\/fruitmasters.com\/de\/wp-json\/wp\/v2\/pages\/90"}],"wp:attachment":[{"href":"https:\/\/fruitmasters.com\/de\/wp-json\/wp\/v2\/media?parent=1212"}],"curies":[{"name":"wp","href":"https:\/\/api.w.org\/{rel}","templated":true}]}}