{"id":123,"date":"2016-10-11T10:09:38","date_gmt":"2016-10-11T10:09:38","guid":{"rendered":"http:\/\/fruitmasters.com\/nl\/?page_id=123"},"modified":"2017-08-01T11:22:59","modified_gmt":"2017-08-01T11:22:59","slug":"exotische-fruchte","status":"publish","type":"page","link":"https:\/\/fruitmasters.com\/de\/produkte\/exotische-fruchte\/","title":{"rendered":"Exotische Fr\u00fcchte"},"content":{"rendered":"<h1 class=\"twocol\">Exotische Fr\u00fcchte<\/h1>\n<p class=\"twocol\">Unter die Exotischen Fr\u00fcchte fallen ganz unterschiedliche Obstsorten wie Zitronen, Grapefruits, Kiwis, Mandarinen, Apfelsinen und Granat\u00e4pfel. FruitMasters importiert den Gro\u00dfteil der Exotischen Fr\u00fcchte f\u00fcr den Vertrieb auf dem niederl\u00e4ndischen Markt.<\/p>\n<p class=\"twocol\">Entdecken Sie unser vollst\u00e4ndiges Sortiment und klicken Sie auf die jeweilige Exotische Frucht, um mehr \u00fcber Verf\u00fcgbarkeit, Verpackungsm\u00f6glichkeiten und die richtige Lagerung zu erfahren.<\/p>\n<p>&nbsp;<\/p>\n","protected":false},"excerpt":{"rendered":"<p>Exotische Fr\u00fcchte Unter die Exotischen Fr\u00fcchte fallen ganz unterschiedliche Obstsorten wie Zitronen, Grapefruits, Kiwis, Mandarinen, Apfelsinen und Granat\u00e4pfel. FruitMasters importiert den Gro\u00dfteil der Exotischen Fr\u00fcchte f\u00fcr den Vertrieb auf dem niederl\u00e4ndischen Markt. Entdecken Sie unser vollst\u00e4ndiges Sortiment und klicken Sie auf die jeweilige Exotische Frucht, um mehr \u00fcber Verf\u00fcgbarkeit, Verpackungsm\u00f6glichkeiten und die richtige Lagerung zu [&hellip;]<\/p>\n","protected":false},"author":7,"featured_media":0,"parent":110,"menu_order":0,"comment_status":"closed","ping_status":"closed","template":"page-wideheader.php","meta":{"footnotes":""},"acf":[],"_links":{"self":[{"href":"https:\/\/fruitmasters.com\/de\/wp-json\/wp\/v2\/pages\/123"}],"collection":[{"href":"https:\/\/fruitmasters.com\/de\/wp-json\/wp\/v2\/pages"}],"about":[{"href":"https:\/\/fruitmasters.com\/de\/wp-json\/wp\/v2\/types\/page"}],"author":[{"embeddable":true,"href":"https:\/\/fruitmasters.com\/de\/wp-json\/wp\/v2\/users\/7"}],"replies":[{"embeddable":true,"href":"https:\/\/fruitmasters.com\/de\/wp-json\/wp\/v2\/comments?post=123"}],"version-history":[{"count":7,"href":"https:\/\/fruitmasters.com\/de\/wp-json\/wp\/v2\/pages\/123\/revisions"}],"predecessor-version":[{"id":1638,"href":"https:\/\/fruitmasters.com\/de\/wp-json\/wp\/v2\/pages\/123\/revisions\/1638"}],"up":[{"embeddable":true,"href":"https:\/\/fruitmasters.com\/de\/wp-json\/wp\/v2\/pages\/110"}],"wp:attachment":[{"href":"https:\/\/fruitmasters.com\/de\/wp-json\/wp\/v2\/media?parent=123"}],"curies":[{"name":"wp","href":"https:\/\/api.w.org\/{rel}","templated":true}]}}