{"id":125,"date":"2016-10-11T10:10:46","date_gmt":"2016-10-11T10:10:46","guid":{"rendered":"http:\/\/fruitmasters.com\/nl\/?page_id=125"},"modified":"2017-08-03T14:47:20","modified_gmt":"2017-08-03T14:47:20","slug":"nieuws","status":"publish","type":"page","link":"https:\/\/fruitmasters.com\/de\/nieuws\/","title":{"rendered":"Neuigkeiten"},"content":{"rendered":"<h1>Neuigkeiten von FruitMasters<\/h1>\n<p dir=\"LTR\" align=\"LEFT\">Auf dieser Seite finden Sie weitere Informationen \u00fcber FruitMasters, die in Form von Neuigkeiten pr\u00e4sentiert werden. Sie beziehen sich u. a. auf: Produkteinf\u00fchrungen, den Beginn mehrerer Obstsaisonen und erlangte Zertifikate.<\/p>\n<p>&nbsp;<\/p>\n","protected":false},"excerpt":{"rendered":"<p>Neuigkeiten von FruitMasters Auf dieser Seite finden Sie weitere Informationen \u00fcber FruitMasters, die in Form von Neuigkeiten pr\u00e4sentiert werden. Sie beziehen sich u. a. auf: Produkteinf\u00fchrungen, den Beginn mehrerer Obstsaisonen und erlangte Zertifikate. &nbsp;<\/p>\n","protected":false},"author":7,"featured_media":0,"parent":0,"menu_order":0,"comment_status":"closed","ping_status":"closed","template":"page-news-wideheader.php","meta":{"footnotes":""},"acf":[],"_links":{"self":[{"href":"https:\/\/fruitmasters.com\/de\/wp-json\/wp\/v2\/pages\/125"}],"collection":[{"href":"https:\/\/fruitmasters.com\/de\/wp-json\/wp\/v2\/pages"}],"about":[{"href":"https:\/\/fruitmasters.com\/de\/wp-json\/wp\/v2\/types\/page"}],"author":[{"embeddable":true,"href":"https:\/\/fruitmasters.com\/de\/wp-json\/wp\/v2\/users\/7"}],"replies":[{"embeddable":true,"href":"https:\/\/fruitmasters.com\/de\/wp-json\/wp\/v2\/comments?post=125"}],"version-history":[{"count":11,"href":"https:\/\/fruitmasters.com\/de\/wp-json\/wp\/v2\/pages\/125\/revisions"}],"predecessor-version":[{"id":1677,"href":"https:\/\/fruitmasters.com\/de\/wp-json\/wp\/v2\/pages\/125\/revisions\/1677"}],"wp:attachment":[{"href":"https:\/\/fruitmasters.com\/de\/wp-json\/wp\/v2\/media?parent=125"}],"curies":[{"name":"wp","href":"https:\/\/api.w.org\/{rel}","templated":true}]}}