{"id":148,"date":"2016-10-11T10:34:57","date_gmt":"2016-10-11T10:34:57","guid":{"rendered":"http:\/\/fruitmasters.com\/nl\/?page_id=148"},"modified":"2019-12-27T07:29:53","modified_gmt":"2019-12-27T07:29:53","slug":"uber-uns","status":"publish","type":"page","link":"https:\/\/fruitmasters.com\/de\/organisation\/uber-uns\/","title":{"rendered":"\u00dcber uns"},"content":{"rendered":"<h1 class=\"twocol\">\u00dcber FruitMasters<\/h1>\n<p class=\"twocol\">FruitMasters ist eine Obstgenossenschaft, die den Einzelhandel mit Obst beliefert. Dank der teilnehmenden Obsterzeuger ist FruitMasters in der Lage, niederl\u00e4ndisches Qualit\u00e4tsobst direkt vom Erzeuger an (inter)nationale Handelsh\u00e4user und Einzelh\u00e4ndler zu liefern. FruitMasters verf\u00fcgt in den Niederlanden \u00fcber ein eigenes Facility- und Logistikzentrum. Das macht das Unternehmen unentbehrlich f\u00fcr den Obstmarkt.<\/p>\n<h2>Erzeuger erfolgreich ein Unternehmen f\u00fchren lassen<\/h2>\n<p dir=\"LTR\" align=\"LEFT\">Das Ziel unserer Arbeit: sorgloser Genuss von Obst, das der Erzeuger mit Liebe angebaut hat. Wir sind Ihr Partner, wenn es um das flexible Marktangebot von frischem, nat\u00fcrlichem und qualitativ hochwertigem Obst geht.<\/p>\n<h2>Das Beste von Mensch und Natur<\/h2>\n<p dir=\"LTR\" align=\"LEFT\">Obst ist ein empfindliches Produkt. Wir glauben, dass die Liebe, die man in ein Produkt steckt, in dessen Qualit\u00e4t zum Ausdruck kommt. Fruitmasters steht f\u00fcr ein faires Verfahren, wobei der Erzeuger f\u00fcr den bestm\u00f6glichen Produktpreis verantwortlich ist. Wichtige, dem Handel mit unseren Gesch\u00e4ftspartnern zugrunde liegende Eckpfeiler sind dabei Innovation und Kreativit\u00e4t. Schon seit Jahren sind die Erzeuger unsere Bezugsquelle. Sie nutzen die Natur optimal. Und darauf sind wir schon seit 100 Jahren stolz.<\/p>\n<h2>N\u00fcchtern und ambitioniert<\/h2>\n<p dir=\"LTR\" align=\"LEFT\">FruitMasters ist im Laufe der Jahre gewachsen. Aber an unserer n\u00fcchternen Einstellung hat sich dadurch nichts ge\u00e4ndert. Wir arbeiten hart. Unser pers\u00f6nlicher Ansatz und unsere Ambitioniertheit sind auch weiterhin immer f\u00fcr \u00dcberraschungen gut. Wir glauben an die St\u00e4rke von Mensch und Natur und an die Zusammenarbeit von Erzeugern und FruitMasters. Unser Motto: Zusammen bessere Leistungen erbringen und das Beste aus Mensch und Natur herausholen.<\/p>\n<h2>Spezialist f\u00fcr Kern- und Beerenobst<\/h2>\n<p dir=\"LTR\" align=\"LEFT\">Das ganze Jahr \u00fcber kann FruitMasters den Obstmarkt versorgen. FruitMasters ist vor allem auf Kern- und Beerenobst spezialisiert, kann aber auch Steinobst, Trauben und exotische Fr\u00fcchte liefern. Als Vermarktungsorganisation f\u00fcr niederl\u00e4ndische Erzeuger liefert FruitMasters Obst direkt von der Quelle. So l\u00e4sst sich der Weg des Obstes vom Erzeuger zum Verbraucher steuern: von der Sortierung bis zur Verpackung und vom Branding bis zur Pr\u00e4sentation im Regal. In unser Fachgebiet fallen auch ma\u00dfgeschneiderte Verpackungen, die Sie w\u00e4hlen oder zusammen mit uns entwickeln k\u00f6nnen. Ob In- oder Ausland: FruitMasters sorgt f\u00fcr rundum sorglosen Obstgenuss.<\/p>\n","protected":false},"excerpt":{"rendered":"<p>\u00dcber FruitMasters FruitMasters ist eine Obstgenossenschaft, die den Einzelhandel mit Obst beliefert. Dank der teilnehmenden Obsterzeuger ist FruitMasters in der Lage, niederl\u00e4ndisches Qualit\u00e4tsobst direkt vom Erzeuger an (inter)nationale Handelsh\u00e4user und Einzelh\u00e4ndler zu liefern. FruitMasters verf\u00fcgt in den Niederlanden \u00fcber ein eigenes Facility- und Logistikzentrum. Das macht das Unternehmen unentbehrlich f\u00fcr den Obstmarkt. Erzeuger erfolgreich ein [&hellip;]<\/p>\n","protected":false},"author":7,"featured_media":0,"parent":26,"menu_order":0,"comment_status":"closed","ping_status":"closed","template":"page-wideheader.php","meta":{"footnotes":""},"acf":[],"_links":{"self":[{"href":"https:\/\/fruitmasters.com\/de\/wp-json\/wp\/v2\/pages\/148"}],"collection":[{"href":"https:\/\/fruitmasters.com\/de\/wp-json\/wp\/v2\/pages"}],"about":[{"href":"https:\/\/fruitmasters.com\/de\/wp-json\/wp\/v2\/types\/page"}],"author":[{"embeddable":true,"href":"https:\/\/fruitmasters.com\/de\/wp-json\/wp\/v2\/users\/7"}],"replies":[{"embeddable":true,"href":"https:\/\/fruitmasters.com\/de\/wp-json\/wp\/v2\/comments?post=148"}],"version-history":[{"count":17,"href":"https:\/\/fruitmasters.com\/de\/wp-json\/wp\/v2\/pages\/148\/revisions"}],"predecessor-version":[{"id":1821,"href":"https:\/\/fruitmasters.com\/de\/wp-json\/wp\/v2\/pages\/148\/revisions\/1821"}],"up":[{"embeddable":true,"href":"https:\/\/fruitmasters.com\/de\/wp-json\/wp\/v2\/pages\/26"}],"wp:attachment":[{"href":"https:\/\/fruitmasters.com\/de\/wp-json\/wp\/v2\/media?parent=148"}],"curies":[{"name":"wp","href":"https:\/\/api.w.org\/{rel}","templated":true}]}}