{"id":1486,"date":"2017-04-07T06:54:54","date_gmt":"2017-04-07T06:54:54","guid":{"rendered":"http:\/\/fruitmasters.com\/de\/?page_id=1486"},"modified":"2026-03-13T08:57:26","modified_gmt":"2026-03-13T08:57:26","slug":"fruitmasters-deutschland","status":"publish","type":"page","link":"https:\/\/fruitmasters.com\/de\/kontakt\/fruitmasters-deutschland\/","title":{"rendered":"FruitMasters Deutschland"},"content":{"rendered":"<h1>FruitMasters Deutschland<\/h1>\n<p>FruitMasters Deutschland ist f\u00fcr den \u00dcbersee-Import von Obstsorten f\u00fcr FruitMasters verantwortlich. FruitMasters Deutschland kann hierdurch am besten als einer der f\u00fchrenden Importeure bez\u00fcglich der s\u00fcdlichen Hemisph\u00e4re beschrieben werden. S\u00fcdamerika, S\u00fcdafrika, Ozeanien, Indien und China sind die wichtigsten Herkunftsl\u00e4nder.<\/p>\n<p>&nbsp;<\/p>\n<p><span data-olk-copy-source=\"MessageBody\">Am Steintor 6<\/span><br \/>\n<span data-olk-copy-source=\"MessageBody\">48167<\/span>\u00a0 M\u00fcnster<br \/>\nDuitsland<\/p>\n<p>T: +49 \u2013 2516 1810<br \/>\nF: +49 \u2013 2516 181 130<br \/>\nE: info@fruitmasters.de<br \/>\nKvK: HRB5653<br \/>\nBTW: DE812813346<\/p>\n<p>&nbsp;<\/p>\n<h2>Haftungshinweis:<\/h2>\n<p>Wir bem\u00fchen uns, auf dieser Website richtige und vollst\u00e4ndige Informationen zur Verf\u00fcgung zu stellen. Wir \u00fcbernehmen jedoch keine Haftung oder Garantie f\u00fcr die Aktualit\u00e4t, Richtigkeit oder Vollst\u00e4ndigkeit der auf dieser Site bereitgestellten Informationen. Trotz sorgf\u00e4ltiger inhaltlicher Kontrolle \u00fcbernehmen wir keine Haftung f\u00fcr die Inhalte externer Links. F\u00fcr den Inhalt der verlinkten Seiten sind ausschlie\u00dflich deren Betreiber verantwortlich.<\/p>\n","protected":false},"excerpt":{"rendered":"<p>FruitMasters Deutschland FruitMasters Deutschland ist f\u00fcr den \u00dcbersee-Import von Obstsorten f\u00fcr FruitMasters verantwortlich. FruitMasters Deutschland kann hierdurch am besten als einer der f\u00fchrenden Importeure bez\u00fcglich der s\u00fcdlichen Hemisph\u00e4re beschrieben werden. S\u00fcdamerika, S\u00fcdafrika, Ozeanien, Indien und China sind die wichtigsten Herkunftsl\u00e4nder. &nbsp; Am Steintor 6 48167\u00a0 M\u00fcnster Duitsland T: +49 \u2013 2516 1810 F: +49 \u2013 [&hellip;]<\/p>\n","protected":false},"author":8,"featured_media":0,"parent":131,"menu_order":0,"comment_status":"closed","ping_status":"closed","template":"page-wideheader.php","meta":{"footnotes":""},"acf":[],"_links":{"self":[{"href":"https:\/\/fruitmasters.com\/de\/wp-json\/wp\/v2\/pages\/1486"}],"collection":[{"href":"https:\/\/fruitmasters.com\/de\/wp-json\/wp\/v2\/pages"}],"about":[{"href":"https:\/\/fruitmasters.com\/de\/wp-json\/wp\/v2\/types\/page"}],"author":[{"embeddable":true,"href":"https:\/\/fruitmasters.com\/de\/wp-json\/wp\/v2\/users\/8"}],"replies":[{"embeddable":true,"href":"https:\/\/fruitmasters.com\/de\/wp-json\/wp\/v2\/comments?post=1486"}],"version-history":[{"count":6,"href":"https:\/\/fruitmasters.com\/de\/wp-json\/wp\/v2\/pages\/1486\/revisions"}],"predecessor-version":[{"id":2141,"href":"https:\/\/fruitmasters.com\/de\/wp-json\/wp\/v2\/pages\/1486\/revisions\/2141"}],"up":[{"embeddable":true,"href":"https:\/\/fruitmasters.com\/de\/wp-json\/wp\/v2\/pages\/131"}],"wp:attachment":[{"href":"https:\/\/fruitmasters.com\/de\/wp-json\/wp\/v2\/media?parent=1486"}],"curies":[{"name":"wp","href":"https:\/\/api.w.org\/{rel}","templated":true}]}}