{"id":152,"date":"2016-10-11T10:35:57","date_gmt":"2016-10-11T10:35:57","guid":{"rendered":"http:\/\/fruitmasters.com\/nl\/?page_id=152"},"modified":"2017-07-25T15:06:54","modified_gmt":"2017-07-25T15:06:54","slug":"geschichte","status":"publish","type":"page","link":"https:\/\/fruitmasters.com\/de\/organisation\/geschichte\/","title":{"rendered":"Geschichte"},"content":{"rendered":"<h1>Geschichte von\u00a0FruitMasters<\/h1>\n<p dir=\"LTR\" align=\"LEFT\">Die Geschichte van FruitMasters begann am 4. Mai 1904. An diesem Tag wurde die \u201eVeiling Vereeniging Geldermalsen en Omstreken&#8221; (Versteigerungsverein Geldermalsen und Umgebung) gegr\u00fcndet. Die 34 Mitglieder schauten damals erwartungsvoll auf die allererste Kirschenversteigerung, die in der Scheune eines Mitglieds stattfand. F\u00fcr einen kurzen Moment sah es danach aus, als w\u00fcrde die Initiative bereits im Keim erstickt. Doch dann wurde pl\u00f6tzlich eine Schubkarre auf das Gel\u00e4nde geschoben und einer der Anwesenden stie\u00df einen Schrei aus: \u201eSeht mal da! Drei K\u00f6rbe Kirschen!&#8221;. Legend\u00e4re Worte, die den Beginn der Geschichte von FruitMasters markierten.<\/p>\n<h2>Totaalpakket fruit<\/h2>\n<p dir=\"LTR\" align=\"LEFT\">Nat\u00fcrlich ist die Co\u00f6peratieve Fruitveiling Geldermalsen nicht das einzige Versteigerungsunternehmen in den Niederlanden. Um die Effizienz zu verbessern und den Absatz anzukurbeln, beschlossen drei Versteigerungsunternehmen zu fusionieren. Gesagt, getan: Die Groente- en fruitveiling Rijn-Waal-Maas B.V., die Fruitveiling Wijk bij Duurstede en omstreken und die Fruitveiling Geldermalsen EO schlossen sich zur FruitMastersGroup zusammen. Im Jahr 2001 kam das Handelsunternehmen Nico de Jong B.V. hinzu, das sich vor allem auf die L\u00e4nder der s\u00fcdlichen Hemisph\u00e4re konzentriert. Da Kunden immer h\u00e4ufiger ein komplettes Obstsortiment erwarten, entschied man sich im Jahr 2003 zur \u00dcbernahme der Citronas Group. Das Wissen und die Erfahrung der dazugeh\u00f6rigen Betriebe (MFL und Indigo SAS) st\u00e4rken die Position von FruitMasters noch zus\u00e4tzlich. Schlie\u00dflich kann FruitMasters jetzt problemlos ein \u201eGesamtpaket Obst&#8221; anbieten.<\/p>\n<h2>Royal FruitMasters<\/h2>\n<p dir=\"LTR\" align=\"LEFT\">Zu seinem 100-j\u00e4hrigen Bestehen erhielt FruitMasters das ehrenvolle Pr\u00e4dikat \u201ek\u00f6niglich&#8221;. FruitMasters ist in den letzten Jahren zum verl\u00e4ngerten Arm der Erzeuger geworden. Dank seiner kontinuierlichen Weiterentwicklung seit Anfang 1904 konnte sich Fruitmasters im vergangenen Jahrhundert als wichtiger Akteur am europ\u00e4ischen Obstmarkt positionieren. Auch in den kommenden Jahrzehnten wird FruitMasters alles daran setzen, seine unentbehrliche Stellung am Obstmarkt zu erhalten und auszubauen.<\/p>\n<p>&nbsp;<\/p>\n<p>&nbsp;<\/p>\n","protected":false},"excerpt":{"rendered":"<p>Geschichte von\u00a0FruitMasters Die Geschichte van FruitMasters begann am 4. Mai 1904. An diesem Tag wurde die \u201eVeiling Vereeniging Geldermalsen en Omstreken&#8221; (Versteigerungsverein Geldermalsen und Umgebung) gegr\u00fcndet. Die 34 Mitglieder schauten damals erwartungsvoll auf die allererste Kirschenversteigerung, die in der Scheune eines Mitglieds stattfand. F\u00fcr einen kurzen Moment sah es danach aus, als w\u00fcrde die Initiative [&hellip;]<\/p>\n","protected":false},"author":7,"featured_media":0,"parent":26,"menu_order":0,"comment_status":"closed","ping_status":"closed","template":"page-wideheader.php","meta":{"footnotes":""},"acf":[],"_links":{"self":[{"href":"https:\/\/fruitmasters.com\/de\/wp-json\/wp\/v2\/pages\/152"}],"collection":[{"href":"https:\/\/fruitmasters.com\/de\/wp-json\/wp\/v2\/pages"}],"about":[{"href":"https:\/\/fruitmasters.com\/de\/wp-json\/wp\/v2\/types\/page"}],"author":[{"embeddable":true,"href":"https:\/\/fruitmasters.com\/de\/wp-json\/wp\/v2\/users\/7"}],"replies":[{"embeddable":true,"href":"https:\/\/fruitmasters.com\/de\/wp-json\/wp\/v2\/comments?post=152"}],"version-history":[{"count":13,"href":"https:\/\/fruitmasters.com\/de\/wp-json\/wp\/v2\/pages\/152\/revisions"}],"predecessor-version":[{"id":1655,"href":"https:\/\/fruitmasters.com\/de\/wp-json\/wp\/v2\/pages\/152\/revisions\/1655"}],"up":[{"embeddable":true,"href":"https:\/\/fruitmasters.com\/de\/wp-json\/wp\/v2\/pages\/26"}],"wp:attachment":[{"href":"https:\/\/fruitmasters.com\/de\/wp-json\/wp\/v2\/media?parent=152"}],"curies":[{"name":"wp","href":"https:\/\/api.w.org\/{rel}","templated":true}]}}