{"id":154,"date":"2016-10-11T10:36:33","date_gmt":"2016-10-11T10:36:33","guid":{"rendered":"http:\/\/fruitmasters.com\/nl\/?page_id=154"},"modified":"2021-08-02T10:58:52","modified_gmt":"2021-08-02T10:58:52","slug":"arbeiten-bei","status":"publish","type":"page","link":"https:\/\/fruitmasters.com\/de\/organisation\/arbeiten-bei\/","title":{"rendered":"Arbeiten bei"},"content":{"rendered":"<h1>Arbeiten bei FruitMasters<\/h1>\n<p class=\"twocol\" dir=\"LTR\" align=\"LEFT\">Suchen Sie eine interessante Stelle in der Obstindustrie? FruitMasters ist ein internationales, zugleich aber auch stark lokal ausgerichtetes Unternehmen. Tausende von Mitarbeitern unserer Genossenschaft setzen alles daran, das Beste aus Mensch und Natur zu holen. Unsere Aufgabe ist es, Menschen in aller Welt mit Obst zu versorgen, das mit Liebe und Sorgfalt von unseren Erzeugern angebaut wird. Diese Aufgabe k\u00f6nnen wir nur mit motivierten, gut geschulten Mitarbeitern erf\u00fcllen. M\u00f6chten Sie wissen, welche Rolle Sie dabei spielen k\u00f6nnen? Dann schauen Sie sich unsere Stellenangebote an.<\/p>\n","protected":false},"excerpt":{"rendered":"<p>Arbeiten bei FruitMasters Suchen Sie eine interessante Stelle in der Obstindustrie? FruitMasters ist ein internationales, zugleich aber auch stark lokal ausgerichtetes Unternehmen. Tausende von Mitarbeitern unserer Genossenschaft setzen alles daran, das Beste aus Mensch und Natur zu holen. Unsere Aufgabe ist es, Menschen in aller Welt mit Obst zu versorgen, das mit Liebe und Sorgfalt [&hellip;]<\/p>\n","protected":false},"author":7,"featured_media":0,"parent":26,"menu_order":0,"comment_status":"closed","ping_status":"closed","template":"page-wideheader.php","meta":{"footnotes":""},"acf":[],"_links":{"self":[{"href":"https:\/\/fruitmasters.com\/de\/wp-json\/wp\/v2\/pages\/154"}],"collection":[{"href":"https:\/\/fruitmasters.com\/de\/wp-json\/wp\/v2\/pages"}],"about":[{"href":"https:\/\/fruitmasters.com\/de\/wp-json\/wp\/v2\/types\/page"}],"author":[{"embeddable":true,"href":"https:\/\/fruitmasters.com\/de\/wp-json\/wp\/v2\/users\/7"}],"replies":[{"embeddable":true,"href":"https:\/\/fruitmasters.com\/de\/wp-json\/wp\/v2\/comments?post=154"}],"version-history":[{"count":25,"href":"https:\/\/fruitmasters.com\/de\/wp-json\/wp\/v2\/pages\/154\/revisions"}],"predecessor-version":[{"id":2003,"href":"https:\/\/fruitmasters.com\/de\/wp-json\/wp\/v2\/pages\/154\/revisions\/2003"}],"up":[{"embeddable":true,"href":"https:\/\/fruitmasters.com\/de\/wp-json\/wp\/v2\/pages\/26"}],"wp:attachment":[{"href":"https:\/\/fruitmasters.com\/de\/wp-json\/wp\/v2\/media?parent=154"}],"curies":[{"name":"wp","href":"https:\/\/api.w.org\/{rel}","templated":true}]}}