{"id":176,"date":"2016-10-11T11:47:58","date_gmt":"2016-10-11T11:47:58","guid":{"rendered":"http:\/\/fruitmasters.com\/nl\/?post_type=product&#038;p=176"},"modified":"2020-10-30T10:12:36","modified_gmt":"2020-10-30T10:12:36","slug":"elstar","status":"publish","type":"page","link":"https:\/\/fruitmasters.com\/de\/produkte\/apfel\/elstar\/","title":{"rendered":"Elstar"},"content":{"rendered":"<h1>Elstar<\/h1>\n<p>Elstar ist eine Kreuzung zwischen Ingrid Marie und Golden Delicious. Der Apfel hat eine gleichm\u00e4\u00dfige Form und von Natur aus rote Apfelb\u00e4ckchen auf einer gelbgr\u00fcnen Grundfarbe. Das Fruchtfleisch ist sahnig wei\u00df, lecker saftig und fest. Dieser Apfel hat einen wunderbar frischen, s\u00fc\u00dfen Geschmack und einen festen, saftigen Biss.<\/p>\n<p><img loading=\"lazy\" decoding=\"async\" class=\"alignright wp-image-1866 size-medium\" src=\"https:\/\/fruitmasters.com\/de\/wp-content\/uploads\/sites\/7\/2020\/04\/2020_Packshot_Elstar_500x500px-300x300.png\" alt=\"\" width=\"300\" height=\"300\" srcset=\"https:\/\/fruitmasters.com\/de\/wp-content\/uploads\/sites\/7\/2020\/04\/2020_Packshot_Elstar_500x500px-300x300.png 300w, https:\/\/fruitmasters.com\/de\/wp-content\/uploads\/sites\/7\/2020\/04\/2020_Packshot_Elstar_500x500px-150x150.png 150w, https:\/\/fruitmasters.com\/de\/wp-content\/uploads\/sites\/7\/2020\/04\/2020_Packshot_Elstar_500x500px.png 500w\" sizes=\"(max-width: 300px) 100vw, 300px\" \/><\/p>\n<p>&nbsp;<\/p>\n<h2>\u00a0Apfelzucht<\/h2>\n<p>Der Elstar wird mit gr\u00f6\u00dfter Sorgfalt von zahlreichen Obstz\u00fcchtern in den Niederlanden in Gebieten mit besonders fruchtbarem Boden angebaut. Bekannte Anbaugebiete sind das Flussgebiet von Utrecht und Gelderland, die H\u00fcgellandschaften S\u00fcdlimburgs sowie Zuid-Beveland in Seeland. Der Boden in diesen Gebieten ist reich an Mineralien und nimmt genug Wasser auf. Beste Bedingungen f\u00fcr hervorragendes Gedeihen der B\u00e4ume! Das Ergebnis: vollmundige, qualitativ ausgezeichnete \u00c4pfel. St\u00e4ndige Qualit\u00e4tskontrollen \u00fcberlassen dabei nichts dem Zufall.<\/p>\n","protected":false},"excerpt":{"rendered":"<p>Elstar Elstar ist eine Kreuzung zwischen Ingrid Marie und Golden Delicious. Der Apfel hat eine gleichm\u00e4\u00dfige Form und von Natur aus rote Apfelb\u00e4ckchen auf einer gelbgr\u00fcnen Grundfarbe. Das Fruchtfleisch ist sahnig wei\u00df, lecker saftig und fest. Dieser Apfel hat einen wunderbar frischen, s\u00fc\u00dfen Geschmack und einen festen, saftigen Biss. &nbsp; \u00a0Apfelzucht Der Elstar wird mit [&hellip;]<\/p>\n","protected":false},"author":7,"featured_media":0,"parent":730,"menu_order":0,"comment_status":"closed","ping_status":"closed","template":"page-wideheader.php","meta":{"footnotes":""},"acf":[],"_links":{"self":[{"href":"https:\/\/fruitmasters.com\/de\/wp-json\/wp\/v2\/pages\/176"}],"collection":[{"href":"https:\/\/fruitmasters.com\/de\/wp-json\/wp\/v2\/pages"}],"about":[{"href":"https:\/\/fruitmasters.com\/de\/wp-json\/wp\/v2\/types\/page"}],"author":[{"embeddable":true,"href":"https:\/\/fruitmasters.com\/de\/wp-json\/wp\/v2\/users\/7"}],"replies":[{"embeddable":true,"href":"https:\/\/fruitmasters.com\/de\/wp-json\/wp\/v2\/comments?post=176"}],"version-history":[{"count":9,"href":"https:\/\/fruitmasters.com\/de\/wp-json\/wp\/v2\/pages\/176\/revisions"}],"predecessor-version":[{"id":1998,"href":"https:\/\/fruitmasters.com\/de\/wp-json\/wp\/v2\/pages\/176\/revisions\/1998"}],"up":[{"embeddable":true,"href":"https:\/\/fruitmasters.com\/de\/wp-json\/wp\/v2\/pages\/730"}],"wp:attachment":[{"href":"https:\/\/fruitmasters.com\/de\/wp-json\/wp\/v2\/media?parent=176"}],"curies":[{"name":"wp","href":"https:\/\/api.w.org\/{rel}","templated":true}]}}