{"id":178,"date":"2016-10-11T11:49:12","date_gmt":"2016-10-11T11:49:12","guid":{"rendered":"http:\/\/fruitmasters.com\/nl\/?post_type=product&#038;p=178"},"modified":"2020-04-15T14:21:49","modified_gmt":"2020-04-15T14:21:49","slug":"ecoxs-orange-pippin","status":"publish","type":"page","link":"https:\/\/fruitmasters.com\/de\/produkte\/apfel\/ecoxs-orange-pippin\/","title":{"rendered":"Cox&#8217;s Orange Pippin"},"content":{"rendered":"<h1><img loading=\"lazy\" decoding=\"async\" class=\"alignright wp-image-1860 size-medium\" src=\"https:\/\/fruitmasters.com\/de\/wp-content\/uploads\/sites\/7\/2020\/04\/2020_Packshot_Cox_500x500px-300x300.png\" alt=\"\" width=\"300\" height=\"300\" srcset=\"https:\/\/fruitmasters.com\/de\/wp-content\/uploads\/sites\/7\/2020\/04\/2020_Packshot_Cox_500x500px-300x300.png 300w, https:\/\/fruitmasters.com\/de\/wp-content\/uploads\/sites\/7\/2020\/04\/2020_Packshot_Cox_500x500px-150x150.png 150w, https:\/\/fruitmasters.com\/de\/wp-content\/uploads\/sites\/7\/2020\/04\/2020_Packshot_Cox_500x500px.png 500w\" sizes=\"(max-width: 300px) 100vw, 300px\" \/><\/h1>\n<h1>Cox\u2019s Orange Pippin (Cox Orange Pippin)<\/h1>\n<p>Cox\u2019s Orange Pippin (Cox Orange Pippin) ist ein Apfel mit breiter, gleichm\u00e4\u00dfiger Form. Er hat eine hellgr\u00fcne Schale, die sich w\u00e4hrend des Reifeprozesses gelbgr\u00fcn mit einem leichten Orangeton verf\u00e4rbt und vereinzelte rostfarbene Farbflecken im Stielbereich entwickelt. Das gelbe Fruchtfleisch ist knackig und ausgesprochen saftig. Dieser Apfel hat einen angenehmen, leicht s\u00e4uerlichen Geschmack und ein ausgepr\u00e4gtes Aroma.<\/p>\n<h2>Apfelzucht<\/h2>\n<p>Der Cox Orange Pippin wird mit gr\u00f6\u00dfter Sorgfalt von zahlreichen Obstz\u00fcchtern in den Niederlanden in Gebieten mit besonders fruchtbarem Boden angebaut. Bekannte Anbaugebiete sind das Flussgebiet von Utrecht und Gelderland, die H\u00fcgellandschaften S\u00fcdlimburgs sowie Zuid-Beveland in Seeland. Der Boden in diesen Gebieten ist reich an Mineralien und nimmt genug Wasser auf. Beste Bedingungen f\u00fcr hervorragendes Gedeihen der B\u00e4ume! Das Ergebnis: vollmundige, qualitativ ausgezeichnete \u00c4pfel. St\u00e4ndige Qualit\u00e4tskontrollen \u00fcberlassen dabei nichts dem Zufall.<\/p>\n","protected":false},"excerpt":{"rendered":"<p>Cox\u2019s Orange Pippin (Cox Orange Pippin) Cox\u2019s Orange Pippin (Cox Orange Pippin) ist ein Apfel mit breiter, gleichm\u00e4\u00dfiger Form. Er hat eine hellgr\u00fcne Schale, die sich w\u00e4hrend des Reifeprozesses gelbgr\u00fcn mit einem leichten Orangeton verf\u00e4rbt und vereinzelte rostfarbene Farbflecken im Stielbereich entwickelt. Das gelbe Fruchtfleisch ist knackig und ausgesprochen saftig. Dieser Apfel hat einen angenehmen, [&hellip;]<\/p>\n","protected":false},"author":7,"featured_media":0,"parent":730,"menu_order":0,"comment_status":"closed","ping_status":"closed","template":"page-wideheader.php","meta":{"footnotes":""},"acf":[],"_links":{"self":[{"href":"https:\/\/fruitmasters.com\/de\/wp-json\/wp\/v2\/pages\/178"}],"collection":[{"href":"https:\/\/fruitmasters.com\/de\/wp-json\/wp\/v2\/pages"}],"about":[{"href":"https:\/\/fruitmasters.com\/de\/wp-json\/wp\/v2\/types\/page"}],"author":[{"embeddable":true,"href":"https:\/\/fruitmasters.com\/de\/wp-json\/wp\/v2\/users\/7"}],"replies":[{"embeddable":true,"href":"https:\/\/fruitmasters.com\/de\/wp-json\/wp\/v2\/comments?post=178"}],"version-history":[{"count":7,"href":"https:\/\/fruitmasters.com\/de\/wp-json\/wp\/v2\/pages\/178\/revisions"}],"predecessor-version":[{"id":1915,"href":"https:\/\/fruitmasters.com\/de\/wp-json\/wp\/v2\/pages\/178\/revisions\/1915"}],"up":[{"embeddable":true,"href":"https:\/\/fruitmasters.com\/de\/wp-json\/wp\/v2\/pages\/730"}],"wp:attachment":[{"href":"https:\/\/fruitmasters.com\/de\/wp-json\/wp\/v2\/media?parent=178"}],"curies":[{"name":"wp","href":"https:\/\/api.w.org\/{rel}","templated":true}]}}