{"id":179,"date":"2016-10-11T11:49:37","date_gmt":"2016-10-11T11:49:37","guid":{"rendered":"http:\/\/fruitmasters.com\/nl\/?post_type=product&#038;p=179"},"modified":"2020-04-15T14:24:39","modified_gmt":"2020-04-15T14:24:39","slug":"goudreinet","status":"publish","type":"page","link":"https:\/\/fruitmasters.com\/de\/produkte\/apfel\/goudreinet\/","title":{"rendered":"Goudreinet (Goldrenette)"},"content":{"rendered":"<h1><img loading=\"lazy\" decoding=\"async\" class=\"alignright wp-image-1873 size-medium\" src=\"https:\/\/fruitmasters.com\/de\/wp-content\/uploads\/sites\/7\/2020\/04\/2020_Packshot_Goudreinet_500x500px-300x300.png\" alt=\"\" width=\"300\" height=\"300\" srcset=\"https:\/\/fruitmasters.com\/de\/wp-content\/uploads\/sites\/7\/2020\/04\/2020_Packshot_Goudreinet_500x500px-300x300.png 300w, https:\/\/fruitmasters.com\/de\/wp-content\/uploads\/sites\/7\/2020\/04\/2020_Packshot_Goudreinet_500x500px-150x150.png 150w, https:\/\/fruitmasters.com\/de\/wp-content\/uploads\/sites\/7\/2020\/04\/2020_Packshot_Goudreinet_500x500px.png 500w\" sizes=\"(max-width: 300px) 100vw, 300px\" \/><\/h1>\n<h1>Goudreinet (Goldrenette)<\/h1>\n<p>Goudreinet (Goldrenette) ist ein s\u00fc\u00dfsaurer Apfel mit weichem Fruchtfleisch, der gerne f\u00fcr die Herstellung von Apfelmus benutzt wird. Er ist aber auch sonst ausgesprochen vielseitig verwendbar, z.B. f\u00fcr Saft, Apfelkugeln, Geb\u00e4ck und Salate. Die Farbe der Schale variiert von gr\u00fcngelb bis hin zu einem bronze\u00e4hnlichen Ton und wird oftmals von roten Apfelb\u00e4ckchen verziert.<\/p>\n<p>&nbsp;<\/p>\n<h2>\u00a0Apfelzucht<\/h2>\n<p>Der Goudreinet wird mit gr\u00f6\u00dfter Sorgfalt von zahlreichen Obstz\u00fcchtern in den Niederlanden in Gebieten mit besonders fruchtbarem Boden angebaut. Bekannte Anbaugebiete sind das Flussgebiet von Utrecht und Gelderland, die H\u00fcgellandschaften S\u00fcdlimburgs sowie Zuid-Beveland in Seeland. Der Boden in diesen Gebieten ist reich an Mineralien und nimmt genug Wasser auf. Beste Bedingungen f\u00fcr hervorragendes Gedeihen der B\u00e4ume! Das Ergebnis: vollmundige, qualitativ ausgezeichnete \u00c4pfel. St\u00e4ndige Qualit\u00e4tskontrollen \u00fcberlassen dabei nichts dem Zufall.<\/p>\n","protected":false},"excerpt":{"rendered":"<p>Goudreinet (Goldrenette) Goudreinet (Goldrenette) ist ein s\u00fc\u00dfsaurer Apfel mit weichem Fruchtfleisch, der gerne f\u00fcr die Herstellung von Apfelmus benutzt wird. Er ist aber auch sonst ausgesprochen vielseitig verwendbar, z.B. f\u00fcr Saft, Apfelkugeln, Geb\u00e4ck und Salate. Die Farbe der Schale variiert von gr\u00fcngelb bis hin zu einem bronze\u00e4hnlichen Ton und wird oftmals von roten Apfelb\u00e4ckchen verziert. [&hellip;]<\/p>\n","protected":false},"author":7,"featured_media":0,"parent":730,"menu_order":0,"comment_status":"closed","ping_status":"closed","template":"page-wideheader.php","meta":{"footnotes":""},"acf":[],"_links":{"self":[{"href":"https:\/\/fruitmasters.com\/de\/wp-json\/wp\/v2\/pages\/179"}],"collection":[{"href":"https:\/\/fruitmasters.com\/de\/wp-json\/wp\/v2\/pages"}],"about":[{"href":"https:\/\/fruitmasters.com\/de\/wp-json\/wp\/v2\/types\/page"}],"author":[{"embeddable":true,"href":"https:\/\/fruitmasters.com\/de\/wp-json\/wp\/v2\/users\/7"}],"replies":[{"embeddable":true,"href":"https:\/\/fruitmasters.com\/de\/wp-json\/wp\/v2\/comments?post=179"}],"version-history":[{"count":8,"href":"https:\/\/fruitmasters.com\/de\/wp-json\/wp\/v2\/pages\/179\/revisions"}],"predecessor-version":[{"id":1921,"href":"https:\/\/fruitmasters.com\/de\/wp-json\/wp\/v2\/pages\/179\/revisions\/1921"}],"up":[{"embeddable":true,"href":"https:\/\/fruitmasters.com\/de\/wp-json\/wp\/v2\/pages\/730"}],"wp:attachment":[{"href":"https:\/\/fruitmasters.com\/de\/wp-json\/wp\/v2\/media?parent=179"}],"curies":[{"name":"wp","href":"https:\/\/api.w.org\/{rel}","templated":true}]}}