{"id":183,"date":"2016-10-11T11:51:24","date_gmt":"2016-10-11T11:51:24","guid":{"rendered":"http:\/\/fruitmasters.com\/nl\/?post_type=product&#038;p=183"},"modified":"2020-04-15T14:23:58","modified_gmt":"2020-04-15T14:23:58","slug":"fuji","status":"publish","type":"page","link":"https:\/\/fruitmasters.com\/de\/produkte\/apfel\/fuji\/","title":{"rendered":"Fuji"},"content":{"rendered":"<h1>Fuji<\/h1>\n<p><img loading=\"lazy\" decoding=\"async\" class=\"alignright wp-image-1869 size-medium\" src=\"https:\/\/fruitmasters.com\/de\/wp-content\/uploads\/sites\/7\/2020\/04\/2020_Packshot_Fuji_500x500px-300x300.png\" alt=\"\" width=\"300\" height=\"300\" srcset=\"https:\/\/fruitmasters.com\/de\/wp-content\/uploads\/sites\/7\/2020\/04\/2020_Packshot_Fuji_500x500px-300x300.png 300w, https:\/\/fruitmasters.com\/de\/wp-content\/uploads\/sites\/7\/2020\/04\/2020_Packshot_Fuji_500x500px-150x150.png 150w, https:\/\/fruitmasters.com\/de\/wp-content\/uploads\/sites\/7\/2020\/04\/2020_Packshot_Fuji_500x500px.png 500w\" sizes=\"(max-width: 300px) 100vw, 300px\" \/><\/p>\n<p>Fuji ist ein harter Apfel mit gleichm\u00e4\u00dfiger Form. Seine gelbgr\u00fcne Grundfarbe wandelt sich w\u00e4hrend des Reifeprozesses in eine braun- oder dunkelrote Deckfarbe. Das Fruchtfleisch ist fest und knackig. Dieser Apfel hat einen wunderbar s\u00fc\u00dfen Geschmack und ein angenehmes Aroma.<\/p>\n<h2>Apfelzucht<\/h2>\n<p>Der Fuji wird mit gr\u00f6\u00dfter Sorgfalt von zahlreichen Obstz\u00fcchtern in den Niederlanden in Gebieten mit besonders fruchtbarem Boden angebaut. Bekannte Anbaugebiete sind das Flussgebiet von Utrecht und Gelderland, die H\u00fcgellandschaften S\u00fcdlimburgs sowie Zuid-Beveland in Seeland. Der Boden in diesen Gebieten ist reich an Mineralien und nimmt genug Wasser auf. Beste Bedingungen f\u00fcr hervorragendes Gedeihen der B\u00e4ume! Das Ergebnis: vollmundige, qualitativ ausgezeichnete \u00c4pfel. St\u00e4ndige Qualit\u00e4tskontrollen \u00fcberlassen dabei nichts dem Zufall.<\/p>\n","protected":false},"excerpt":{"rendered":"<p>Fuji Fuji ist ein harter Apfel mit gleichm\u00e4\u00dfiger Form. Seine gelbgr\u00fcne Grundfarbe wandelt sich w\u00e4hrend des Reifeprozesses in eine braun- oder dunkelrote Deckfarbe. Das Fruchtfleisch ist fest und knackig. Dieser Apfel hat einen wunderbar s\u00fc\u00dfen Geschmack und ein angenehmes Aroma. Apfelzucht Der Fuji wird mit gr\u00f6\u00dfter Sorgfalt von zahlreichen Obstz\u00fcchtern in den Niederlanden in Gebieten [&hellip;]<\/p>\n","protected":false},"author":7,"featured_media":0,"parent":730,"menu_order":0,"comment_status":"closed","ping_status":"closed","template":"page-wideheader.php","meta":{"footnotes":""},"acf":[],"_links":{"self":[{"href":"https:\/\/fruitmasters.com\/de\/wp-json\/wp\/v2\/pages\/183"}],"collection":[{"href":"https:\/\/fruitmasters.com\/de\/wp-json\/wp\/v2\/pages"}],"about":[{"href":"https:\/\/fruitmasters.com\/de\/wp-json\/wp\/v2\/types\/page"}],"author":[{"embeddable":true,"href":"https:\/\/fruitmasters.com\/de\/wp-json\/wp\/v2\/users\/7"}],"replies":[{"embeddable":true,"href":"https:\/\/fruitmasters.com\/de\/wp-json\/wp\/v2\/comments?post=183"}],"version-history":[{"count":7,"href":"https:\/\/fruitmasters.com\/de\/wp-json\/wp\/v2\/pages\/183\/revisions"}],"predecessor-version":[{"id":1919,"href":"https:\/\/fruitmasters.com\/de\/wp-json\/wp\/v2\/pages\/183\/revisions\/1919"}],"up":[{"embeddable":true,"href":"https:\/\/fruitmasters.com\/de\/wp-json\/wp\/v2\/pages\/730"}],"wp:attachment":[{"href":"https:\/\/fruitmasters.com\/de\/wp-json\/wp\/v2\/media?parent=183"}],"curies":[{"name":"wp","href":"https:\/\/api.w.org\/{rel}","templated":true}]}}