{"id":1832,"date":"2020-03-11T14:42:10","date_gmt":"2020-03-11T14:42:10","guid":{"rendered":"http:\/\/fruitmasters.com\/de\/?page_id=1832"},"modified":"2023-10-18T06:36:16","modified_gmt":"2023-10-18T06:36:16","slug":"impressum","status":"publish","type":"page","link":"https:\/\/fruitmasters.com\/de\/impressum\/","title":{"rendered":"Impressum"},"content":{"rendered":"<h1>Impressum<\/h1>\n<p>Transparenz und offene Kommunikation sind innerhalb f\u00fcr uns selbstverst\u00e4ndlich. Wichtige Informationen \u00fcber uns und wie Sie einfach Kontakt zur FruitMasters aufnehmen k\u00f6nnen, finden Sie hier.<\/p>\n<h2>Fruitmasters Holland B.V.<\/h2>\n<p>Die Fruitmasters Holland B.V. ist eine Gesellschaft mit beschr\u00e4nkter Haftung nach niederl\u00e4ndischem Recht mit Hauptsitz in Geldermalsen.<\/p>\n<h3>Vorsitzender des Vorstands:<\/h3>\n<ul>\n<li>Jan Verkooijen<\/li>\n<\/ul>\n<h3>Vorstand:<\/h3>\n<ul>\n<li>Adriaan Vis<\/li>\n<\/ul>\n<h3>Postanschrift:<\/h3>\n<p>Deilseweg 7, 4191NX Geldermalsen Niederlande<br \/>\nTel.: +31 \u2013 345 578 800<br \/>\nTel.: +31 \u2013 345 578 803<\/p>\n<h3>Kundenbetreuung:<\/h3>\n<p>E-Mail: info@fruitmasters.com<br \/>\nTel.: +31 \u2013 345 578 800<\/p>\n<p>Die Fruitmasters Holland B.V.ist im Handelsregister unter der Nr. 11018591 eingetragen.<br \/>\nDie Umsatzsteueridentifikationsnummer die Fruitmasters Holland B.V. ist NL007734773B01.<\/p>\n<h2>Fruitmasters Deutschland GmbH<\/h2>\n<p>Die Fruitmasters Deutschland GmbH ist ein Gesellschaft mit beschr\u00e4nkter Haftung deutschen Recht mit Hauptsitz in M\u00fcnster.<\/p>\n<h3>Vorstand:<\/h3>\n<ul>\n<li>J\u00f6rn Hackl\u00e4nder<\/li>\n<\/ul>\n<h3>Postanschrift:<\/h3>\n<p>Gustav- Stresemann- Weg 48, D-48155 M\u00fcnster Deutschland<br \/>\nTel.: +49 \u2013 2516 181 0<br \/>\nFax: +49 \u2013 2516 181 130<\/p>\n<h3>Kundenbetreuung:<\/h3>\n<p>E-Mail: info@fruitmasters.de<\/p>\n<p>Die Fruitmasters Deutschland GmbH ist im Handelsregister des Amtsgerichts M\u00fcnster unter der Nr. HRB 5653 eingetragen.<\/p>\n<p>Die Umsatzsteueridentifikationsnummer die Fruitmasters Deutschland GmbH ist DE 126046695.<\/p>\n<p>Fruitmasters ist zur Teilnahme an einem Streitbeilegungsverfahren vor einer Verbraucherschlichtungsstelle weder bereit noch dazu verpflichtet.<\/p>\n","protected":false},"excerpt":{"rendered":"<p>Impressum Transparenz und offene Kommunikation sind innerhalb f\u00fcr uns selbstverst\u00e4ndlich. Wichtige Informationen \u00fcber uns und wie Sie einfach Kontakt zur FruitMasters aufnehmen k\u00f6nnen, finden Sie hier. Fruitmasters Holland B.V. Die Fruitmasters Holland B.V. ist eine Gesellschaft mit beschr\u00e4nkter Haftung nach niederl\u00e4ndischem Recht mit Hauptsitz in Geldermalsen. Vorsitzender des Vorstands: Jan Verkooijen Vorstand: Adriaan Vis Postanschrift: [&hellip;]<\/p>\n","protected":false},"author":12,"featured_media":0,"parent":0,"menu_order":0,"comment_status":"closed","ping_status":"closed","template":"","meta":{"footnotes":""},"acf":[],"_links":{"self":[{"href":"https:\/\/fruitmasters.com\/de\/wp-json\/wp\/v2\/pages\/1832"}],"collection":[{"href":"https:\/\/fruitmasters.com\/de\/wp-json\/wp\/v2\/pages"}],"about":[{"href":"https:\/\/fruitmasters.com\/de\/wp-json\/wp\/v2\/types\/page"}],"author":[{"embeddable":true,"href":"https:\/\/fruitmasters.com\/de\/wp-json\/wp\/v2\/users\/12"}],"replies":[{"embeddable":true,"href":"https:\/\/fruitmasters.com\/de\/wp-json\/wp\/v2\/comments?post=1832"}],"version-history":[{"count":2,"href":"https:\/\/fruitmasters.com\/de\/wp-json\/wp\/v2\/pages\/1832\/revisions"}],"predecessor-version":[{"id":2064,"href":"https:\/\/fruitmasters.com\/de\/wp-json\/wp\/v2\/pages\/1832\/revisions\/2064"}],"wp:attachment":[{"href":"https:\/\/fruitmasters.com\/de\/wp-json\/wp\/v2\/media?parent=1832"}],"curies":[{"name":"wp","href":"https:\/\/api.w.org\/{rel}","templated":true}]}}