{"id":185,"date":"2016-10-11T11:52:07","date_gmt":"2016-10-11T11:52:07","guid":{"rendered":"http:\/\/fruitmasters.com\/nl\/?post_type=product&#038;p=185"},"modified":"2020-10-30T10:13:02","modified_gmt":"2020-10-30T10:13:02","slug":"jonagold-decosta","status":"publish","type":"page","link":"https:\/\/fruitmasters.com\/de\/produkte\/apfel\/jonagold-decosta\/","title":{"rendered":"Jonagold"},"content":{"rendered":"<h1>Jonagold<\/h1>\n<p><img loading=\"lazy\" decoding=\"async\" class=\"alignright wp-image-1879 size-medium\" src=\"https:\/\/fruitmasters.com\/de\/wp-content\/uploads\/sites\/7\/2020\/04\/2020_Packshot_Jonagold_500x500px-300x300.png\" alt=\"\" width=\"300\" height=\"300\" srcset=\"https:\/\/fruitmasters.com\/de\/wp-content\/uploads\/sites\/7\/2020\/04\/2020_Packshot_Jonagold_500x500px-300x300.png 300w, https:\/\/fruitmasters.com\/de\/wp-content\/uploads\/sites\/7\/2020\/04\/2020_Packshot_Jonagold_500x500px-150x150.png 150w, https:\/\/fruitmasters.com\/de\/wp-content\/uploads\/sites\/7\/2020\/04\/2020_Packshot_Jonagold_500x500px.png 500w\" sizes=\"(max-width: 300px) 100vw, 300px\" \/><\/p>\n<p>Jonagold ist das Ergebnis einer Kreuzung zwischen Jonathan und Golden Delicious. Der Apfel hat eine sehr gleichm\u00e4\u00dfige Form, eine gelbgr\u00fcne Grundfarbe und orangerote Apfelb\u00e4ckchen. Das feste, hellgelbe Fruchtfleisch ist wunderbar saftig. Dieser Apfel hat einen frischen, s\u00fc\u00dflichen Geschmack und ein verfeinertes Aroma.<\/p>\n<p>&nbsp;<\/p>\n<h2>\u00a0Apfelzucht<\/h2>\n<p>Der Jonagold wird mit gr\u00f6\u00dfter Sorgfalt von zahlreichen Obstz\u00fcchtern in den Niederlanden in Gebieten mit besonders fruchtbarem Boden angebaut. Bekannte Anbaugebiete sind das Flussgebiet von Utrecht und Gelderland, die H\u00fcgellandschaften S\u00fcdlimburgs sowie Zuid-Beveland in Seeland. Der Boden in diesen Gebieten ist reich an Mineralien und nimmt genug Wasser auf. Beste Bedingungen f\u00fcr hervorragendes Gedeihen der B\u00e4ume! Das Ergebnis: vollmundige, qualitativ ausgezeichnete \u00c4pfel. St\u00e4ndige Qualit\u00e4tskontrollen \u00fcberlassen dabei nichts dem Zufall.<\/p>\n","protected":false},"excerpt":{"rendered":"<p>Jonagold Jonagold ist das Ergebnis einer Kreuzung zwischen Jonathan und Golden Delicious. Der Apfel hat eine sehr gleichm\u00e4\u00dfige Form, eine gelbgr\u00fcne Grundfarbe und orangerote Apfelb\u00e4ckchen. Das feste, hellgelbe Fruchtfleisch ist wunderbar saftig. Dieser Apfel hat einen frischen, s\u00fc\u00dflichen Geschmack und ein verfeinertes Aroma. &nbsp; \u00a0Apfelzucht Der Jonagold wird mit gr\u00f6\u00dfter Sorgfalt von zahlreichen Obstz\u00fcchtern in [&hellip;]<\/p>\n","protected":false},"author":7,"featured_media":0,"parent":730,"menu_order":0,"comment_status":"closed","ping_status":"closed","template":"page-wideheader.php","meta":{"footnotes":""},"acf":[],"_links":{"self":[{"href":"https:\/\/fruitmasters.com\/de\/wp-json\/wp\/v2\/pages\/185"}],"collection":[{"href":"https:\/\/fruitmasters.com\/de\/wp-json\/wp\/v2\/pages"}],"about":[{"href":"https:\/\/fruitmasters.com\/de\/wp-json\/wp\/v2\/types\/page"}],"author":[{"embeddable":true,"href":"https:\/\/fruitmasters.com\/de\/wp-json\/wp\/v2\/users\/7"}],"replies":[{"embeddable":true,"href":"https:\/\/fruitmasters.com\/de\/wp-json\/wp\/v2\/comments?post=185"}],"version-history":[{"count":10,"href":"https:\/\/fruitmasters.com\/de\/wp-json\/wp\/v2\/pages\/185\/revisions"}],"predecessor-version":[{"id":1999,"href":"https:\/\/fruitmasters.com\/de\/wp-json\/wp\/v2\/pages\/185\/revisions\/1999"}],"up":[{"embeddable":true,"href":"https:\/\/fruitmasters.com\/de\/wp-json\/wp\/v2\/pages\/730"}],"wp:attachment":[{"href":"https:\/\/fruitmasters.com\/de\/wp-json\/wp\/v2\/media?parent=185"}],"curies":[{"name":"wp","href":"https:\/\/api.w.org\/{rel}","templated":true}]}}