{"id":190,"date":"2016-10-11T11:54:59","date_gmt":"2016-10-11T11:54:59","guid":{"rendered":"http:\/\/fruitmasters.com\/nl\/?post_type=product&#038;p=190"},"modified":"2020-04-15T14:25:15","modified_gmt":"2020-04-15T14:25:15","slug":"greenstar","status":"publish","type":"page","link":"https:\/\/fruitmasters.com\/de\/produkte\/apfel\/greenstar\/","title":{"rendered":"Greenstar"},"content":{"rendered":"<h1>Greenstar<\/h1>\n<p><img loading=\"lazy\" decoding=\"async\" class=\"alignright wp-image-1876 size-medium\" src=\"https:\/\/fruitmasters.com\/de\/wp-content\/uploads\/sites\/7\/2020\/04\/2020_Packshot_Greenstar_500x500px-300x300.png\" alt=\"\" width=\"300\" height=\"300\" srcset=\"https:\/\/fruitmasters.com\/de\/wp-content\/uploads\/sites\/7\/2020\/04\/2020_Packshot_Greenstar_500x500px-300x300.png 300w, https:\/\/fruitmasters.com\/de\/wp-content\/uploads\/sites\/7\/2020\/04\/2020_Packshot_Greenstar_500x500px-150x150.png 150w, https:\/\/fruitmasters.com\/de\/wp-content\/uploads\/sites\/7\/2020\/04\/2020_Packshot_Greenstar_500x500px.png 500w\" sizes=\"(max-width: 300px) 100vw, 300px\" \/><\/p>\n<p>Greenstar ist aus dem Delbare (Delbar) und dem Granny Smith entstanden, zwei sehr bekannten Apfelsorten, die f\u00fcr ihre Saftigkeit und ihren besonders frischen Geschmack bekannt sind. Dieser Apfel ist mittelgro\u00df bis gro\u00df, hat eine ansprechende, gleichm\u00e4\u00dfige Form und eine hellgr\u00fcne Schale. Das feste, ausgesprochen saftige Fruchtfleisch beh\u00e4lt auch nach dem Anschneiden seine attraktive Farbe. Weitere Vorz\u00fcge dieses Apfels sind sein frischer, s\u00e4uerlicher Geschmack und sein angenehmes Aroma.<\/p>\n<p>&nbsp;<\/p>\n<h2>\u00a0Apfelzucht<\/h2>\n<p>Der Greenstar wird mit gr\u00f6\u00dfter Sorgfalt von zahlreichen Obstz\u00fcchtern in den Niederlanden in Gebieten mit besonders fruchtbarem Boden angebaut. Bekannte Anbaugebiete sind das Flussgebiet von Utrecht und Gelderland, die H\u00fcgellandschaften S\u00fcdlimburgs sowie Zuid-Beveland in Seeland. Der Boden in diesen Gebieten ist reich an Mineralien und nimmt genug Wasser auf. Beste Bedingungen f\u00fcr hervorragendes Gedeihen der B\u00e4ume! Das Ergebnis: vollmundige, qualitativ ausgezeichnete \u00c4pfel. St\u00e4ndige Qualit\u00e4tskontrollen \u00fcberlassen dabei nichts dem Zufall.<\/p>\n<p class=\"onecol\">.<\/p>\n","protected":false},"excerpt":{"rendered":"<p>Greenstar Greenstar ist aus dem Delbare (Delbar) und dem Granny Smith entstanden, zwei sehr bekannten Apfelsorten, die f\u00fcr ihre Saftigkeit und ihren besonders frischen Geschmack bekannt sind. Dieser Apfel ist mittelgro\u00df bis gro\u00df, hat eine ansprechende, gleichm\u00e4\u00dfige Form und eine hellgr\u00fcne Schale. Das feste, ausgesprochen saftige Fruchtfleisch beh\u00e4lt auch nach dem Anschneiden seine attraktive Farbe. [&hellip;]<\/p>\n","protected":false},"author":7,"featured_media":0,"parent":730,"menu_order":0,"comment_status":"closed","ping_status":"closed","template":"page-wideheader.php","meta":{"footnotes":""},"acf":[],"_links":{"self":[{"href":"https:\/\/fruitmasters.com\/de\/wp-json\/wp\/v2\/pages\/190"}],"collection":[{"href":"https:\/\/fruitmasters.com\/de\/wp-json\/wp\/v2\/pages"}],"about":[{"href":"https:\/\/fruitmasters.com\/de\/wp-json\/wp\/v2\/types\/page"}],"author":[{"embeddable":true,"href":"https:\/\/fruitmasters.com\/de\/wp-json\/wp\/v2\/users\/7"}],"replies":[{"embeddable":true,"href":"https:\/\/fruitmasters.com\/de\/wp-json\/wp\/v2\/comments?post=190"}],"version-history":[{"count":14,"href":"https:\/\/fruitmasters.com\/de\/wp-json\/wp\/v2\/pages\/190\/revisions"}],"predecessor-version":[{"id":1923,"href":"https:\/\/fruitmasters.com\/de\/wp-json\/wp\/v2\/pages\/190\/revisions\/1923"}],"up":[{"embeddable":true,"href":"https:\/\/fruitmasters.com\/de\/wp-json\/wp\/v2\/pages\/730"}],"wp:attachment":[{"href":"https:\/\/fruitmasters.com\/de\/wp-json\/wp\/v2\/media?parent=190"}],"curies":[{"name":"wp","href":"https:\/\/api.w.org\/{rel}","templated":true}]}}