{"id":192,"date":"2016-10-11T11:56:08","date_gmt":"2016-10-11T11:56:08","guid":{"rendered":"http:\/\/fruitmasters.com\/nl\/?post_type=product&#038;p=192"},"modified":"2020-10-30T10:13:33","modified_gmt":"2020-10-30T10:13:33","slug":"junami","status":"publish","type":"page","link":"https:\/\/fruitmasters.com\/de\/produkte\/apfel\/junami\/","title":{"rendered":"Junami\u00ae"},"content":{"rendered":"<h1>Junami<sup>\u00ae<\/sup><\/h1>\n<p><img loading=\"lazy\" decoding=\"async\" class=\"alignright wp-image-1880 size-medium\" src=\"https:\/\/fruitmasters.com\/de\/wp-content\/uploads\/sites\/7\/2020\/04\/2020_Packshot_Junami_500x500px-300x300.png\" alt=\"\" width=\"300\" height=\"300\" srcset=\"https:\/\/fruitmasters.com\/de\/wp-content\/uploads\/sites\/7\/2020\/04\/2020_Packshot_Junami_500x500px-300x300.png 300w, https:\/\/fruitmasters.com\/de\/wp-content\/uploads\/sites\/7\/2020\/04\/2020_Packshot_Junami_500x500px-150x150.png 150w, https:\/\/fruitmasters.com\/de\/wp-content\/uploads\/sites\/7\/2020\/04\/2020_Packshot_Junami_500x500px.png 500w\" sizes=\"(max-width: 300px) 100vw, 300px\" \/><\/p>\n<p>Junami\u00ae ist eine Kreuzung von Idared, Maigold und Elstar. Seine Schale ist von Natur aus hellgr\u00fcn und verf\u00e4rbt sich w\u00e4hrend des Reifeprozesses hell- bis dunkelrot. Sein Fruchtfleisch ist au\u00dfergew\u00f6hnlich saftig und knackig. Dieser Apfel hat einen frischen, fruchtigen Geschmack.<\/p>\n<p>&nbsp;<\/p>\n<h2>\u00a0Apfelzucht<\/h2>\n<p>Der Junami<sup>\u00ae<\/sup> wird mit gr\u00f6\u00dfter Sorgfalt von zahlreichen Obstz\u00fcchtern in den Niederlanden in Gebieten mit besonders fruchtbarem Boden angebaut. Bekannte Anbaugebiete sind das Flussgebiet von Utrecht und Gelderland, die H\u00fcgellandschaften S\u00fcdlimburgs sowie Zuid-Beveland in Seeland. Der Boden in diesen Gebieten ist reich an Mineralien und nimmt genug Wasser auf. Beste Bedingungen f\u00fcr hervorragendes Gedeihen der B\u00e4ume! Das Ergebnis: vollmundige, qualitativ ausgezeichnete \u00c4pfel. St\u00e4ndige Qualit\u00e4tskontrollen \u00fcberlassen dabei nichts dem Zufall.<\/p>\n","protected":false},"excerpt":{"rendered":"<p>Junami\u00ae Junami\u00ae ist eine Kreuzung von Idared, Maigold und Elstar. Seine Schale ist von Natur aus hellgr\u00fcn und verf\u00e4rbt sich w\u00e4hrend des Reifeprozesses hell- bis dunkelrot. Sein Fruchtfleisch ist au\u00dfergew\u00f6hnlich saftig und knackig. Dieser Apfel hat einen frischen, fruchtigen Geschmack. &nbsp; \u00a0Apfelzucht Der Junami\u00ae wird mit gr\u00f6\u00dfter Sorgfalt von zahlreichen Obstz\u00fcchtern in den Niederlanden in [&hellip;]<\/p>\n","protected":false},"author":7,"featured_media":0,"parent":730,"menu_order":0,"comment_status":"closed","ping_status":"closed","template":"page-wideheader.php","meta":{"footnotes":""},"acf":[],"_links":{"self":[{"href":"https:\/\/fruitmasters.com\/de\/wp-json\/wp\/v2\/pages\/192"}],"collection":[{"href":"https:\/\/fruitmasters.com\/de\/wp-json\/wp\/v2\/pages"}],"about":[{"href":"https:\/\/fruitmasters.com\/de\/wp-json\/wp\/v2\/types\/page"}],"author":[{"embeddable":true,"href":"https:\/\/fruitmasters.com\/de\/wp-json\/wp\/v2\/users\/7"}],"replies":[{"embeddable":true,"href":"https:\/\/fruitmasters.com\/de\/wp-json\/wp\/v2\/comments?post=192"}],"version-history":[{"count":10,"href":"https:\/\/fruitmasters.com\/de\/wp-json\/wp\/v2\/pages\/192\/revisions"}],"predecessor-version":[{"id":2000,"href":"https:\/\/fruitmasters.com\/de\/wp-json\/wp\/v2\/pages\/192\/revisions\/2000"}],"up":[{"embeddable":true,"href":"https:\/\/fruitmasters.com\/de\/wp-json\/wp\/v2\/pages\/730"}],"wp:attachment":[{"href":"https:\/\/fruitmasters.com\/de\/wp-json\/wp\/v2\/media?parent=192"}],"curies":[{"name":"wp","href":"https:\/\/api.w.org\/{rel}","templated":true}]}}