{"id":193,"date":"2016-10-11T11:57:45","date_gmt":"2016-10-11T11:57:45","guid":{"rendered":"http:\/\/fruitmasters.com\/nl\/?post_type=product&#038;p=193"},"modified":"2020-04-15T14:24:57","modified_gmt":"2020-04-15T14:24:57","slug":"granny-smith","status":"publish","type":"page","link":"https:\/\/fruitmasters.com\/de\/produkte\/apfel\/granny-smith\/","title":{"rendered":"Granny Smith"},"content":{"rendered":"<h1>Granny Smith<\/h1>\n<p><img loading=\"lazy\" decoding=\"async\" class=\"alignright wp-image-1874 size-medium\" src=\"https:\/\/fruitmasters.com\/de\/wp-content\/uploads\/sites\/7\/2020\/04\/2020_Packshot_Granny_Smith_500x500px-300x300.png\" alt=\"\" width=\"300\" height=\"300\" srcset=\"https:\/\/fruitmasters.com\/de\/wp-content\/uploads\/sites\/7\/2020\/04\/2020_Packshot_Granny_Smith_500x500px-300x300.png 300w, https:\/\/fruitmasters.com\/de\/wp-content\/uploads\/sites\/7\/2020\/04\/2020_Packshot_Granny_Smith_500x500px-150x150.png 150w, https:\/\/fruitmasters.com\/de\/wp-content\/uploads\/sites\/7\/2020\/04\/2020_Packshot_Granny_Smith_500x500px.png 500w\" sizes=\"(max-width: 300px) 100vw, 300px\" \/><\/p>\n<p>Der Granny Smith ist ein knackiger Apfel mit l\u00e4nglicher Form. Charakteristisch ist seine hellgr\u00fcne, gl\u00e4nzende Schale, die manchmal mit gelben oder rosafarbenen Apfelb\u00e4ckchen verziert sein kann. Das wei\u00dfe, feste Fruchtfleisch ist wunderbar saftig. Dieser Apfel hat einen milden, sauren Geschmack und ein frisches Aroma.<\/p>\n<p>&nbsp;<\/p>\n<h2>Apfelzucht<\/h2>\n<p>Granny Smith ist mit viel Sorgfalt f\u00fcr Ihr gewachsenen durch eine gro\u00dfe Anzahl von Obsterzeuger im Ausland. Granny Smith\u00a0 stammt urspr\u00fcnglich aus Australien, aber es ist jetzt auch in Neuseeland, England und den USA angebaut.<\/p>\n","protected":false},"excerpt":{"rendered":"<p>Granny Smith Der Granny Smith ist ein knackiger Apfel mit l\u00e4nglicher Form. Charakteristisch ist seine hellgr\u00fcne, gl\u00e4nzende Schale, die manchmal mit gelben oder rosafarbenen Apfelb\u00e4ckchen verziert sein kann. Das wei\u00dfe, feste Fruchtfleisch ist wunderbar saftig. Dieser Apfel hat einen milden, sauren Geschmack und ein frisches Aroma. &nbsp; Apfelzucht Granny Smith ist mit viel Sorgfalt f\u00fcr [&hellip;]<\/p>\n","protected":false},"author":7,"featured_media":0,"parent":730,"menu_order":0,"comment_status":"closed","ping_status":"closed","template":"page-wideheader.php","meta":{"footnotes":""},"acf":[],"_links":{"self":[{"href":"https:\/\/fruitmasters.com\/de\/wp-json\/wp\/v2\/pages\/193"}],"collection":[{"href":"https:\/\/fruitmasters.com\/de\/wp-json\/wp\/v2\/pages"}],"about":[{"href":"https:\/\/fruitmasters.com\/de\/wp-json\/wp\/v2\/types\/page"}],"author":[{"embeddable":true,"href":"https:\/\/fruitmasters.com\/de\/wp-json\/wp\/v2\/users\/7"}],"replies":[{"embeddable":true,"href":"https:\/\/fruitmasters.com\/de\/wp-json\/wp\/v2\/comments?post=193"}],"version-history":[{"count":9,"href":"https:\/\/fruitmasters.com\/de\/wp-json\/wp\/v2\/pages\/193\/revisions"}],"predecessor-version":[{"id":1922,"href":"https:\/\/fruitmasters.com\/de\/wp-json\/wp\/v2\/pages\/193\/revisions\/1922"}],"up":[{"embeddable":true,"href":"https:\/\/fruitmasters.com\/de\/wp-json\/wp\/v2\/pages\/730"}],"wp:attachment":[{"href":"https:\/\/fruitmasters.com\/de\/wp-json\/wp\/v2\/media?parent=193"}],"curies":[{"name":"wp","href":"https:\/\/api.w.org\/{rel}","templated":true}]}}