{"id":195,"date":"2016-10-11T11:58:27","date_gmt":"2016-10-11T11:58:27","guid":{"rendered":"http:\/\/fruitmasters.com\/nl\/?post_type=product&#038;p=195"},"modified":"2020-10-30T10:11:43","modified_gmt":"2020-10-30T10:11:43","slug":"royal-gala","status":"publish","type":"page","link":"https:\/\/fruitmasters.com\/de\/produkte\/apfel\/royal-gala\/","title":{"rendered":"Royal Gala"},"content":{"rendered":"<h1>Royal Gala<\/h1>\n<p><img loading=\"lazy\" decoding=\"async\" class=\"alignright wp-image-1870 size-medium\" src=\"https:\/\/fruitmasters.com\/de\/wp-content\/uploads\/sites\/7\/2020\/04\/2020_Packshot_Gala_500x500px-300x300.png\" alt=\"\" width=\"300\" height=\"300\" srcset=\"https:\/\/fruitmasters.com\/de\/wp-content\/uploads\/sites\/7\/2020\/04\/2020_Packshot_Gala_500x500px-300x300.png 300w, https:\/\/fruitmasters.com\/de\/wp-content\/uploads\/sites\/7\/2020\/04\/2020_Packshot_Gala_500x500px-150x150.png 150w, https:\/\/fruitmasters.com\/de\/wp-content\/uploads\/sites\/7\/2020\/04\/2020_Packshot_Gala_500x500px.png 500w\" sizes=\"(max-width: 300px) 100vw, 300px\" \/><\/p>\n<p>Royal Gala ist aus einer Kreuzung zwischen Gala und Elstar entstanden. Dieser knackige, kegelf\u00f6rmige Apfel hat eine gelbgr\u00fcne bis gelbe Grundfarbe und verf\u00e4rbt sich w\u00e4hrend des Reifeprozesses hellrot. Das Fruchtfleisch ist gr\u00fcngelb bis gr\u00fcnlich wei\u00df und ausgesprochen saftig. Der Apfel hat einen charakteristischen, s\u00fc\u00dfen Geschmack und ein \u00fcberraschend frisches Aroma.<\/p>\n<p>&nbsp;<\/p>\n<h2>Apfelzucht<\/h2>\n<p>Die Royal Gala ist mit viel Sorgfalt f\u00fcr Ihr gewachsenen durch eine gro\u00dfe Anzahl von Obstz\u00fcchtern in verschiedenen Lieferl\u00e4nder wie; Frankreich, Neuseeland, S\u00fcdafrika, Argentinien, Brasilien und Chile.<\/p>\n","protected":false},"excerpt":{"rendered":"<p>Royal Gala Royal Gala ist aus einer Kreuzung zwischen Gala und Elstar entstanden. Dieser knackige, kegelf\u00f6rmige Apfel hat eine gelbgr\u00fcne bis gelbe Grundfarbe und verf\u00e4rbt sich w\u00e4hrend des Reifeprozesses hellrot. Das Fruchtfleisch ist gr\u00fcngelb bis gr\u00fcnlich wei\u00df und ausgesprochen saftig. Der Apfel hat einen charakteristischen, s\u00fc\u00dfen Geschmack und ein \u00fcberraschend frisches Aroma. &nbsp; Apfelzucht Die [&hellip;]<\/p>\n","protected":false},"author":7,"featured_media":0,"parent":730,"menu_order":0,"comment_status":"closed","ping_status":"closed","template":"page-wideheader.php","meta":{"footnotes":""},"acf":[],"_links":{"self":[{"href":"https:\/\/fruitmasters.com\/de\/wp-json\/wp\/v2\/pages\/195"}],"collection":[{"href":"https:\/\/fruitmasters.com\/de\/wp-json\/wp\/v2\/pages"}],"about":[{"href":"https:\/\/fruitmasters.com\/de\/wp-json\/wp\/v2\/types\/page"}],"author":[{"embeddable":true,"href":"https:\/\/fruitmasters.com\/de\/wp-json\/wp\/v2\/users\/7"}],"replies":[{"embeddable":true,"href":"https:\/\/fruitmasters.com\/de\/wp-json\/wp\/v2\/comments?post=195"}],"version-history":[{"count":9,"href":"https:\/\/fruitmasters.com\/de\/wp-json\/wp\/v2\/pages\/195\/revisions"}],"predecessor-version":[{"id":1997,"href":"https:\/\/fruitmasters.com\/de\/wp-json\/wp\/v2\/pages\/195\/revisions\/1997"}],"up":[{"embeddable":true,"href":"https:\/\/fruitmasters.com\/de\/wp-json\/wp\/v2\/pages\/730"}],"wp:attachment":[{"href":"https:\/\/fruitmasters.com\/de\/wp-json\/wp\/v2\/media?parent=195"}],"curies":[{"name":"wp","href":"https:\/\/api.w.org\/{rel}","templated":true}]}}