{"id":196,"date":"2016-10-11T11:58:49","date_gmt":"2016-10-11T11:58:49","guid":{"rendered":"http:\/\/fruitmasters.com\/nl\/?post_type=product&#038;p=196"},"modified":"2020-04-15T14:20:34","modified_gmt":"2020-04-15T14:20:34","slug":"braeburn-2","status":"publish","type":"page","link":"https:\/\/fruitmasters.com\/de\/produkte\/apfel\/braeburn-2\/","title":{"rendered":"Braeburn"},"content":{"rendered":"<h1>\u00a0Braeburn<\/h1>\n<p><img loading=\"lazy\" decoding=\"async\" class=\"alignright wp-image-1857 size-medium\" src=\"https:\/\/fruitmasters.com\/de\/wp-content\/uploads\/sites\/7\/2020\/04\/2020_Packshot_Braeburn_500x500px-300x300.png\" alt=\"\" width=\"300\" height=\"300\" srcset=\"https:\/\/fruitmasters.com\/de\/wp-content\/uploads\/sites\/7\/2020\/04\/2020_Packshot_Braeburn_500x500px-300x300.png 300w, https:\/\/fruitmasters.com\/de\/wp-content\/uploads\/sites\/7\/2020\/04\/2020_Packshot_Braeburn_500x500px-150x150.png 150w, https:\/\/fruitmasters.com\/de\/wp-content\/uploads\/sites\/7\/2020\/04\/2020_Packshot_Braeburn_500x500px.png 500w\" sizes=\"(max-width: 300px) 100vw, 300px\" \/><\/p>\n<p>Braeburn ist ein Winterapfel mit einer leicht rechteckigen Form. Er hat von Natur aus eine gr\u00fcngelbe Schale und verf\u00e4rbt sich am Ende des Reifeprozesses dunkelrot. Das Fruchtfleisch ist fest, knackig und ausgesprochen saftig. Dieser Apfel hat einen herrlich s\u00fc\u00dfsauren und wunderbar aromatischen Geschmack.<\/p>\n<p>&nbsp;<\/p>\n<h2>Apfelzucht<\/h2>\n<p>Der Braeburn wird mit gr\u00f6\u00dfter Sorgfalt von zahlreichen Obstz\u00fcchtern in den Niederlanden in Gebieten mit besonders fruchtbarem Boden angebaut. Bekannte Anbaugebiete sind das Flussgebiet von Utrecht und Gelderland, die H\u00fcgellandschaften S\u00fcdlimburgs sowie Zuid-Beveland in Seeland. Der Boden in diesen Gebieten ist reich an Mineralien und nimmt genug Wasser auf. Beste Bedingungen f\u00fcr hervorragendes Gedeihen der B\u00e4ume! Das Ergebnis: vollmundige, qualitativ ausgezeichnete \u00c4pfel. St\u00e4ndige Qualit\u00e4tskontrollen \u00fcberlassen dabei nichts dem Zufall.<\/p>\n<p>&nbsp;<\/p>\n<p>&nbsp;<\/p>\n<p>&nbsp;<\/p>\n","protected":false},"excerpt":{"rendered":"<p>\u00a0Braeburn Braeburn ist ein Winterapfel mit einer leicht rechteckigen Form. Er hat von Natur aus eine gr\u00fcngelbe Schale und verf\u00e4rbt sich am Ende des Reifeprozesses dunkelrot. Das Fruchtfleisch ist fest, knackig und ausgesprochen saftig. Dieser Apfel hat einen herrlich s\u00fc\u00dfsauren und wunderbar aromatischen Geschmack. &nbsp; Apfelzucht Der Braeburn wird mit gr\u00f6\u00dfter Sorgfalt von zahlreichen Obstz\u00fcchtern [&hellip;]<\/p>\n","protected":false},"author":7,"featured_media":0,"parent":730,"menu_order":0,"comment_status":"closed","ping_status":"closed","template":"page-wideheader.php","meta":{"footnotes":""},"acf":[],"_links":{"self":[{"href":"https:\/\/fruitmasters.com\/de\/wp-json\/wp\/v2\/pages\/196"}],"collection":[{"href":"https:\/\/fruitmasters.com\/de\/wp-json\/wp\/v2\/pages"}],"about":[{"href":"https:\/\/fruitmasters.com\/de\/wp-json\/wp\/v2\/types\/page"}],"author":[{"embeddable":true,"href":"https:\/\/fruitmasters.com\/de\/wp-json\/wp\/v2\/users\/7"}],"replies":[{"embeddable":true,"href":"https:\/\/fruitmasters.com\/de\/wp-json\/wp\/v2\/comments?post=196"}],"version-history":[{"count":7,"href":"https:\/\/fruitmasters.com\/de\/wp-json\/wp\/v2\/pages\/196\/revisions"}],"predecessor-version":[{"id":1913,"href":"https:\/\/fruitmasters.com\/de\/wp-json\/wp\/v2\/pages\/196\/revisions\/1913"}],"up":[{"embeddable":true,"href":"https:\/\/fruitmasters.com\/de\/wp-json\/wp\/v2\/pages\/730"}],"wp:attachment":[{"href":"https:\/\/fruitmasters.com\/de\/wp-json\/wp\/v2\/media?parent=196"}],"curies":[{"name":"wp","href":"https:\/\/api.w.org\/{rel}","templated":true}]}}