{"id":1968,"date":"2020-10-30T09:42:20","date_gmt":"2020-10-30T09:42:20","guid":{"rendered":"https:\/\/fruitmasters.com\/de\/?page_id=1968"},"modified":"2020-10-30T10:09:08","modified_gmt":"2020-10-30T10:09:08","slug":"tessa","status":"publish","type":"page","link":"https:\/\/fruitmasters.com\/de\/produkte\/apfel\/tessa\/","title":{"rendered":"Tessa\u00ae"},"content":{"rendered":"<h2>Tessa<sup>\u00ae<\/sup><\/h2>\n<p><img loading=\"lazy\" decoding=\"async\" class=\"alignright\" src=\"https:\/\/fruitmasters.com\/nl\/wp-content\/uploads\/sites\/3\/2020\/10\/statisch-2-nat-273x300.png\" alt=\"\" width=\"273\" height=\"300\" \/><\/p>\n<p>Tessa<sup>\u00ae<\/sup> ist eine Kreuzung zwischen Gala und Pink Rose. Tessa<sup>\u00ae<\/sup> vereint den gro\u00dfartigen festen Biss in die knackige Schale, mit der Saftigkeit und \u00fcberw\u00e4ltigenden S\u00fc\u00dfe des Fruchtfleischs.<\/p>\n<p>&nbsp;<\/p>\n<h2>Tessa\u00ae ist durch und durch gr\u00fcn<\/h2>\n<p>Tessa\u00ae entsteht mit R\u00fccksicht auf Umwelt und Klima. S\u00e4mtliche Erzeuger von FruitMasters verf\u00fcgen \u00fcber eine unabh\u00e4ngige Global G.A.P.-Zertifizierung, die nur an Partner verliehen wird, die nachweislich nachhaltig produzieren, anbauen, verpacken oder transportieren.<\/p>\n","protected":false},"excerpt":{"rendered":"<p>Tessa\u00ae Tessa\u00ae ist eine Kreuzung zwischen Gala und Pink Rose. Tessa\u00ae vereint den gro\u00dfartigen festen Biss in die knackige Schale, mit der Saftigkeit und \u00fcberw\u00e4ltigenden S\u00fc\u00dfe des Fruchtfleischs. &nbsp; Tessa\u00ae ist durch und durch gr\u00fcn Tessa\u00ae entsteht mit R\u00fccksicht auf Umwelt und Klima. S\u00e4mtliche Erzeuger von FruitMasters verf\u00fcgen \u00fcber eine unabh\u00e4ngige Global G.A.P.-Zertifizierung, die nur [&hellip;]<\/p>\n","protected":false},"author":12,"featured_media":0,"parent":730,"menu_order":0,"comment_status":"closed","ping_status":"closed","template":"page-wideheader.php","meta":{"footnotes":""},"acf":[],"_links":{"self":[{"href":"https:\/\/fruitmasters.com\/de\/wp-json\/wp\/v2\/pages\/1968"}],"collection":[{"href":"https:\/\/fruitmasters.com\/de\/wp-json\/wp\/v2\/pages"}],"about":[{"href":"https:\/\/fruitmasters.com\/de\/wp-json\/wp\/v2\/types\/page"}],"author":[{"embeddable":true,"href":"https:\/\/fruitmasters.com\/de\/wp-json\/wp\/v2\/users\/12"}],"replies":[{"embeddable":true,"href":"https:\/\/fruitmasters.com\/de\/wp-json\/wp\/v2\/comments?post=1968"}],"version-history":[{"count":4,"href":"https:\/\/fruitmasters.com\/de\/wp-json\/wp\/v2\/pages\/1968\/revisions"}],"predecessor-version":[{"id":1993,"href":"https:\/\/fruitmasters.com\/de\/wp-json\/wp\/v2\/pages\/1968\/revisions\/1993"}],"up":[{"embeddable":true,"href":"https:\/\/fruitmasters.com\/de\/wp-json\/wp\/v2\/pages\/730"}],"wp:attachment":[{"href":"https:\/\/fruitmasters.com\/de\/wp-json\/wp\/v2\/media?parent=1968"}],"curies":[{"name":"wp","href":"https:\/\/api.w.org\/{rel}","templated":true}]}}