{"id":1979,"date":"2020-10-30T09:43:48","date_gmt":"2020-10-30T09:43:48","guid":{"rendered":"https:\/\/fruitmasters.com\/de\/?page_id=1979"},"modified":"2023-01-23T08:45:21","modified_gmt":"2023-01-23T08:45:21","slug":"tessa","status":"publish","type":"page","link":"https:\/\/fruitmasters.com\/de\/marken\/tessa\/","title":{"rendered":"Tessa\u00ae"},"content":{"rendered":"<h2>Das ist Tessa<sup>\u00ae<\/sup><\/h2>\n<p>Sie ist neu. S\u00fc\u00df. Sie vereint attraktive R\u00f6te mit k\u00f6stlich knackigem Biss. Tessa<sup>\u00ae<\/sup> vereint den gro\u00dfartigen festen Biss in die knackige Schale, mit der Saftigkeit und \u00fcberw\u00e4ltigenden S\u00fc\u00dfe des Fruchtfleischs. Genie\u00dfen Sie diesen neuen, nachhaltig angebauten Apfel bei der Arbeit, unterwegs, nach dem Sport oder einfach beim Relaxen. Au\u00dfen fest und knackig, innen herrlich s\u00fc\u00df. Genau das Richtige, um sich durch einen hektischen Tag durchzubei\u00dfen. Aber warum viele Worte verlieren? Probieren Sie Tessa<sup>\u00ae<\/sup> doch einfach mal.<\/p>\n<p>&nbsp;<\/p>\n<h2>Sieben Gr\u00fcnde, weshalb Tessa<sup>\u00ae<\/sup> rei\u00dfenden Absatz finden wird<\/h2>\n<ul>\n<li>Wunderbares, von Verbrauchern inspiriertes Geschmackspro\ufb01l Au\u00dfen fest und knackig, innen herrlich s\u00fc\u00df<\/li>\n<li>Ansprechend und sehr gut vertr\u00e4glich Markengeschichte und Markenverhalten<\/li>\n<li>Echte Frische: gro\u00dfartige Haltbarkeit dank Festigkeit<\/li>\n<li>F\u00e4llt auf durch ikonische Form und Ferrari-rote Farbe<\/li>\n<li>Nachhaltig angebaut in ausgew\u00e4hlten Obstg\u00e4rten (Global G.A.P.)<\/li>\n<li>Nachhaltig verpackt, weniger Plastik durch kunststofffreie Verpackung &amp; kompostierbares Etikett<\/li>\n<li>Angebaut von ausgew\u00e4hlten Erzeugern: zur Gew\u00e4hrleistung konstanter Premium-Qualit\u00e4t<\/li>\n<\/ul>\n<p>Weitere Informationen unter <a href=\"http:\/\/www.tessa-apple.com\" target=\"_blank\" rel=\"noopener\">www.tessa-apple.com<\/a><\/p>\n","protected":false},"excerpt":{"rendered":"<p>Das ist Tessa\u00ae Sie ist neu. S\u00fc\u00df. Sie vereint attraktive R\u00f6te mit k\u00f6stlich knackigem Biss. Tessa\u00ae vereint den gro\u00dfartigen festen Biss in die knackige Schale, mit der Saftigkeit und \u00fcberw\u00e4ltigenden S\u00fc\u00dfe des Fruchtfleischs. Genie\u00dfen Sie diesen neuen, nachhaltig angebauten Apfel bei der Arbeit, unterwegs, nach dem Sport oder einfach beim Relaxen. Au\u00dfen fest und knackig, [&hellip;]<\/p>\n","protected":false},"author":12,"featured_media":0,"parent":102,"menu_order":0,"comment_status":"closed","ping_status":"closed","template":"page-wideheader.php","meta":{"footnotes":""},"acf":[],"_links":{"self":[{"href":"https:\/\/fruitmasters.com\/de\/wp-json\/wp\/v2\/pages\/1979"}],"collection":[{"href":"https:\/\/fruitmasters.com\/de\/wp-json\/wp\/v2\/pages"}],"about":[{"href":"https:\/\/fruitmasters.com\/de\/wp-json\/wp\/v2\/types\/page"}],"author":[{"embeddable":true,"href":"https:\/\/fruitmasters.com\/de\/wp-json\/wp\/v2\/users\/12"}],"replies":[{"embeddable":true,"href":"https:\/\/fruitmasters.com\/de\/wp-json\/wp\/v2\/comments?post=1979"}],"version-history":[{"count":6,"href":"https:\/\/fruitmasters.com\/de\/wp-json\/wp\/v2\/pages\/1979\/revisions"}],"predecessor-version":[{"id":2053,"href":"https:\/\/fruitmasters.com\/de\/wp-json\/wp\/v2\/pages\/1979\/revisions\/2053"}],"up":[{"embeddable":true,"href":"https:\/\/fruitmasters.com\/de\/wp-json\/wp\/v2\/pages\/102"}],"wp:attachment":[{"href":"https:\/\/fruitmasters.com\/de\/wp-json\/wp\/v2\/media?parent=1979"}],"curies":[{"name":"wp","href":"https:\/\/api.w.org\/{rel}","templated":true}]}}