{"id":198,"date":"2016-10-11T12:02:44","date_gmt":"2016-10-11T12:02:44","guid":{"rendered":"http:\/\/fruitmasters.com\/nl\/?post_type=product&#038;p=198"},"modified":"2020-10-30T10:11:10","modified_gmt":"2020-10-30T10:11:10","slug":"pink-lady","status":"publish","type":"page","link":"https:\/\/fruitmasters.com\/de\/produkte\/apfel\/pink-lady\/","title":{"rendered":"Pink Lady\u00ae"},"content":{"rendered":"<h1>Pink Lady<sup>\u00ae<\/sup><\/h1>\n<p><img loading=\"lazy\" decoding=\"async\" class=\"alignright wp-image-1889 size-medium\" src=\"https:\/\/fruitmasters.com\/de\/wp-content\/uploads\/sites\/7\/2020\/04\/2020_Packshot_PinkLady_500x500px-300x300.png\" alt=\"\" width=\"300\" height=\"300\" srcset=\"https:\/\/fruitmasters.com\/de\/wp-content\/uploads\/sites\/7\/2020\/04\/2020_Packshot_PinkLady_500x500px-300x300.png 300w, https:\/\/fruitmasters.com\/de\/wp-content\/uploads\/sites\/7\/2020\/04\/2020_Packshot_PinkLady_500x500px-150x150.png 150w, https:\/\/fruitmasters.com\/de\/wp-content\/uploads\/sites\/7\/2020\/04\/2020_Packshot_PinkLady_500x500px.png 500w\" sizes=\"(max-width: 300px) 100vw, 300px\" \/><\/p>\n<p>Pink Lady<sup>\u00ae<\/sup> hat eine l\u00e4ngliche Form und eine dominante, pastellrosafarbene bis rote Schale. Das knackige, wei\u00dfe Fruchtfleisch ist wunderbar saftig. Dieser Apfel hat einen s\u00fc\u00dfen und gleichzeitig leicht s\u00e4uerlichen Geschmack und besticht durch sein intensives Aroma.<\/p>\n<p>&nbsp;<\/p>\n<h2>Apfelzucht<\/h2>\n<p>Der Pink Lady<sup>\u00ae<\/sup> Obstg\u00e4rten\u00a0w\u00e4chst nur in speziellen Anbaugebieten mit einem geeigneten Boden\u00a0und viel Sonne. Ausgew\u00e4hlte Anbaugebiete in Europa seit im Frankreich, im Spanien und im Italien. Die geschmacklichen Qualit\u00e4ten des Pink Lady\u00ae Apfels sind von der N\u00e4hrstoffversorgung und der guten Entwicklung des Baumes abh\u00e4ngig.<\/p>\n","protected":false},"excerpt":{"rendered":"<p>Pink Lady\u00ae Pink Lady\u00ae hat eine l\u00e4ngliche Form und eine dominante, pastellrosafarbene bis rote Schale. Das knackige, wei\u00dfe Fruchtfleisch ist wunderbar saftig. Dieser Apfel hat einen s\u00fc\u00dfen und gleichzeitig leicht s\u00e4uerlichen Geschmack und besticht durch sein intensives Aroma. &nbsp; Apfelzucht Der Pink Lady\u00ae Obstg\u00e4rten\u00a0w\u00e4chst nur in speziellen Anbaugebieten mit einem geeigneten Boden\u00a0und viel Sonne. Ausgew\u00e4hlte [&hellip;]<\/p>\n","protected":false},"author":7,"featured_media":0,"parent":730,"menu_order":0,"comment_status":"closed","ping_status":"closed","template":"page-wideheader.php","meta":{"footnotes":""},"acf":[],"_links":{"self":[{"href":"https:\/\/fruitmasters.com\/de\/wp-json\/wp\/v2\/pages\/198"}],"collection":[{"href":"https:\/\/fruitmasters.com\/de\/wp-json\/wp\/v2\/pages"}],"about":[{"href":"https:\/\/fruitmasters.com\/de\/wp-json\/wp\/v2\/types\/page"}],"author":[{"embeddable":true,"href":"https:\/\/fruitmasters.com\/de\/wp-json\/wp\/v2\/users\/7"}],"replies":[{"embeddable":true,"href":"https:\/\/fruitmasters.com\/de\/wp-json\/wp\/v2\/comments?post=198"}],"version-history":[{"count":12,"href":"https:\/\/fruitmasters.com\/de\/wp-json\/wp\/v2\/pages\/198\/revisions"}],"predecessor-version":[{"id":1996,"href":"https:\/\/fruitmasters.com\/de\/wp-json\/wp\/v2\/pages\/198\/revisions\/1996"}],"up":[{"embeddable":true,"href":"https:\/\/fruitmasters.com\/de\/wp-json\/wp\/v2\/pages\/730"}],"wp:attachment":[{"href":"https:\/\/fruitmasters.com\/de\/wp-json\/wp\/v2\/media?parent=198"}],"curies":[{"name":"wp","href":"https:\/\/api.w.org\/{rel}","templated":true}]}}