{"id":200,"date":"2016-10-11T12:04:33","date_gmt":"2016-10-11T12:04:33","guid":{"rendered":"http:\/\/fruitmasters.com\/nl\/?post_type=product&#038;p=200"},"modified":"2020-04-15T14:36:45","modified_gmt":"2020-04-15T14:36:45","slug":"triomphe-de-vienne","status":"publish","type":"page","link":"https:\/\/fruitmasters.com\/de\/produkte\/birnen\/triomphe-de-vienne\/","title":{"rendered":"Triomphe de Vienne"},"content":{"rendered":"<h1>Triomphe de Vienne (Triumph de Vienne)<\/h1>\n<p>Triomphe de Vienne (Triumph de Vienne) ist eine Tafelbirne mit einer sch\u00f6nen, l\u00e4nglichen Form. Sie hat von Natur aus einen gr\u00fcnen Farbton mit zahlreichen rostfarbenen Flecken. Das hellwei\u00dfe Fruchtfleisch ist ausgesprochen saftig und von<img loading=\"lazy\" decoding=\"async\" class=\"alignright wp-image-1899 size-medium\" src=\"https:\/\/fruitmasters.com\/de\/wp-content\/uploads\/sites\/7\/2020\/04\/2020_Packshot_Triomphe_Du_Vienne_500x500px-300x300.png\" alt=\"\" width=\"300\" height=\"300\" srcset=\"https:\/\/fruitmasters.com\/de\/wp-content\/uploads\/sites\/7\/2020\/04\/2020_Packshot_Triomphe_Du_Vienne_500x500px-300x300.png 300w, https:\/\/fruitmasters.com\/de\/wp-content\/uploads\/sites\/7\/2020\/04\/2020_Packshot_Triomphe_Du_Vienne_500x500px-150x150.png 150w, https:\/\/fruitmasters.com\/de\/wp-content\/uploads\/sites\/7\/2020\/04\/2020_Packshot_Triomphe_Du_Vienne_500x500px.png 500w\" sizes=\"(max-width: 300px) 100vw, 300px\" \/> fester Struktur. Diese Birne hat einen wunderbar s\u00fc\u00dfen Geschmack und ein gel\u00e4ufiges Aroma.<\/p>\n<p>&nbsp;<\/p>\n<h2>Birnenzucht<\/h2>\n<p>Triomphe de Vienne (Triumph de Vienne) wird mit gr\u00f6\u00dfter Sorgfalt von zahlreichen Obstz\u00fcchtern in den Niederlanden in Gebieten mit besonders fruchtbarem Boden angebaut. Der Boden in diesen Gebieten ist reich an Mineralien und nimmt genug Wasser auf. Beste Bedingungen f\u00fcr hervorragendes Gedeihen der B\u00e4ume! Das Ergebnis: vollmundige, qualitativ ausgezeichnete Birnen. St\u00e4ndige Qualit\u00e4tskontrollen \u00fcberlassen dabei nichts dem Zufall.<\/p>\n<h1><\/h1>\n","protected":false},"excerpt":{"rendered":"<p>Triomphe de Vienne (Triumph de Vienne) Triomphe de Vienne (Triumph de Vienne) ist eine Tafelbirne mit einer sch\u00f6nen, l\u00e4nglichen Form. Sie hat von Natur aus einen gr\u00fcnen Farbton mit zahlreichen rostfarbenen Flecken. Das hellwei\u00dfe Fruchtfleisch ist ausgesprochen saftig und von fester Struktur. Diese Birne hat einen wunderbar s\u00fc\u00dfen Geschmack und ein gel\u00e4ufiges Aroma. &nbsp; Birnenzucht [&hellip;]<\/p>\n","protected":false},"author":7,"featured_media":0,"parent":112,"menu_order":0,"comment_status":"closed","ping_status":"closed","template":"page-wideheader.php","meta":{"footnotes":""},"acf":[],"_links":{"self":[{"href":"https:\/\/fruitmasters.com\/de\/wp-json\/wp\/v2\/pages\/200"}],"collection":[{"href":"https:\/\/fruitmasters.com\/de\/wp-json\/wp\/v2\/pages"}],"about":[{"href":"https:\/\/fruitmasters.com\/de\/wp-json\/wp\/v2\/types\/page"}],"author":[{"embeddable":true,"href":"https:\/\/fruitmasters.com\/de\/wp-json\/wp\/v2\/users\/7"}],"replies":[{"embeddable":true,"href":"https:\/\/fruitmasters.com\/de\/wp-json\/wp\/v2\/comments?post=200"}],"version-history":[{"count":6,"href":"https:\/\/fruitmasters.com\/de\/wp-json\/wp\/v2\/pages\/200\/revisions"}],"predecessor-version":[{"id":1953,"href":"https:\/\/fruitmasters.com\/de\/wp-json\/wp\/v2\/pages\/200\/revisions\/1953"}],"up":[{"embeddable":true,"href":"https:\/\/fruitmasters.com\/de\/wp-json\/wp\/v2\/pages\/112"}],"wp:attachment":[{"href":"https:\/\/fruitmasters.com\/de\/wp-json\/wp\/v2\/media?parent=200"}],"curies":[{"name":"wp","href":"https:\/\/api.w.org\/{rel}","templated":true}]}}