{"id":201,"date":"2016-10-11T12:04:58","date_gmt":"2016-10-11T12:04:58","guid":{"rendered":"http:\/\/fruitmasters.com\/nl\/?post_type=product&#038;p=201"},"modified":"2020-04-15T14:33:30","modified_gmt":"2020-04-15T14:33:30","slug":"beurre-hardy","status":"publish","type":"page","link":"https:\/\/fruitmasters.com\/de\/produkte\/birnen\/beurre-hardy\/","title":{"rendered":"Beurr\u00e9 Hardy"},"content":{"rendered":"<h1>Beurr\u00e9 Hardy (Gellerts Butterbirne)<\/h1>\n<p>Beurr\u00e9 Hardy (Gellerts Butterbirne) ist eine mittelgro\u00dfe Tafelbirne mit kurzer, gleichm\u00e4\u00dfiger Form. Sie hat von Natur aus eine rostbraune Schale mit unauff\u00e4lligem Bronzeton. Das hellwei\u00dfe Fruchtfleisch ist wunderbar weich und ausgesprochen saftig. Diese Birne hat einen herrlichen, s\u00fc\u00dfen Geschmack und ein angenehmes Aroma.<img loading=\"lazy\" decoding=\"async\" class=\"alignright wp-image-1855 size-medium\" src=\"https:\/\/fruitmasters.com\/de\/wp-content\/uploads\/sites\/7\/2020\/04\/2020_Packshot_Beurre_Hardy_500x500px-300x300.png\" alt=\"\" width=\"300\" height=\"300\" srcset=\"https:\/\/fruitmasters.com\/de\/wp-content\/uploads\/sites\/7\/2020\/04\/2020_Packshot_Beurre_Hardy_500x500px-300x300.png 300w, https:\/\/fruitmasters.com\/de\/wp-content\/uploads\/sites\/7\/2020\/04\/2020_Packshot_Beurre_Hardy_500x500px-150x150.png 150w, https:\/\/fruitmasters.com\/de\/wp-content\/uploads\/sites\/7\/2020\/04\/2020_Packshot_Beurre_Hardy_500x500px.png 500w\" sizes=\"(max-width: 300px) 100vw, 300px\" \/><\/p>\n<p>&nbsp;<\/p>\n<h2>Birnenzucht<\/h2>\n<p>Beurr\u00e9 Hardy wird mit gr\u00f6\u00dfter Sorgfalt von zahlreichen Obstz\u00fcchtern in den Niederlanden in Gebieten mit besonders fruchtbarem Boden angebaut. Der Boden in diesen Gebieten ist reich an Mineralien und nimmt genug Wasser auf. Beste Bedingungen f\u00fcr hervorragendes Gedeihen der B\u00e4ume! Das Ergebnis: vollmundige, qualitativ ausgezeichnete Birnen. St\u00e4ndige Qualit\u00e4tskontrollen \u00fcberlassen dabei nichts dem Zufall.<\/p>\n","protected":false},"excerpt":{"rendered":"<p>Beurr\u00e9 Hardy (Gellerts Butterbirne) Beurr\u00e9 Hardy (Gellerts Butterbirne) ist eine mittelgro\u00dfe Tafelbirne mit kurzer, gleichm\u00e4\u00dfiger Form. Sie hat von Natur aus eine rostbraune Schale mit unauff\u00e4lligem Bronzeton. Das hellwei\u00dfe Fruchtfleisch ist wunderbar weich und ausgesprochen saftig. Diese Birne hat einen herrlichen, s\u00fc\u00dfen Geschmack und ein angenehmes Aroma. &nbsp; Birnenzucht Beurr\u00e9 Hardy wird mit gr\u00f6\u00dfter Sorgfalt [&hellip;]<\/p>\n","protected":false},"author":7,"featured_media":0,"parent":112,"menu_order":0,"comment_status":"closed","ping_status":"closed","template":"page-wideheader.php","meta":{"footnotes":""},"acf":[],"_links":{"self":[{"href":"https:\/\/fruitmasters.com\/de\/wp-json\/wp\/v2\/pages\/201"}],"collection":[{"href":"https:\/\/fruitmasters.com\/de\/wp-json\/wp\/v2\/pages"}],"about":[{"href":"https:\/\/fruitmasters.com\/de\/wp-json\/wp\/v2\/types\/page"}],"author":[{"embeddable":true,"href":"https:\/\/fruitmasters.com\/de\/wp-json\/wp\/v2\/users\/7"}],"replies":[{"embeddable":true,"href":"https:\/\/fruitmasters.com\/de\/wp-json\/wp\/v2\/comments?post=201"}],"version-history":[{"count":5,"href":"https:\/\/fruitmasters.com\/de\/wp-json\/wp\/v2\/pages\/201\/revisions"}],"predecessor-version":[{"id":1944,"href":"https:\/\/fruitmasters.com\/de\/wp-json\/wp\/v2\/pages\/201\/revisions\/1944"}],"up":[{"embeddable":true,"href":"https:\/\/fruitmasters.com\/de\/wp-json\/wp\/v2\/pages\/112"}],"wp:attachment":[{"href":"https:\/\/fruitmasters.com\/de\/wp-json\/wp\/v2\/media?parent=201"}],"curies":[{"name":"wp","href":"https:\/\/api.w.org\/{rel}","templated":true}]}}