{"id":2017,"date":"2021-12-01T12:57:02","date_gmt":"2021-12-01T12:57:02","guid":{"rendered":"https:\/\/fruitmasters.com\/de\/?page_id=2017"},"modified":"2021-12-09T13:06:33","modified_gmt":"2021-12-09T13:06:33","slug":"morgana","status":"publish","type":"page","link":"https:\/\/fruitmasters.com\/de\/marken\/morgana\/","title":{"rendered":"Morgana\u00ae"},"content":{"rendered":"<h1>Morgana<sup>\u00ae<\/sup><\/h1>\n<p><img loading=\"lazy\" decoding=\"async\" class=\"alignright size-medium wp-image-2037\" src=\"https:\/\/fruitmasters.com\/de\/wp-content\/uploads\/sites\/7\/2021\/12\/Morgana_Packshot_750x750-1-300x300.png\" alt=\"\" width=\"300\" height=\"300\" srcset=\"https:\/\/fruitmasters.com\/de\/wp-content\/uploads\/sites\/7\/2021\/12\/Morgana_Packshot_750x750-1-300x300.png 300w, https:\/\/fruitmasters.com\/de\/wp-content\/uploads\/sites\/7\/2021\/12\/Morgana_Packshot_750x750-1-150x150.png 150w, https:\/\/fruitmasters.com\/de\/wp-content\/uploads\/sites\/7\/2021\/12\/Morgana_Packshot_750x750-1.png 750w\" sizes=\"(max-width: 300px) 100vw, 300px\" \/><\/p>\n<p>Morgana<sup>\u00ae <\/sup>(Sortenname: Kizuri) entstand aus einer Kreuzung zwischen Golden Delicious und NY75413-30. Dies ist ein attraktiver Apfel mit einer \u00fcberwiegend leuchtend roten Sc<\/p>\n<p>&nbsp;<\/p>\n<p>hale mit gr\u00fcnlich-gelben Schattierungen. Das Fruchtfleisch ist knackig und sehr saftig mit einem ausgewogenen leicht s\u00fc\u00dfen Geschmack, der sich durch ein tropisches Aroma ausz<\/p>\n<p>eichnet.<\/p>\n","protected":false},"excerpt":{"rendered":"<p>Morgana\u00ae Morgana\u00ae (Sortenname: Kizuri) entstand aus einer Kreuzung zwischen Golden Delicious und NY75413-30. Dies ist ein attraktiver Apfel mit einer \u00fcberwiegend leuchtend roten Sc &nbsp; hale mit gr\u00fcnlich-gelben Schattierungen. Das Fruchtfleisch ist knackig und sehr saftig mit einem ausgewogenen leicht s\u00fc\u00dfen Geschmack, der sich durch ein tropisches Aroma ausz eichnet.<\/p>\n","protected":false},"author":12,"featured_media":2035,"parent":102,"menu_order":0,"comment_status":"closed","ping_status":"closed","template":"page-wideheader.php","meta":{"footnotes":""},"acf":[],"_links":{"self":[{"href":"https:\/\/fruitmasters.com\/de\/wp-json\/wp\/v2\/pages\/2017"}],"collection":[{"href":"https:\/\/fruitmasters.com\/de\/wp-json\/wp\/v2\/pages"}],"about":[{"href":"https:\/\/fruitmasters.com\/de\/wp-json\/wp\/v2\/types\/page"}],"author":[{"embeddable":true,"href":"https:\/\/fruitmasters.com\/de\/wp-json\/wp\/v2\/users\/12"}],"replies":[{"embeddable":true,"href":"https:\/\/fruitmasters.com\/de\/wp-json\/wp\/v2\/comments?post=2017"}],"version-history":[{"count":9,"href":"https:\/\/fruitmasters.com\/de\/wp-json\/wp\/v2\/pages\/2017\/revisions"}],"predecessor-version":[{"id":2038,"href":"https:\/\/fruitmasters.com\/de\/wp-json\/wp\/v2\/pages\/2017\/revisions\/2038"}],"up":[{"embeddable":true,"href":"https:\/\/fruitmasters.com\/de\/wp-json\/wp\/v2\/pages\/102"}],"wp:featuredmedia":[{"embeddable":true,"href":"https:\/\/fruitmasters.com\/de\/wp-json\/wp\/v2\/media\/2035"}],"wp:attachment":[{"href":"https:\/\/fruitmasters.com\/de\/wp-json\/wp\/v2\/media?parent=2017"}],"curies":[{"name":"wp","href":"https:\/\/api.w.org\/{rel}","templated":true}]}}