{"id":202,"date":"2016-10-11T12:05:19","date_gmt":"2016-10-11T12:05:19","guid":{"rendered":"http:\/\/fruitmasters.com\/nl\/?post_type=product&#038;p=202"},"modified":"2020-04-15T14:34:58","modified_gmt":"2020-04-15T14:34:58","slug":"gieser-wildeman","status":"publish","type":"page","link":"https:\/\/fruitmasters.com\/de\/produkte\/birnen\/gieser-wildeman\/","title":{"rendered":"Gieser Wildeman"},"content":{"rendered":"<h1>Gieser Wildeman<\/h1>\n<p>Gieser Wildeman ist eine kleine Kochbirne mit einer sch\u00f6nen, gleichm\u00e4\u00dfigen Form. Ihre rotbraun schattierte, mit grauen Punkten \u00fcbers\u00e4te Schale ist von Natur aus rostbraun, das hellwei\u00dfe Fruchtfleisch fest und k\u00f6rnig. Diese Kochbirne hat einen milden, s\u00fc\u00dfen Geschmack und ein ausgezeichnetes Aroma.<img loading=\"lazy\" decoding=\"async\" class=\"alignright wp-image-1871 size-medium\" src=\"https:\/\/fruitmasters.com\/de\/wp-content\/uploads\/sites\/7\/2020\/04\/2020_Packshot_Giesser_Wildeman_500x500px-300x300.png\" alt=\"\" width=\"300\" height=\"300\" srcset=\"https:\/\/fruitmasters.com\/de\/wp-content\/uploads\/sites\/7\/2020\/04\/2020_Packshot_Giesser_Wildeman_500x500px-300x300.png 300w, https:\/\/fruitmasters.com\/de\/wp-content\/uploads\/sites\/7\/2020\/04\/2020_Packshot_Giesser_Wildeman_500x500px-150x150.png 150w, https:\/\/fruitmasters.com\/de\/wp-content\/uploads\/sites\/7\/2020\/04\/2020_Packshot_Giesser_Wildeman_500x500px.png 500w\" sizes=\"(max-width: 300px) 100vw, 300px\" \/><\/p>\n<p>&nbsp;<\/p>\n<h2>Birnenzucht<\/h2>\n<p>Gieser Wildeman wird mit gr\u00f6\u00dfter Sorgfalt von zahlreichen Obstz\u00fcchtern in den Niederlanden in Gebieten mit besonders fruchtbarem Boden angebaut. Der Boden in diesen Gebieten ist reich an Mineralien und nimmt genug Wasser auf. Beste Bedingungen f\u00fcr hervorragendes Gedeihen der B\u00e4ume! Das Ergebnis: vollmundige, qualitativ ausgezeichnete Birnen. St\u00e4ndige Qualit\u00e4tskontrollen \u00fcberlassen dabei nichts dem Zufall.<\/p>\n","protected":false},"excerpt":{"rendered":"<p>Gieser Wildeman Gieser Wildeman ist eine kleine Kochbirne mit einer sch\u00f6nen, gleichm\u00e4\u00dfigen Form. Ihre rotbraun schattierte, mit grauen Punkten \u00fcbers\u00e4te Schale ist von Natur aus rostbraun, das hellwei\u00dfe Fruchtfleisch fest und k\u00f6rnig. Diese Kochbirne hat einen milden, s\u00fc\u00dfen Geschmack und ein ausgezeichnetes Aroma. &nbsp; Birnenzucht Gieser Wildeman wird mit gr\u00f6\u00dfter Sorgfalt von zahlreichen Obstz\u00fcchtern in [&hellip;]<\/p>\n","protected":false},"author":7,"featured_media":0,"parent":112,"menu_order":0,"comment_status":"closed","ping_status":"closed","template":"page-wideheader.php","meta":{"footnotes":""},"acf":[],"_links":{"self":[{"href":"https:\/\/fruitmasters.com\/de\/wp-json\/wp\/v2\/pages\/202"}],"collection":[{"href":"https:\/\/fruitmasters.com\/de\/wp-json\/wp\/v2\/pages"}],"about":[{"href":"https:\/\/fruitmasters.com\/de\/wp-json\/wp\/v2\/types\/page"}],"author":[{"embeddable":true,"href":"https:\/\/fruitmasters.com\/de\/wp-json\/wp\/v2\/users\/7"}],"replies":[{"embeddable":true,"href":"https:\/\/fruitmasters.com\/de\/wp-json\/wp\/v2\/comments?post=202"}],"version-history":[{"count":4,"href":"https:\/\/fruitmasters.com\/de\/wp-json\/wp\/v2\/pages\/202\/revisions"}],"predecessor-version":[{"id":1948,"href":"https:\/\/fruitmasters.com\/de\/wp-json\/wp\/v2\/pages\/202\/revisions\/1948"}],"up":[{"embeddable":true,"href":"https:\/\/fruitmasters.com\/de\/wp-json\/wp\/v2\/pages\/112"}],"wp:attachment":[{"href":"https:\/\/fruitmasters.com\/de\/wp-json\/wp\/v2\/media?parent=202"}],"curies":[{"name":"wp","href":"https:\/\/api.w.org\/{rel}","templated":true}]}}