{"id":2026,"date":"2021-12-01T13:28:33","date_gmt":"2021-12-01T13:28:33","guid":{"rendered":"https:\/\/fruitmasters.com\/de\/?page_id=2026"},"modified":"2021-12-09T13:12:38","modified_gmt":"2021-12-09T13:12:38","slug":"morgana","status":"publish","type":"page","link":"https:\/\/fruitmasters.com\/de\/produkte\/apfel\/morgana\/","title":{"rendered":"Morgana\u00ae"},"content":{"rendered":"<h1><strong>Erfrischend &amp; belebend<\/strong><\/h1>\n<p>&nbsp;<\/p>\n<p>Morgana<sup>\u00ae<\/sup> ist erfrischend dank seinem ausgeglichenem, leicht s\u00fc\u00dfen Geschmack, seiner belebenden Saftigkeit und seinem tropischem Aroma. Ein Biss in diesen Apfel gibt Ihnen neue Energie\u00a0und h\u00e4lt Sie den ganzen Tag \u00fcber ausgeglichen.<\/p>\n<p><img loading=\"lazy\" decoding=\"async\" class=\"alignright size-medium wp-image-2039\" src=\"https:\/\/fruitmasters.com\/de\/wp-content\/uploads\/sites\/7\/2021\/12\/Morgana_Packshot_750x750-2-300x300.png\" alt=\"\" width=\"300\" height=\"300\" srcset=\"https:\/\/fruitmasters.com\/de\/wp-content\/uploads\/sites\/7\/2021\/12\/Morgana_Packshot_750x750-2-300x300.png 300w, https:\/\/fruitmasters.com\/de\/wp-content\/uploads\/sites\/7\/2021\/12\/Morgana_Packshot_750x750-2-150x150.png 150w, https:\/\/fruitmasters.com\/de\/wp-content\/uploads\/sites\/7\/2021\/12\/Morgana_Packshot_750x750-2.png 750w\" sizes=\"(max-width: 300px) 100vw, 300px\" \/><\/p>\n<p>&nbsp;<\/p>\n<p>&nbsp;<\/p>\n<p>Der ideale Apfel f\u00fcr einen leckeren und gesunden Snack mit viel Geschmack.<\/p>\n<ul>\n<li>Extrem saftiges Fruchtfleisch<\/li>\n<li>Tiefrote Schale<\/li>\n<li>Ausgewogenes Aroma, gepr\u00e4gt von tropischen Noten<\/li>\n<\/ul>\n<h3><strong>Geschmack<\/strong><\/h3>\n<p>In Scheiben geschnitten oder mit Schale aus der Hand. Jeder Bissen hat ein perfekt ausgewogenes Aroma mit einer leicht fruchtigen Note. Nicht zu s\u00fc\u00df und nicht zu sauer. Leicht s\u00fc\u00df, genau richtig.<\/p>\n<h3><strong>Erscheinun<\/strong><strong>gsbild<\/strong><\/h3>\n<p>Morgana<sup>\u00ae<\/sup> ist ein zweifarbiger Apfel, der sich durch eine leuchtend rote Farbe mit gelben Schattierungen auszeichnet. Ein mittelgro\u00dfer Apfel.<\/p>\n<h3><strong>\u00c4u\u00dferst saftig<\/strong><\/h3>\n<p>Der Morgana<sup>\u00ae<\/sup> ist sehr saftig, was ihn zu einem zeitgem\u00e4\u00dfen Apfel macht, der perfekt auf die neuesten Trends abgestimmt ist: ein durstl\u00f6schender und nahrhafter Snack.<\/p>\n<h3><strong>Biss &amp; Auslagedauer<\/strong><\/h3>\n<p>K\u00f6stlich knackig. Die feste Apfelstruktur entsteht durch die Beibehaltung der H\u00e4rte (7 kg\/cm2), die diesem Apfel eine un\u00fcbertroffene Auslagedauer verleiht.<\/p>\n<h3><strong>Sortiment<\/strong><\/h3>\n<p>Morgana<sup>\u00ae<\/sup> ist exklusiv bei FruitMasters in den Niederlanden erh\u00e4ltlich:<\/p>\n<ul>\n<li>Karton 7 kg 1-lagig lose gelegt<\/li>\n<li>EPS-Karton 7 kg 1-lagig lose gelegt<\/li>\n<li>4-St\u00fcck-Schale mit Kartonh\u00fclle<\/li>\n<li>1,5-kg-Beutel<\/li>\n<\/ul>\n<h3><strong>Die Z\u00fcchter von Morgana<sup>\u00ae<\/sup><\/strong><\/h3>\n<p>Morgana<sup>\u00ae <\/sup>wird in verschiedenen Teilen der Niederlande angebaut, von den kalkreichen und feuchtigkeitsregulierenden L\u00f6ssb\u00f6den in S\u00fcdlimburg bis zu den fruchtbaren Lehmb\u00f6den im Rivierenland, in Zeeland und Flevopolder.<\/p>\n<h3><strong>B2B<\/strong><\/h3>\n<p>Morgana<sup>\u00ae <\/sup>(Sortenname: Kizuri) entstand aus einer Kreuzung zwischen Golden Delicious und NY75413-30. Dies ist ein attraktiver Apfel mit einer \u00fcberwiegend leuchtend roten Schale mit gr\u00fcnlich-gelben Schattierungen. Das Fruchtfleisch ist knackig und sehr saftig mit einem ausgewogenen leicht s\u00fc\u00dfen Geschmack, der sich durch ein tropisches Aroma auszeichnet.<\/p>\n","protected":false},"excerpt":{"rendered":"<p>Erfrischend &amp; belebend &nbsp; Morgana\u00ae ist erfrischend dank seinem ausgeglichenem, leicht s\u00fc\u00dfen Geschmack, seiner belebenden Saftigkeit und seinem tropischem Aroma. Ein Biss in diesen Apfel gibt Ihnen neue Energie\u00a0und h\u00e4lt Sie den ganzen Tag \u00fcber ausgeglichen. &nbsp; &nbsp; Der ideale Apfel f\u00fcr einen leckeren und gesunden Snack mit viel Geschmack. Extrem saftiges Fruchtfleisch Tiefrote Schale [&hellip;]<\/p>\n","protected":false},"author":12,"featured_media":2035,"parent":730,"menu_order":0,"comment_status":"closed","ping_status":"closed","template":"page-wideheader.php","meta":{"footnotes":""},"acf":[],"_links":{"self":[{"href":"https:\/\/fruitmasters.com\/de\/wp-json\/wp\/v2\/pages\/2026"}],"collection":[{"href":"https:\/\/fruitmasters.com\/de\/wp-json\/wp\/v2\/pages"}],"about":[{"href":"https:\/\/fruitmasters.com\/de\/wp-json\/wp\/v2\/types\/page"}],"author":[{"embeddable":true,"href":"https:\/\/fruitmasters.com\/de\/wp-json\/wp\/v2\/users\/12"}],"replies":[{"embeddable":true,"href":"https:\/\/fruitmasters.com\/de\/wp-json\/wp\/v2\/comments?post=2026"}],"version-history":[{"count":4,"href":"https:\/\/fruitmasters.com\/de\/wp-json\/wp\/v2\/pages\/2026\/revisions"}],"predecessor-version":[{"id":2041,"href":"https:\/\/fruitmasters.com\/de\/wp-json\/wp\/v2\/pages\/2026\/revisions\/2041"}],"up":[{"embeddable":true,"href":"https:\/\/fruitmasters.com\/de\/wp-json\/wp\/v2\/pages\/730"}],"wp:featuredmedia":[{"embeddable":true,"href":"https:\/\/fruitmasters.com\/de\/wp-json\/wp\/v2\/media\/2035"}],"wp:attachment":[{"href":"https:\/\/fruitmasters.com\/de\/wp-json\/wp\/v2\/media?parent=2026"}],"curies":[{"name":"wp","href":"https:\/\/api.w.org\/{rel}","templated":true}]}}