{"id":203,"date":"2016-10-11T12:05:37","date_gmt":"2016-10-11T12:05:37","guid":{"rendered":"http:\/\/fruitmasters.com\/nl\/?post_type=product&#038;p=203"},"modified":"2020-04-15T14:33:52","modified_gmt":"2020-04-15T14:33:52","slug":"conference","status":"publish","type":"page","link":"https:\/\/fruitmasters.com\/de\/produkte\/birnen\/conference\/","title":{"rendered":"Conference"},"content":{"rendered":"<h1>Conference<\/h1>\n<p>Conference ist eine Tafelbirne mit einer besonders lang gestreckten, gleichm\u00e4\u00dfigen Form. Sie hat von Natur aus eine hellgr\u00fcne Schale mit zahlreichen rostfarbenen Flecken. Das helle, orangefarbene Fruchtfleisch ist ausgesprochen saftig und wunderbar weich. Diese Birne hat einen leckeren, s\u00fc\u00dfen Geschmack und ein angenehmes Aroma.<img loading=\"lazy\" decoding=\"async\" class=\"alignright wp-image-1859 size-medium\" src=\"https:\/\/fruitmasters.com\/de\/wp-content\/uploads\/sites\/7\/2020\/04\/2020_Packshot_Conference_500x500px-300x300.png\" alt=\"\" width=\"300\" height=\"300\" srcset=\"https:\/\/fruitmasters.com\/de\/wp-content\/uploads\/sites\/7\/2020\/04\/2020_Packshot_Conference_500x500px-300x300.png 300w, https:\/\/fruitmasters.com\/de\/wp-content\/uploads\/sites\/7\/2020\/04\/2020_Packshot_Conference_500x500px-150x150.png 150w, https:\/\/fruitmasters.com\/de\/wp-content\/uploads\/sites\/7\/2020\/04\/2020_Packshot_Conference_500x500px.png 500w\" sizes=\"(max-width: 300px) 100vw, 300px\" \/><\/p>\n<p>&nbsp;<\/p>\n<h2>Birnenzucht<\/h2>\n<p>Conference wird mit gr\u00f6\u00dfter Sorgfalt von zahlreichen Obstz\u00fcchtern in den Niederlanden in Gebieten mit besonders fruchtbarem Boden angebaut. Der Boden in diesen Gebieten ist reich an Mineralien und nimmt genug Wasser auf. Beste Bedingungen f\u00fcr hervorragendes Gedeihen der B\u00e4ume! Das Ergebnis: vollmundige, qualitativ ausgezeichnete Birnen. St\u00e4ndige Qualit\u00e4tskontrollen \u00fcberlassen dabei nichts dem Zufall.<\/p>\n","protected":false},"excerpt":{"rendered":"<p>Conference Conference ist eine Tafelbirne mit einer besonders lang gestreckten, gleichm\u00e4\u00dfigen Form. Sie hat von Natur aus eine hellgr\u00fcne Schale mit zahlreichen rostfarbenen Flecken. Das helle, orangefarbene Fruchtfleisch ist ausgesprochen saftig und wunderbar weich. Diese Birne hat einen leckeren, s\u00fc\u00dfen Geschmack und ein angenehmes Aroma. &nbsp; Birnenzucht Conference wird mit gr\u00f6\u00dfter Sorgfalt von zahlreichen Obstz\u00fcchtern [&hellip;]<\/p>\n","protected":false},"author":7,"featured_media":0,"parent":112,"menu_order":0,"comment_status":"closed","ping_status":"closed","template":"page-wideheader.php","meta":{"footnotes":""},"acf":[],"_links":{"self":[{"href":"https:\/\/fruitmasters.com\/de\/wp-json\/wp\/v2\/pages\/203"}],"collection":[{"href":"https:\/\/fruitmasters.com\/de\/wp-json\/wp\/v2\/pages"}],"about":[{"href":"https:\/\/fruitmasters.com\/de\/wp-json\/wp\/v2\/types\/page"}],"author":[{"embeddable":true,"href":"https:\/\/fruitmasters.com\/de\/wp-json\/wp\/v2\/users\/7"}],"replies":[{"embeddable":true,"href":"https:\/\/fruitmasters.com\/de\/wp-json\/wp\/v2\/comments?post=203"}],"version-history":[{"count":4,"href":"https:\/\/fruitmasters.com\/de\/wp-json\/wp\/v2\/pages\/203\/revisions"}],"predecessor-version":[{"id":1945,"href":"https:\/\/fruitmasters.com\/de\/wp-json\/wp\/v2\/pages\/203\/revisions\/1945"}],"up":[{"embeddable":true,"href":"https:\/\/fruitmasters.com\/de\/wp-json\/wp\/v2\/pages\/112"}],"wp:attachment":[{"href":"https:\/\/fruitmasters.com\/de\/wp-json\/wp\/v2\/media?parent=203"}],"curies":[{"name":"wp","href":"https:\/\/api.w.org\/{rel}","templated":true}]}}