{"id":204,"date":"2016-10-11T12:06:09","date_gmt":"2016-10-11T12:06:09","guid":{"rendered":"http:\/\/fruitmasters.com\/nl\/?post_type=product&#038;p=204"},"modified":"2020-04-15T14:36:04","modified_gmt":"2020-04-15T14:36:04","slug":"saint-remy","status":"publish","type":"page","link":"https:\/\/fruitmasters.com\/de\/produkte\/birnen\/saint-remy\/","title":{"rendered":"Saint Remy"},"content":{"rendered":"<h1>Saint Remy<\/h1>\n<p>Die Saint Remy ist eine Kochbirne mit kurzer, gleichm\u00e4\u00dfiger Form. Sie hat von Natur aus eine gr\u00fcne Schale mit rostfarbenen Flecken sowie sch\u00f6nen rotbraunen Schattierungen und Punkten. W\u00e4hrend des Reifeprozesses verf\u00e4rbt sich die Schale der Frucht gelb. Das hellwei\u00dfe Fruchtfleisch ist fest und k\u00f6rnig. Diese Birne hat einen leicht s\u00e4uerlichen Geschmack.<img loading=\"lazy\" decoding=\"async\" class=\"alignright wp-image-1896 size-medium\" src=\"https:\/\/fruitmasters.com\/de\/wp-content\/uploads\/sites\/7\/2020\/04\/2020_Packshot_StRemy_500x500px-300x300.png\" alt=\"\" width=\"300\" height=\"300\" srcset=\"https:\/\/fruitmasters.com\/de\/wp-content\/uploads\/sites\/7\/2020\/04\/2020_Packshot_StRemy_500x500px-300x300.png 300w, https:\/\/fruitmasters.com\/de\/wp-content\/uploads\/sites\/7\/2020\/04\/2020_Packshot_StRemy_500x500px-150x150.png 150w, https:\/\/fruitmasters.com\/de\/wp-content\/uploads\/sites\/7\/2020\/04\/2020_Packshot_StRemy_500x500px.png 500w\" sizes=\"(max-width: 300px) 100vw, 300px\" \/><\/p>\n<p>&nbsp;<\/p>\n<h2>Birnenzucht<\/h2>\n<p>Saint Remy wird mit gr\u00f6\u00dfter Sorgfalt von zahlreichen Obstz\u00fcchtern in den Niederlanden in Gebieten mit besonders fruchtbarem Boden angebaut. Der Boden in diesen Gebieten ist reich an Mineralien und nimmt genug Wasser auf. Beste Bedingungen f\u00fcr hervorragendes Gedeihen der B\u00e4ume! Das Ergebnis: vollmundige, qualitativ ausgezeichnete Birnen. St\u00e4ndige Qualit\u00e4tskontrollen \u00fcberlassen dabei nichts dem Zufall.<\/p>\n","protected":false},"excerpt":{"rendered":"<p>Saint Remy Die Saint Remy ist eine Kochbirne mit kurzer, gleichm\u00e4\u00dfiger Form. Sie hat von Natur aus eine gr\u00fcne Schale mit rostfarbenen Flecken sowie sch\u00f6nen rotbraunen Schattierungen und Punkten. W\u00e4hrend des Reifeprozesses verf\u00e4rbt sich die Schale der Frucht gelb. Das hellwei\u00dfe Fruchtfleisch ist fest und k\u00f6rnig. Diese Birne hat einen leicht s\u00e4uerlichen Geschmack. &nbsp; Birnenzucht [&hellip;]<\/p>\n","protected":false},"author":7,"featured_media":0,"parent":112,"menu_order":0,"comment_status":"closed","ping_status":"closed","template":"page-wideheader.php","meta":{"footnotes":""},"acf":[],"_links":{"self":[{"href":"https:\/\/fruitmasters.com\/de\/wp-json\/wp\/v2\/pages\/204"}],"collection":[{"href":"https:\/\/fruitmasters.com\/de\/wp-json\/wp\/v2\/pages"}],"about":[{"href":"https:\/\/fruitmasters.com\/de\/wp-json\/wp\/v2\/types\/page"}],"author":[{"embeddable":true,"href":"https:\/\/fruitmasters.com\/de\/wp-json\/wp\/v2\/users\/7"}],"replies":[{"embeddable":true,"href":"https:\/\/fruitmasters.com\/de\/wp-json\/wp\/v2\/comments?post=204"}],"version-history":[{"count":4,"href":"https:\/\/fruitmasters.com\/de\/wp-json\/wp\/v2\/pages\/204\/revisions"}],"predecessor-version":[{"id":1952,"href":"https:\/\/fruitmasters.com\/de\/wp-json\/wp\/v2\/pages\/204\/revisions\/1952"}],"up":[{"embeddable":true,"href":"https:\/\/fruitmasters.com\/de\/wp-json\/wp\/v2\/pages\/112"}],"wp:attachment":[{"href":"https:\/\/fruitmasters.com\/de\/wp-json\/wp\/v2\/media?parent=204"}],"curies":[{"name":"wp","href":"https:\/\/api.w.org\/{rel}","templated":true}]}}