{"id":205,"date":"2016-10-11T12:06:34","date_gmt":"2016-10-11T12:06:34","guid":{"rendered":"http:\/\/fruitmasters.com\/nl\/?post_type=product&#038;p=205"},"modified":"2020-04-15T14:34:22","modified_gmt":"2020-04-15T14:34:22","slug":"doyenne-du-comice","status":"publish","type":"page","link":"https:\/\/fruitmasters.com\/de\/produkte\/birnen\/doyenne-du-comice\/","title":{"rendered":"Doyenn\u00e9 du Comice"},"content":{"rendered":"<h1>Doyenn\u00e9 du Comice (Vereinsdechantsbirne)<\/h1>\n<p>Doyenn\u00e9 du Comice (Vereinsdechantsbirne) ist eine gro\u00dfe Tafelbirne mit kurzer, unregelm\u00e4\u00dfiger Form. Sie hat von Natur aus eine gr\u00fcne Schale mit rotbraunen Schattierungen sowie rostfarbenen Flecken und Punkten. Das hellwei\u00dfe Fruchtfleisch ist au\u00dfergew\u00f6hnlich saftig und wunderbar weich. Diese Birne hat einen frischen, s\u00fc\u00dfen Geschmack und ein k\u00f6stliches Aroma.<img loading=\"lazy\" decoding=\"async\" class=\"alignright wp-image-1864 size-medium\" src=\"https:\/\/fruitmasters.com\/de\/wp-content\/uploads\/sites\/7\/2020\/04\/2020_Packshot_Doyenne_Du_Comice_500x500px-300x300.png\" alt=\"\" width=\"300\" height=\"300\" srcset=\"https:\/\/fruitmasters.com\/de\/wp-content\/uploads\/sites\/7\/2020\/04\/2020_Packshot_Doyenne_Du_Comice_500x500px-300x300.png 300w, https:\/\/fruitmasters.com\/de\/wp-content\/uploads\/sites\/7\/2020\/04\/2020_Packshot_Doyenne_Du_Comice_500x500px-150x150.png 150w, https:\/\/fruitmasters.com\/de\/wp-content\/uploads\/sites\/7\/2020\/04\/2020_Packshot_Doyenne_Du_Comice_500x500px.png 500w\" sizes=\"(max-width: 300px) 100vw, 300px\" \/><\/p>\n<p>&nbsp;<\/p>\n<h2>Birnenzucht<\/h2>\n<p>Doyenn\u00e9 du Comice wird mit gr\u00f6\u00dfter Sorgfalt von zahlreichen Obstz\u00fcchtern in den Niederlanden in Gebieten mit besonders fruchtbarem Boden angebaut. Der Boden in diesen Gebieten ist reich an Mineralien und nimmt genug Wasser auf. Beste Bedingungen f\u00fcr hervorragendes Gedeihen der B\u00e4ume! Das Ergebnis: vollmundige, qualitativ ausgezeichnete Birnen. St\u00e4ndige Qualit\u00e4tskontrollen \u00fcberlassen dabei nichts dem Zufall.<\/p>\n","protected":false},"excerpt":{"rendered":"<p>Doyenn\u00e9 du Comice (Vereinsdechantsbirne) Doyenn\u00e9 du Comice (Vereinsdechantsbirne) ist eine gro\u00dfe Tafelbirne mit kurzer, unregelm\u00e4\u00dfiger Form. Sie hat von Natur aus eine gr\u00fcne Schale mit rotbraunen Schattierungen sowie rostfarbenen Flecken und Punkten. Das hellwei\u00dfe Fruchtfleisch ist au\u00dfergew\u00f6hnlich saftig und wunderbar weich. Diese Birne hat einen frischen, s\u00fc\u00dfen Geschmack und ein k\u00f6stliches Aroma. &nbsp; Birnenzucht Doyenn\u00e9 [&hellip;]<\/p>\n","protected":false},"author":7,"featured_media":0,"parent":112,"menu_order":0,"comment_status":"closed","ping_status":"closed","template":"page-wideheader.php","meta":{"footnotes":""},"acf":[],"_links":{"self":[{"href":"https:\/\/fruitmasters.com\/de\/wp-json\/wp\/v2\/pages\/205"}],"collection":[{"href":"https:\/\/fruitmasters.com\/de\/wp-json\/wp\/v2\/pages"}],"about":[{"href":"https:\/\/fruitmasters.com\/de\/wp-json\/wp\/v2\/types\/page"}],"author":[{"embeddable":true,"href":"https:\/\/fruitmasters.com\/de\/wp-json\/wp\/v2\/users\/7"}],"replies":[{"embeddable":true,"href":"https:\/\/fruitmasters.com\/de\/wp-json\/wp\/v2\/comments?post=205"}],"version-history":[{"count":4,"href":"https:\/\/fruitmasters.com\/de\/wp-json\/wp\/v2\/pages\/205\/revisions"}],"predecessor-version":[{"id":1946,"href":"https:\/\/fruitmasters.com\/de\/wp-json\/wp\/v2\/pages\/205\/revisions\/1946"}],"up":[{"embeddable":true,"href":"https:\/\/fruitmasters.com\/de\/wp-json\/wp\/v2\/pages\/112"}],"wp:attachment":[{"href":"https:\/\/fruitmasters.com\/de\/wp-json\/wp\/v2\/media?parent=205"}],"curies":[{"name":"wp","href":"https:\/\/api.w.org\/{rel}","templated":true}]}}