{"id":206,"date":"2016-10-11T12:07:35","date_gmt":"2016-10-11T12:07:35","guid":{"rendered":"http:\/\/fruitmasters.com\/nl\/?post_type=product&#038;p=206"},"modified":"2020-04-15T14:32:59","modified_gmt":"2020-04-15T14:32:59","slug":"beurre-alexander-lucas","status":"publish","type":"page","link":"https:\/\/fruitmasters.com\/de\/produkte\/birnen\/beurre-alexander-lucas\/","title":{"rendered":"Beurr\u00e9 Alexander Lucas"},"content":{"rendered":"<h1>Beurr\u00e9 Alexander Lucas (Lucas Alexander)<\/h1>\n<p>Die Beurr\u00e9 Alexander Lucas (Lucas Alexander) ist eine Tafelbirne mit sch\u00f6ner, gleichm\u00e4\u00dfiger Form, die nach unten hin kegelf\u00f6rmig ausl\u00e4uft. Sie hat von Natur aus eine hellgr\u00fcne Schale, die sich w\u00e4hrend des Reifeprozesses gelb und im Stielbereich rostfarben verf\u00e4rbt. Das hellwei\u00dfe Fruchtfleisch ist au\u00dfergew\u00f6hnlich saftig und verf\u00fcgt \u00fcber eine feste Struktur. Diese Birne hat einen besonders s\u00fc\u00dfen Geschmack.<img loading=\"lazy\" decoding=\"async\" class=\"alignright wp-image-1854 size-medium\" src=\"https:\/\/fruitmasters.com\/de\/wp-content\/uploads\/sites\/7\/2020\/04\/2020_Packshot_Beurre_Alexander_Lucas_500x500px-300x300.png\" alt=\"\" width=\"300\" height=\"300\" srcset=\"https:\/\/fruitmasters.com\/de\/wp-content\/uploads\/sites\/7\/2020\/04\/2020_Packshot_Beurre_Alexander_Lucas_500x500px-300x300.png 300w, https:\/\/fruitmasters.com\/de\/wp-content\/uploads\/sites\/7\/2020\/04\/2020_Packshot_Beurre_Alexander_Lucas_500x500px-150x150.png 150w, https:\/\/fruitmasters.com\/de\/wp-content\/uploads\/sites\/7\/2020\/04\/2020_Packshot_Beurre_Alexander_Lucas_500x500px.png 500w\" sizes=\"(max-width: 300px) 100vw, 300px\" \/><\/p>\n<p>&nbsp;<\/p>\n<h2>Birnenzucht<\/h2>\n<p>Beurr\u00e9 Alexander Lucas wird mit gr\u00f6\u00dfter Sorgfalt von zahlreichen Obstz\u00fcchtern in den Niederlanden in Gebieten mit besonders fruchtbarem Boden angebaut. Der Boden in diesen Gebieten ist reich an Mineralien und nimmt genug Wasser auf. Beste Bedingungen f\u00fcr hervorragendes Gedeihen der B\u00e4ume! Das Ergebnis: vollmundige, qualitativ ausgezeichnete Birnen. St\u00e4ndige Qualit\u00e4tskontrollen \u00fcberlassen dabei nichts dem Zufall.<\/p>\n","protected":false},"excerpt":{"rendered":"<p>Beurr\u00e9 Alexander Lucas (Lucas Alexander) Die Beurr\u00e9 Alexander Lucas (Lucas Alexander) ist eine Tafelbirne mit sch\u00f6ner, gleichm\u00e4\u00dfiger Form, die nach unten hin kegelf\u00f6rmig ausl\u00e4uft. Sie hat von Natur aus eine hellgr\u00fcne Schale, die sich w\u00e4hrend des Reifeprozesses gelb und im Stielbereich rostfarben verf\u00e4rbt. Das hellwei\u00dfe Fruchtfleisch ist au\u00dfergew\u00f6hnlich saftig und verf\u00fcgt \u00fcber eine feste Struktur. [&hellip;]<\/p>\n","protected":false},"author":7,"featured_media":0,"parent":112,"menu_order":0,"comment_status":"closed","ping_status":"closed","template":"page-wideheader.php","meta":{"footnotes":""},"acf":[],"_links":{"self":[{"href":"https:\/\/fruitmasters.com\/de\/wp-json\/wp\/v2\/pages\/206"}],"collection":[{"href":"https:\/\/fruitmasters.com\/de\/wp-json\/wp\/v2\/pages"}],"about":[{"href":"https:\/\/fruitmasters.com\/de\/wp-json\/wp\/v2\/types\/page"}],"author":[{"embeddable":true,"href":"https:\/\/fruitmasters.com\/de\/wp-json\/wp\/v2\/users\/7"}],"replies":[{"embeddable":true,"href":"https:\/\/fruitmasters.com\/de\/wp-json\/wp\/v2\/comments?post=206"}],"version-history":[{"count":4,"href":"https:\/\/fruitmasters.com\/de\/wp-json\/wp\/v2\/pages\/206\/revisions"}],"predecessor-version":[{"id":1943,"href":"https:\/\/fruitmasters.com\/de\/wp-json\/wp\/v2\/pages\/206\/revisions\/1943"}],"up":[{"embeddable":true,"href":"https:\/\/fruitmasters.com\/de\/wp-json\/wp\/v2\/pages\/112"}],"wp:attachment":[{"href":"https:\/\/fruitmasters.com\/de\/wp-json\/wp\/v2\/media?parent=206"}],"curies":[{"name":"wp","href":"https:\/\/api.w.org\/{rel}","templated":true}]}}