{"id":207,"date":"2016-10-11T12:07:58","date_gmt":"2016-10-11T12:07:58","guid":{"rendered":"http:\/\/fruitmasters.com\/nl\/?post_type=product&#038;p=207"},"modified":"2020-04-15T14:31:09","modified_gmt":"2020-04-15T14:31:09","slug":"abate-fetel","status":"publish","type":"page","link":"https:\/\/fruitmasters.com\/de\/produkte\/birnen\/abate-fetel\/","title":{"rendered":"Abate Fetel"},"content":{"rendered":"<h1>Abate Fetel<\/h1>\n<p>Abate Fetel ist eine Birne mit einer langen, bananen\u00e4hnlichen Form. Sie hat von Natur aus eine helle, gelbgr\u00fcne Schale mit orangeroten B\u00e4ckchen. Das wei\u00dfe Fruchtfleisch zergeht auf der Zunge und ist au\u00dfergew\u00f6hnlich saftig. Diese Birne ist f\u00fcr ihren typischen s\u00fc\u00dfen, fruchtigen Geschmack und ihr k\u00f6stliches Aroma bekannt.<img loading=\"lazy\" decoding=\"async\" class=\"alignright wp-image-1851 size-medium\" src=\"https:\/\/fruitmasters.com\/de\/wp-content\/uploads\/sites\/7\/2020\/04\/2020_Packshot_Abate_500x500px-300x300.png\" alt=\"\" width=\"300\" height=\"300\" srcset=\"https:\/\/fruitmasters.com\/de\/wp-content\/uploads\/sites\/7\/2020\/04\/2020_Packshot_Abate_500x500px-300x300.png 300w, https:\/\/fruitmasters.com\/de\/wp-content\/uploads\/sites\/7\/2020\/04\/2020_Packshot_Abate_500x500px-150x150.png 150w, https:\/\/fruitmasters.com\/de\/wp-content\/uploads\/sites\/7\/2020\/04\/2020_Packshot_Abate_500x500px.png 500w\" sizes=\"(max-width: 300px) 100vw, 300px\" \/><\/p>\n<p>&nbsp;<\/p>\n<h2>\u00a0Birnenzucht<\/h2>\n<p>Abate Fetel wird mit gr\u00f6\u00dfter Sorgfalt von zahlreichen Obstz\u00fcchtern in Argentinien, Chile und S\u00fcdafrika f\u00fcr Sie angebaut. St\u00e4ndige Qualit\u00e4tskontrollen sorgen f\u00fcr ein \u00fcberzeugendes Ergebnis.<\/p>\n","protected":false},"excerpt":{"rendered":"<p>Abate Fetel Abate Fetel ist eine Birne mit einer langen, bananen\u00e4hnlichen Form. Sie hat von Natur aus eine helle, gelbgr\u00fcne Schale mit orangeroten B\u00e4ckchen. Das wei\u00dfe Fruchtfleisch zergeht auf der Zunge und ist au\u00dfergew\u00f6hnlich saftig. Diese Birne ist f\u00fcr ihren typischen s\u00fc\u00dfen, fruchtigen Geschmack und ihr k\u00f6stliches Aroma bekannt. &nbsp; \u00a0Birnenzucht Abate Fetel wird mit [&hellip;]<\/p>\n","protected":false},"author":7,"featured_media":0,"parent":112,"menu_order":0,"comment_status":"closed","ping_status":"closed","template":"page-wideheader.php","meta":{"footnotes":""},"acf":[],"_links":{"self":[{"href":"https:\/\/fruitmasters.com\/de\/wp-json\/wp\/v2\/pages\/207"}],"collection":[{"href":"https:\/\/fruitmasters.com\/de\/wp-json\/wp\/v2\/pages"}],"about":[{"href":"https:\/\/fruitmasters.com\/de\/wp-json\/wp\/v2\/types\/page"}],"author":[{"embeddable":true,"href":"https:\/\/fruitmasters.com\/de\/wp-json\/wp\/v2\/users\/7"}],"replies":[{"embeddable":true,"href":"https:\/\/fruitmasters.com\/de\/wp-json\/wp\/v2\/comments?post=207"}],"version-history":[{"count":5,"href":"https:\/\/fruitmasters.com\/de\/wp-json\/wp\/v2\/pages\/207\/revisions"}],"predecessor-version":[{"id":1941,"href":"https:\/\/fruitmasters.com\/de\/wp-json\/wp\/v2\/pages\/207\/revisions\/1941"}],"up":[{"embeddable":true,"href":"https:\/\/fruitmasters.com\/de\/wp-json\/wp\/v2\/pages\/112"}],"wp:attachment":[{"href":"https:\/\/fruitmasters.com\/de\/wp-json\/wp\/v2\/media?parent=207"}],"curies":[{"name":"wp","href":"https:\/\/api.w.org\/{rel}","templated":true}]}}