{"id":208,"date":"2016-10-11T12:08:15","date_gmt":"2016-10-11T12:08:15","guid":{"rendered":"http:\/\/fruitmasters.com\/nl\/?post_type=product&#038;p=208"},"modified":"2020-04-15T14:32:39","modified_gmt":"2020-04-15T14:32:39","slug":"anjou","status":"publish","type":"page","link":"https:\/\/fruitmasters.com\/de\/produkte\/birnen\/anjou\/","title":{"rendered":"Anjou"},"content":{"rendered":"<h1>Anjou<\/h1>\n<p>Anjou ist eine urspr\u00fcnglich aus Frankreich stammende Tafelbirne mit sehr kurzem Hals. Ihre Schale ist von Natur aus hellgr\u00fcn und bleibt w\u00e4hrend des Reifeprozesses unver\u00e4ndert. Das wei\u00dfe Fruchtfleisch hat einen \u00fcberraschenden Geschmack.<img loading=\"lazy\" decoding=\"async\" class=\"alignright wp-image-1852 size-medium\" src=\"https:\/\/fruitmasters.com\/de\/wp-content\/uploads\/sites\/7\/2020\/04\/2020_Packshot_Anjou_500x500px-300x300.png\" alt=\"\" width=\"300\" height=\"300\" srcset=\"https:\/\/fruitmasters.com\/de\/wp-content\/uploads\/sites\/7\/2020\/04\/2020_Packshot_Anjou_500x500px-300x300.png 300w, https:\/\/fruitmasters.com\/de\/wp-content\/uploads\/sites\/7\/2020\/04\/2020_Packshot_Anjou_500x500px-150x150.png 150w, https:\/\/fruitmasters.com\/de\/wp-content\/uploads\/sites\/7\/2020\/04\/2020_Packshot_Anjou_500x500px.png 500w\" sizes=\"(max-width: 300px) 100vw, 300px\" \/><\/p>\n<p>&nbsp;<\/p>\n<h2>Birnenzucht<\/h2>\n<p>Anjou wird mit gr\u00f6\u00dfter Sorgfalt von zahlreichen Obstz\u00fcchtern in Argentinien, Chile und den Vereinigten Staaten f\u00fcr Sie angebaut. St\u00e4ndige Qualit\u00e4tskontrollen sorgen f\u00fcr ein \u00fcberzeugendes Ergebnis.<\/p>\n","protected":false},"excerpt":{"rendered":"<p>Anjou Anjou ist eine urspr\u00fcnglich aus Frankreich stammende Tafelbirne mit sehr kurzem Hals. Ihre Schale ist von Natur aus hellgr\u00fcn und bleibt w\u00e4hrend des Reifeprozesses unver\u00e4ndert. Das wei\u00dfe Fruchtfleisch hat einen \u00fcberraschenden Geschmack. &nbsp; Birnenzucht Anjou wird mit gr\u00f6\u00dfter Sorgfalt von zahlreichen Obstz\u00fcchtern in Argentinien, Chile und den Vereinigten Staaten f\u00fcr Sie angebaut. St\u00e4ndige Qualit\u00e4tskontrollen [&hellip;]<\/p>\n","protected":false},"author":7,"featured_media":0,"parent":112,"menu_order":0,"comment_status":"closed","ping_status":"closed","template":"page-wideheader.php","meta":{"footnotes":""},"acf":[],"_links":{"self":[{"href":"https:\/\/fruitmasters.com\/de\/wp-json\/wp\/v2\/pages\/208"}],"collection":[{"href":"https:\/\/fruitmasters.com\/de\/wp-json\/wp\/v2\/pages"}],"about":[{"href":"https:\/\/fruitmasters.com\/de\/wp-json\/wp\/v2\/types\/page"}],"author":[{"embeddable":true,"href":"https:\/\/fruitmasters.com\/de\/wp-json\/wp\/v2\/users\/7"}],"replies":[{"embeddable":true,"href":"https:\/\/fruitmasters.com\/de\/wp-json\/wp\/v2\/comments?post=208"}],"version-history":[{"count":5,"href":"https:\/\/fruitmasters.com\/de\/wp-json\/wp\/v2\/pages\/208\/revisions"}],"predecessor-version":[{"id":1942,"href":"https:\/\/fruitmasters.com\/de\/wp-json\/wp\/v2\/pages\/208\/revisions\/1942"}],"up":[{"embeddable":true,"href":"https:\/\/fruitmasters.com\/de\/wp-json\/wp\/v2\/pages\/112"}],"wp:attachment":[{"href":"https:\/\/fruitmasters.com\/de\/wp-json\/wp\/v2\/media?parent=208"}],"curies":[{"name":"wp","href":"https:\/\/api.w.org\/{rel}","templated":true}]}}