{"id":209,"date":"2016-10-11T12:08:31","date_gmt":"2016-10-11T12:08:31","guid":{"rendered":"http:\/\/fruitmasters.com\/nl\/?post_type=product&#038;p=209"},"modified":"2020-04-15T14:34:41","modified_gmt":"2020-04-15T14:34:41","slug":"forel","status":"publish","type":"page","link":"https:\/\/fruitmasters.com\/de\/produkte\/birnen\/forel\/","title":{"rendered":"Forel"},"content":{"rendered":"<h1>Forel (Forelle)<\/h1>\n<p>Forel (Forelle) ist eine knackige Birne mit unregelm\u00e4\u00dfiger Form. Sie hat eine goldgelbe Schale mit leuchtend roten B\u00e4ckchen und Tupfen. Das wei\u00dfe Fruchtfleisch ist recht fest und m\u00e4\u00dfig saftig. Diese Birne hat einen s\u00fc\u00dfen und besonders aromatischen Geschmack.<img loading=\"lazy\" decoding=\"async\" class=\"alignright wp-image-1867 size-medium\" src=\"https:\/\/fruitmasters.com\/de\/wp-content\/uploads\/sites\/7\/2020\/04\/2020_Packshot_Forelle_500x500px-300x300.png\" alt=\"\" width=\"300\" height=\"300\" srcset=\"https:\/\/fruitmasters.com\/de\/wp-content\/uploads\/sites\/7\/2020\/04\/2020_Packshot_Forelle_500x500px-300x300.png 300w, https:\/\/fruitmasters.com\/de\/wp-content\/uploads\/sites\/7\/2020\/04\/2020_Packshot_Forelle_500x500px-150x150.png 150w, https:\/\/fruitmasters.com\/de\/wp-content\/uploads\/sites\/7\/2020\/04\/2020_Packshot_Forelle_500x500px.png 500w\" sizes=\"(max-width: 300px) 100vw, 300px\" \/><\/p>\n<p>&nbsp;<\/p>\n<h2>Birnenzucht<\/h2>\n<p>Forel wird mit gr\u00f6\u00dfter Sorgfalt von zahlreichen Obstz\u00fcchtern in Chile und Afrika f\u00fcr Sie angebaut. St\u00e4ndige Qualit\u00e4tskontrollen sorgen f\u00fcr ein \u00fcberzeugendes Ergebnis.<\/p>\n","protected":false},"excerpt":{"rendered":"<p>Forel (Forelle) Forel (Forelle) ist eine knackige Birne mit unregelm\u00e4\u00dfiger Form. Sie hat eine goldgelbe Schale mit leuchtend roten B\u00e4ckchen und Tupfen. Das wei\u00dfe Fruchtfleisch ist recht fest und m\u00e4\u00dfig saftig. Diese Birne hat einen s\u00fc\u00dfen und besonders aromatischen Geschmack. &nbsp; Birnenzucht Forel wird mit gr\u00f6\u00dfter Sorgfalt von zahlreichen Obstz\u00fcchtern in Chile und Afrika f\u00fcr [&hellip;]<\/p>\n","protected":false},"author":7,"featured_media":0,"parent":112,"menu_order":0,"comment_status":"closed","ping_status":"closed","template":"page-wideheader.php","meta":{"footnotes":""},"acf":[],"_links":{"self":[{"href":"https:\/\/fruitmasters.com\/de\/wp-json\/wp\/v2\/pages\/209"}],"collection":[{"href":"https:\/\/fruitmasters.com\/de\/wp-json\/wp\/v2\/pages"}],"about":[{"href":"https:\/\/fruitmasters.com\/de\/wp-json\/wp\/v2\/types\/page"}],"author":[{"embeddable":true,"href":"https:\/\/fruitmasters.com\/de\/wp-json\/wp\/v2\/users\/7"}],"replies":[{"embeddable":true,"href":"https:\/\/fruitmasters.com\/de\/wp-json\/wp\/v2\/comments?post=209"}],"version-history":[{"count":5,"href":"https:\/\/fruitmasters.com\/de\/wp-json\/wp\/v2\/pages\/209\/revisions"}],"predecessor-version":[{"id":1947,"href":"https:\/\/fruitmasters.com\/de\/wp-json\/wp\/v2\/pages\/209\/revisions\/1947"}],"up":[{"embeddable":true,"href":"https:\/\/fruitmasters.com\/de\/wp-json\/wp\/v2\/pages\/112"}],"wp:attachment":[{"href":"https:\/\/fruitmasters.com\/de\/wp-json\/wp\/v2\/media?parent=209"}],"curies":[{"name":"wp","href":"https:\/\/api.w.org\/{rel}","templated":true}]}}