{"id":2095,"date":"2024-04-04T10:55:13","date_gmt":"2024-04-04T10:55:13","guid":{"rendered":"https:\/\/fruitmasters.com\/de\/?page_id=2095"},"modified":"2024-04-04T11:27:05","modified_gmt":"2024-04-04T11:27:05","slug":"bloss","status":"publish","type":"page","link":"https:\/\/fruitmasters.com\/de\/marken\/bloss\/","title":{"rendered":"Bloss\u00ae"},"content":{"rendered":"<h1><span class=\"fontstyle0\">Bloss<sup>\u00ae<\/sup> ist der mittel-sp\u00e4te, doppelt schorfresistente knackige Apfel<\/span><\/h1>\n<h2><strong>Die Knackigkeit mit Suchtfaktor<\/strong><\/h2>\n<p>Das Genusserlebnis von Bloss<sup>\u00ae<\/sup> ist unvergleichlich, die ausgepr\u00e4gte und einzigartige Textur in Kombination mit dem exzellenten knackigen Fruchtfleisch macht ihn zu einem ganz besonderen Apfel. Der saftig-frische Bloss<sup>\u00ae<\/sup> mit seinem fruchtigen Aroma macht Lust auf einen weiteren Biss, immer und immer wieder. Sichern Sie sich den letzten, bevor es jemand anderes tut!<\/p>\n<h2><strong>Umwelt\u00a0<\/strong><\/h2>\n<p>Bloss\u00ae ist doppelt resistent gegen Schorf und hat eine hohe Toleranz gegen\u00fcber Mehltau. Dies f\u00fchrt dazu, dass die Sorte weniger behandelt werden muss als andere derzeit auf dem Markt befindliche Sorten. Dies macht Bloss<sup>\u00ae<\/sup> zu einem Apfel mit geringeren Bedarf an Pflanzenschutzmitteln, der besser f\u00fcr die Umwelt, den Erzeuger und nat\u00fcrlich f\u00fcr den Verbraucher ist.<\/p>\n<h2><strong>Beschreibung der Sorte\u00a0<\/strong><\/h2>\n<p>Bloss<sup>\u00ae<\/sup> ist ein aromatischer und su\u00df duftender Apfel mit leicht s\u00e4uerlicher und prickelnder Knackigkeit. Es handelt sich um eine zweifarbige Sorte mit einer rosa gestreiften bis roten F\u00e4rbung mit ausgepr\u00e4gten Lentizellen. Die Fruchtoberfl\u00e4che zeigt eine leichte Beduftung, die sich jedoch im Reifeverlauf weitgehend abbaut.<\/p>\n","protected":false},"excerpt":{"rendered":"<p>Bloss\u00ae ist der mittel-sp\u00e4te, doppelt schorfresistente knackige Apfel Die Knackigkeit mit Suchtfaktor Das Genusserlebnis von Bloss\u00ae ist unvergleichlich, die ausgepr\u00e4gte und einzigartige Textur in Kombination mit dem exzellenten knackigen Fruchtfleisch macht ihn zu einem ganz besonderen Apfel. Der saftig-frische Bloss\u00ae mit seinem fruchtigen Aroma macht Lust auf einen weiteren Biss, immer und immer wieder. Sichern [&hellip;]<\/p>\n","protected":false},"author":12,"featured_media":2097,"parent":102,"menu_order":0,"comment_status":"closed","ping_status":"closed","template":"page-wideheader.php","meta":{"footnotes":""},"acf":[],"_links":{"self":[{"href":"https:\/\/fruitmasters.com\/de\/wp-json\/wp\/v2\/pages\/2095"}],"collection":[{"href":"https:\/\/fruitmasters.com\/de\/wp-json\/wp\/v2\/pages"}],"about":[{"href":"https:\/\/fruitmasters.com\/de\/wp-json\/wp\/v2\/types\/page"}],"author":[{"embeddable":true,"href":"https:\/\/fruitmasters.com\/de\/wp-json\/wp\/v2\/users\/12"}],"replies":[{"embeddable":true,"href":"https:\/\/fruitmasters.com\/de\/wp-json\/wp\/v2\/comments?post=2095"}],"version-history":[{"count":7,"href":"https:\/\/fruitmasters.com\/de\/wp-json\/wp\/v2\/pages\/2095\/revisions"}],"predecessor-version":[{"id":2119,"href":"https:\/\/fruitmasters.com\/de\/wp-json\/wp\/v2\/pages\/2095\/revisions\/2119"}],"up":[{"embeddable":true,"href":"https:\/\/fruitmasters.com\/de\/wp-json\/wp\/v2\/pages\/102"}],"wp:featuredmedia":[{"embeddable":true,"href":"https:\/\/fruitmasters.com\/de\/wp-json\/wp\/v2\/media\/2097"}],"wp:attachment":[{"href":"https:\/\/fruitmasters.com\/de\/wp-json\/wp\/v2\/media?parent=2095"}],"curies":[{"name":"wp","href":"https:\/\/api.w.org\/{rel}","templated":true}]}}