{"id":210,"date":"2016-10-11T12:08:53","date_gmt":"2016-10-11T12:08:53","guid":{"rendered":"http:\/\/fruitmasters.com\/nl\/?post_type=product&#038;p=210"},"modified":"2020-04-15T14:35:16","modified_gmt":"2020-04-15T14:35:16","slug":"guyot","status":"publish","type":"page","link":"https:\/\/fruitmasters.com\/de\/produkte\/birnen\/guyot\/","title":{"rendered":"Guyot"},"content":{"rendered":"<h1>Guyot<\/h1>\n<p>Die Birnensorte Guyot verdankt ihren Namen Doktor Jules Guyot. Diese Birne franz\u00f6sischen Ursprungs wird haupts\u00e4chlich im S\u00fcdosten Frankreichs gez\u00fcchtet. Ihre von Natur aus gr\u00fcne Schale verf\u00e4rbt sich w\u00e4hrend des Reifeprozesses gelb und bekommt einen leichten Glanz. Das weiche Fruchtfleisch hat einen s\u00fc\u00dfen Geschmack.<img loading=\"lazy\" decoding=\"async\" class=\"alignright wp-image-1877 size-medium\" src=\"https:\/\/fruitmasters.com\/de\/wp-content\/uploads\/sites\/7\/2020\/04\/2020_Packshot_Guyot_500x500px-300x300.png\" alt=\"\" width=\"300\" height=\"300\" srcset=\"https:\/\/fruitmasters.com\/de\/wp-content\/uploads\/sites\/7\/2020\/04\/2020_Packshot_Guyot_500x500px-300x300.png 300w, https:\/\/fruitmasters.com\/de\/wp-content\/uploads\/sites\/7\/2020\/04\/2020_Packshot_Guyot_500x500px-150x150.png 150w, https:\/\/fruitmasters.com\/de\/wp-content\/uploads\/sites\/7\/2020\/04\/2020_Packshot_Guyot_500x500px.png 500w\" sizes=\"(max-width: 300px) 100vw, 300px\" \/><\/p>\n<p>&nbsp;<\/p>\n<h2>Birnenzucht<\/h2>\n<p>Guyot wird mit gr\u00f6\u00dfter Sorgfalt von zahlreichen Obstz\u00fcchtern in Frankreich f\u00fcr Sie angebaut. St\u00e4ndige Qualit\u00e4tskontrollen sorgen f\u00fcr ein \u00fcberzeugendes Ergebnis.<\/p>\n","protected":false},"excerpt":{"rendered":"<p>Guyot Die Birnensorte Guyot verdankt ihren Namen Doktor Jules Guyot. Diese Birne franz\u00f6sischen Ursprungs wird haupts\u00e4chlich im S\u00fcdosten Frankreichs gez\u00fcchtet. Ihre von Natur aus gr\u00fcne Schale verf\u00e4rbt sich w\u00e4hrend des Reifeprozesses gelb und bekommt einen leichten Glanz. Das weiche Fruchtfleisch hat einen s\u00fc\u00dfen Geschmack. &nbsp; Birnenzucht Guyot wird mit gr\u00f6\u00dfter Sorgfalt von zahlreichen Obstz\u00fcchtern in [&hellip;]<\/p>\n","protected":false},"author":7,"featured_media":0,"parent":112,"menu_order":0,"comment_status":"closed","ping_status":"closed","template":"page-wideheader.php","meta":{"footnotes":""},"acf":[],"_links":{"self":[{"href":"https:\/\/fruitmasters.com\/de\/wp-json\/wp\/v2\/pages\/210"}],"collection":[{"href":"https:\/\/fruitmasters.com\/de\/wp-json\/wp\/v2\/pages"}],"about":[{"href":"https:\/\/fruitmasters.com\/de\/wp-json\/wp\/v2\/types\/page"}],"author":[{"embeddable":true,"href":"https:\/\/fruitmasters.com\/de\/wp-json\/wp\/v2\/users\/7"}],"replies":[{"embeddable":true,"href":"https:\/\/fruitmasters.com\/de\/wp-json\/wp\/v2\/comments?post=210"}],"version-history":[{"count":4,"href":"https:\/\/fruitmasters.com\/de\/wp-json\/wp\/v2\/pages\/210\/revisions"}],"predecessor-version":[{"id":1949,"href":"https:\/\/fruitmasters.com\/de\/wp-json\/wp\/v2\/pages\/210\/revisions\/1949"}],"up":[{"embeddable":true,"href":"https:\/\/fruitmasters.com\/de\/wp-json\/wp\/v2\/pages\/112"}],"wp:attachment":[{"href":"https:\/\/fruitmasters.com\/de\/wp-json\/wp\/v2\/media?parent=210"}],"curies":[{"name":"wp","href":"https:\/\/api.w.org\/{rel}","templated":true}]}}