{"id":211,"date":"2016-10-11T12:09:19","date_gmt":"2016-10-11T12:09:19","guid":{"rendered":"http:\/\/fruitmasters.com\/nl\/?post_type=product&#038;p=211"},"modified":"2020-04-15T14:35:49","modified_gmt":"2020-04-15T14:35:49","slug":"packham","status":"publish","type":"page","link":"https:\/\/fruitmasters.com\/de\/produkte\/birnen\/packham\/","title":{"rendered":"Packham"},"content":{"rendered":"<h1>Packham<\/h1>\n<p>Packham ist eine knackige Birne mit kurzer, runder Form. Sie hat eine gr\u00fcne Grundfarbe und bekommt w\u00e4hrend des Reifeprozesses eine hellgelbe Deckfarbe. Das wei\u00dfe Fruchtfleisch ist ausgesprochen saftig. Diese Birne hat einen ausgezeichneten Geschmack und ein Muskataroma.<img loading=\"lazy\" decoding=\"async\" class=\"alignright wp-image-1887 size-medium\" src=\"https:\/\/fruitmasters.com\/de\/wp-content\/uploads\/sites\/7\/2020\/04\/2020_Packshot_Packham_500x500px-300x300.png\" alt=\"\" width=\"300\" height=\"300\" srcset=\"https:\/\/fruitmasters.com\/de\/wp-content\/uploads\/sites\/7\/2020\/04\/2020_Packshot_Packham_500x500px-300x300.png 300w, https:\/\/fruitmasters.com\/de\/wp-content\/uploads\/sites\/7\/2020\/04\/2020_Packshot_Packham_500x500px-150x150.png 150w, https:\/\/fruitmasters.com\/de\/wp-content\/uploads\/sites\/7\/2020\/04\/2020_Packshot_Packham_500x500px.png 500w\" sizes=\"(max-width: 300px) 100vw, 300px\" \/><\/p>\n<p>&nbsp;<\/p>\n<h2>Birnenzucht<\/h2>\n<p>Packham wird mit gr\u00f6\u00dfter Sorgfalt von zahlreichen Obstz\u00fcchtern in Argentinien, Chile und S\u00fcdafrika f\u00fcr Sie angebaut. St\u00e4ndige Qualit\u00e4tskontrollen sorgen f\u00fcr ein \u00fcberzeugendes Ergebnis.<\/p>\n","protected":false},"excerpt":{"rendered":"<p>Packham Packham ist eine knackige Birne mit kurzer, runder Form. Sie hat eine gr\u00fcne Grundfarbe und bekommt w\u00e4hrend des Reifeprozesses eine hellgelbe Deckfarbe. Das wei\u00dfe Fruchtfleisch ist ausgesprochen saftig. Diese Birne hat einen ausgezeichneten Geschmack und ein Muskataroma. &nbsp; Birnenzucht Packham wird mit gr\u00f6\u00dfter Sorgfalt von zahlreichen Obstz\u00fcchtern in Argentinien, Chile und S\u00fcdafrika f\u00fcr Sie [&hellip;]<\/p>\n","protected":false},"author":7,"featured_media":0,"parent":112,"menu_order":0,"comment_status":"closed","ping_status":"closed","template":"page-wideheader.php","meta":{"footnotes":""},"acf":[],"_links":{"self":[{"href":"https:\/\/fruitmasters.com\/de\/wp-json\/wp\/v2\/pages\/211"}],"collection":[{"href":"https:\/\/fruitmasters.com\/de\/wp-json\/wp\/v2\/pages"}],"about":[{"href":"https:\/\/fruitmasters.com\/de\/wp-json\/wp\/v2\/types\/page"}],"author":[{"embeddable":true,"href":"https:\/\/fruitmasters.com\/de\/wp-json\/wp\/v2\/users\/7"}],"replies":[{"embeddable":true,"href":"https:\/\/fruitmasters.com\/de\/wp-json\/wp\/v2\/comments?post=211"}],"version-history":[{"count":6,"href":"https:\/\/fruitmasters.com\/de\/wp-json\/wp\/v2\/pages\/211\/revisions"}],"predecessor-version":[{"id":1951,"href":"https:\/\/fruitmasters.com\/de\/wp-json\/wp\/v2\/pages\/211\/revisions\/1951"}],"up":[{"embeddable":true,"href":"https:\/\/fruitmasters.com\/de\/wp-json\/wp\/v2\/pages\/112"}],"wp:attachment":[{"href":"https:\/\/fruitmasters.com\/de\/wp-json\/wp\/v2\/media?parent=211"}],"curies":[{"name":"wp","href":"https:\/\/api.w.org\/{rel}","templated":true}]}}