{"id":212,"date":"2016-10-11T12:09:55","date_gmt":"2016-10-11T12:09:55","guid":{"rendered":"http:\/\/fruitmasters.com\/nl\/?post_type=product&#038;p=212"},"modified":"2020-04-15T14:29:17","modified_gmt":"2020-04-15T14:29:17","slug":"erdbeere","status":"publish","type":"page","link":"https:\/\/fruitmasters.com\/de\/produkte\/beeren\/erdbeere\/","title":{"rendered":"Erdbeeren"},"content":{"rendered":"<h1>Erdbeeren<\/h1>\n<p class=\"twocol\">Es gibt verschiedene Erdbeersorten. Abh\u00e4ngig vom Typ unterscheiden sich die Erdbeeren in Form und Farbe: von kegelf\u00f6rmig bis hin zu oval und von hell- bis dunkelrot ist alles vertreten. Da jede Erdbeere einzigartig ist, arbeitet FruitMasters mit dem Qualit\u00e4tslabel Prestige.<\/p>\n<p>&nbsp;<\/p>\n<p><img loading=\"lazy\" decoding=\"async\" class=\"alignright wp-image-1850 size-medium\" src=\"https:\/\/fruitmasters.com\/de\/wp-content\/uploads\/sites\/7\/2020\/04\/2020_Packshot_Aardbei_500x500px-300x300.png\" alt=\"\" width=\"300\" height=\"300\" srcset=\"https:\/\/fruitmasters.com\/de\/wp-content\/uploads\/sites\/7\/2020\/04\/2020_Packshot_Aardbei_500x500px-300x300.png 300w, https:\/\/fruitmasters.com\/de\/wp-content\/uploads\/sites\/7\/2020\/04\/2020_Packshot_Aardbei_500x500px-150x150.png 150w, https:\/\/fruitmasters.com\/de\/wp-content\/uploads\/sites\/7\/2020\/04\/2020_Packshot_Aardbei_500x500px.png 500w\" sizes=\"(max-width: 300px) 100vw, 300px\" \/><\/p>\n<h2><\/h2>\n<h2>Erdbeerenzucht<\/h2>\n<p>Die Erdbeere war urspr\u00fcnglich eine Waldfrucht, die zwar verzehrbar, aber sehr klein war. Diese Erdbeeren wurden durch Zucht zu den gro\u00dfen, verzehrbaren Fr\u00fcchten, die wir heute essen. Es gibt zwei Sorten von Erdbeeren: immertragende Pflanzen und Junibl\u00fcher. Immertragende Pflanzen bl\u00fchen von Juni bis ungef\u00e4hr Ende Oktober, Junibl\u00fcher ungef\u00e4hr vier Wochen lang im Monat Juni, wie der Name schon sagt.<\/p>\n<p>&nbsp;<\/p>\n<h2>Elsanta-Erdbeere<\/h2>\n<p>Elsanta ist eine gro\u00dfe Erdbeere mit gleichm\u00e4\u00dfig abgerundeter Kegelform. Von Natur aus ist sie au\u00dfen gl\u00e4nzend rot und innen orangefarben. Diese Erdbeere ist ausgesprochen fest, unempfindlich, gut haltbar und lecker saftig. Sie hat einen s\u00fc\u00dfsauren Geschmack und ein recht starkes Aroma.<\/p>\n<p>&nbsp;<\/p>\n<h2>\u00a0Sonata-Erdbeere<\/h2>\n<p>Die Sonata-Erdbeere ist eine Kreuzung zwischen Elsanta- und Polka-Erdbeere und hat eine dreieckige, kurze Form. Ihre Schale ist von Natur aus gl\u00e4nzend und orangerot. Diese Erdbeere ist fest, gut haltbar und besonders saftig. Ihr Geschmack ist mit dem wunderbar s\u00fc\u00dfsauren Geschmack der Elsanta-Erdbeere vergleichbar.<\/p>\n","protected":false},"excerpt":{"rendered":"<p>Erdbeeren Es gibt verschiedene Erdbeersorten. Abh\u00e4ngig vom Typ unterscheiden sich die Erdbeeren in Form und Farbe: von kegelf\u00f6rmig bis hin zu oval und von hell- bis dunkelrot ist alles vertreten. Da jede Erdbeere einzigartig ist, arbeitet FruitMasters mit dem Qualit\u00e4tslabel Prestige. &nbsp; Erdbeerenzucht Die Erdbeere war urspr\u00fcnglich eine Waldfrucht, die zwar verzehrbar, aber sehr klein [&hellip;]<\/p>\n","protected":false},"author":7,"featured_media":0,"parent":117,"menu_order":0,"comment_status":"closed","ping_status":"closed","template":"page-wideheader.php","meta":{"footnotes":""},"acf":[],"_links":{"self":[{"href":"https:\/\/fruitmasters.com\/de\/wp-json\/wp\/v2\/pages\/212"}],"collection":[{"href":"https:\/\/fruitmasters.com\/de\/wp-json\/wp\/v2\/pages"}],"about":[{"href":"https:\/\/fruitmasters.com\/de\/wp-json\/wp\/v2\/types\/page"}],"author":[{"embeddable":true,"href":"https:\/\/fruitmasters.com\/de\/wp-json\/wp\/v2\/users\/7"}],"replies":[{"embeddable":true,"href":"https:\/\/fruitmasters.com\/de\/wp-json\/wp\/v2\/comments?post=212"}],"version-history":[{"count":8,"href":"https:\/\/fruitmasters.com\/de\/wp-json\/wp\/v2\/pages\/212\/revisions"}],"predecessor-version":[{"id":1935,"href":"https:\/\/fruitmasters.com\/de\/wp-json\/wp\/v2\/pages\/212\/revisions\/1935"}],"up":[{"embeddable":true,"href":"https:\/\/fruitmasters.com\/de\/wp-json\/wp\/v2\/pages\/117"}],"wp:attachment":[{"href":"https:\/\/fruitmasters.com\/de\/wp-json\/wp\/v2\/media?parent=212"}],"curies":[{"name":"wp","href":"https:\/\/api.w.org\/{rel}","templated":true}]}}