{"id":213,"date":"2016-10-11T12:10:13","date_gmt":"2016-10-11T12:10:13","guid":{"rendered":"http:\/\/fruitmasters.com\/nl\/?post_type=product&#038;p=213"},"modified":"2020-04-15T14:29:36","modified_gmt":"2020-04-15T14:29:36","slug":"himbeere","status":"publish","type":"page","link":"https:\/\/fruitmasters.com\/de\/produkte\/beeren\/himbeere\/","title":{"rendered":"Himbeeren"},"content":{"rendered":"<h1>Himbeeren<\/h1>\n<p class=\"twocol\">Eine Himbeere ist ein Zusammenschluss vieler kleiner Fr\u00fcchte. Die holl\u00e4ndische Himbeere ist rosarot und begeistert durch unverwechselbaren Geschmack und seidenweiches Aroma. Ein Obstjuwel, das sich wunderbar direkt aus der Hand essen l\u00e4sst. Und obendrein auch noch ausgesprochen gesund ist!<\/p>\n<p><img loading=\"lazy\" decoding=\"async\" class=\"alignright wp-image-1868 size-medium\" src=\"https:\/\/fruitmasters.com\/de\/wp-content\/uploads\/sites\/7\/2020\/04\/2020_Packshot_Framboos_500x500px-300x300.png\" alt=\"\" width=\"300\" height=\"300\" srcset=\"https:\/\/fruitmasters.com\/de\/wp-content\/uploads\/sites\/7\/2020\/04\/2020_Packshot_Framboos_500x500px-300x300.png 300w, https:\/\/fruitmasters.com\/de\/wp-content\/uploads\/sites\/7\/2020\/04\/2020_Packshot_Framboos_500x500px-150x150.png 150w, https:\/\/fruitmasters.com\/de\/wp-content\/uploads\/sites\/7\/2020\/04\/2020_Packshot_Framboos_500x500px.png 500w\" sizes=\"(max-width: 300px) 100vw, 300px\" \/><\/p>\n<h2><\/h2>\n<h2>Himbeerzucht<\/h2>\n<p>Himbeeren stammen urspr\u00fcnglich aus Europa, Nordamerika und Asien. Die Pflanzen wurden bereits im 16. Jahrhundert entwickelt, aber erst viel sp\u00e4ter, im 18. Jahrhundert, wurden erstmals verschiedene Sorten miteinander gekreuzt. Die gro\u00dfangelegte Zucht begann im 19. Jahrhundert. Himbeeren gibt es in den zwei Sorten Sommer- und Herbsthimbeeren. Zum Gl\u00fcck, denn diesem Umstand ist es zu verdanken, dass fast das ganze Jahr \u00fcber Himbeeren aus niederl\u00e4ndischer Zucht erh\u00e4ltlich sind. Sommer- und Herbsthimbeeren werden auf unterschiedliche Weise gez\u00fcchtet. Bei Sommerhimbeeren w\u00e4chst im ersten Jahr nur der Stamm und die Pflanze beginnt erst im zweiten Jahr Fr\u00fcchte zu tragen. Herbsthimbeeren dagegen tragen bereits im ersten Jahr.<\/p>\n<p>&nbsp;<\/p>\n<p>Obstz\u00fcchter ber\u00fccksichtigen die Bed\u00fcrfnisse der Himbeerpflanzen sorgf\u00e4ltig. Sie brauchen einen sonnigen Standort und reichhaltige Erde. Himbeeren sind sehr weich und daher auch sehr empfindlich. Darum m\u00fcssen sie auch besonders behutsam gepfl\u00fcckt werden.<\/p>\n","protected":false},"excerpt":{"rendered":"<p>Himbeeren Eine Himbeere ist ein Zusammenschluss vieler kleiner Fr\u00fcchte. Die holl\u00e4ndische Himbeere ist rosarot und begeistert durch unverwechselbaren Geschmack und seidenweiches Aroma. Ein Obstjuwel, das sich wunderbar direkt aus der Hand essen l\u00e4sst. Und obendrein auch noch ausgesprochen gesund ist! Himbeerzucht Himbeeren stammen urspr\u00fcnglich aus Europa, Nordamerika und Asien. Die Pflanzen wurden bereits im 16. [&hellip;]<\/p>\n","protected":false},"author":7,"featured_media":0,"parent":117,"menu_order":0,"comment_status":"closed","ping_status":"closed","template":"page-wideheader.php","meta":{"footnotes":""},"acf":[],"_links":{"self":[{"href":"https:\/\/fruitmasters.com\/de\/wp-json\/wp\/v2\/pages\/213"}],"collection":[{"href":"https:\/\/fruitmasters.com\/de\/wp-json\/wp\/v2\/pages"}],"about":[{"href":"https:\/\/fruitmasters.com\/de\/wp-json\/wp\/v2\/types\/page"}],"author":[{"embeddable":true,"href":"https:\/\/fruitmasters.com\/de\/wp-json\/wp\/v2\/users\/7"}],"replies":[{"embeddable":true,"href":"https:\/\/fruitmasters.com\/de\/wp-json\/wp\/v2\/comments?post=213"}],"version-history":[{"count":8,"href":"https:\/\/fruitmasters.com\/de\/wp-json\/wp\/v2\/pages\/213\/revisions"}],"predecessor-version":[{"id":1936,"href":"https:\/\/fruitmasters.com\/de\/wp-json\/wp\/v2\/pages\/213\/revisions\/1936"}],"up":[{"embeddable":true,"href":"https:\/\/fruitmasters.com\/de\/wp-json\/wp\/v2\/pages\/117"}],"wp:attachment":[{"href":"https:\/\/fruitmasters.com\/de\/wp-json\/wp\/v2\/media?parent=213"}],"curies":[{"name":"wp","href":"https:\/\/api.w.org\/{rel}","templated":true}]}}