{"id":214,"date":"2016-10-11T12:10:27","date_gmt":"2016-10-11T12:10:27","guid":{"rendered":"http:\/\/fruitmasters.com\/nl\/?post_type=product&#038;p=214"},"modified":"2020-04-15T14:28:59","modified_gmt":"2020-04-15T14:28:59","slug":"brombeeren","status":"publish","type":"page","link":"https:\/\/fruitmasters.com\/de\/produkte\/beeren\/brombeeren\/","title":{"rendered":"Brombeeren"},"content":{"rendered":"<h1>Brombeeren<\/h1>\n<p class=\"twocol\">Brombeeren sind saftige Fr\u00fcchte voller Mineralien. Die milds\u00fc\u00dfen Fr\u00fcchte mit dem unverkennbaren Aroma bestehen aus zahlreichen sogenannten Teilfr\u00fcchten. Sie wachsen an einem dichten, stachelbewehrten Strauch. Bei Brombeeren gilt: je gr\u00f6\u03b2er, desto leckerer.<\/p>\n<p><img loading=\"lazy\" decoding=\"async\" class=\"alignright wp-image-1858 size-medium\" src=\"https:\/\/fruitmasters.com\/de\/wp-content\/uploads\/sites\/7\/2020\/04\/2020_Packshot_Bramen_500x500px-300x300.png\" alt=\"\" width=\"300\" height=\"300\" srcset=\"https:\/\/fruitmasters.com\/de\/wp-content\/uploads\/sites\/7\/2020\/04\/2020_Packshot_Bramen_500x500px-300x300.png 300w, https:\/\/fruitmasters.com\/de\/wp-content\/uploads\/sites\/7\/2020\/04\/2020_Packshot_Bramen_500x500px-150x150.png 150w, https:\/\/fruitmasters.com\/de\/wp-content\/uploads\/sites\/7\/2020\/04\/2020_Packshot_Bramen_500x500px.png 500w\" sizes=\"(max-width: 300px) 100vw, 300px\" \/><\/p>\n<h2><\/h2>\n<h2>Brombeerzucht<\/h2>\n<p>Brombeeren sind sowohl in Europa als auch in Nordamerika heimisch. \u201eWilde\u201c Brombeeren werden nat\u00fcrlich schon seit Jahrhunderten gepfl\u00fcckt, die Zucht begann jedoch erst viel sp\u00e4ter. Die Sorten, die im 19. Jahrhundert nach Europa importiert wurden, haben sich als besonders geeignet f\u00fcr eine rentable Zucht erwiesen.<\/p>\n<p>&nbsp;<\/p>\n<p>In den Niederlanden werden diese Beeren nicht nur auf Freiland, sondern auch in Gew\u00e4chsh\u00e4usern und Tunneln angebaut. Dank der unterschiedlichen Zuchtmethoden sind Brombeeren das ganze Jahr \u00fcber erh\u00e4ltlich. Die Brombeerbl\u00fcte findet von Ende Mai bis September statt. Nach der Bl\u00fcte wird die Pflanze von Hummeln und Bienen best\u00e4ubt. Die Z\u00fcchter \u00fcberwachen den gesamten Prozess von der Pflanze bis in die Obstabteilung sehr sorgf\u00e4ltig. Nur so l\u00e4sst sich die gew\u00fcnschte Qualit\u00e4t garantieren.<\/p>\n","protected":false},"excerpt":{"rendered":"<p>Brombeeren Brombeeren sind saftige Fr\u00fcchte voller Mineralien. Die milds\u00fc\u00dfen Fr\u00fcchte mit dem unverkennbaren Aroma bestehen aus zahlreichen sogenannten Teilfr\u00fcchten. Sie wachsen an einem dichten, stachelbewehrten Strauch. Bei Brombeeren gilt: je gr\u00f6\u03b2er, desto leckerer. Brombeerzucht Brombeeren sind sowohl in Europa als auch in Nordamerika heimisch. \u201eWilde\u201c Brombeeren werden nat\u00fcrlich schon seit Jahrhunderten gepfl\u00fcckt, die Zucht begann [&hellip;]<\/p>\n","protected":false},"author":7,"featured_media":0,"parent":117,"menu_order":0,"comment_status":"closed","ping_status":"closed","template":"page-wideheader.php","meta":{"footnotes":""},"acf":[],"_links":{"self":[{"href":"https:\/\/fruitmasters.com\/de\/wp-json\/wp\/v2\/pages\/214"}],"collection":[{"href":"https:\/\/fruitmasters.com\/de\/wp-json\/wp\/v2\/pages"}],"about":[{"href":"https:\/\/fruitmasters.com\/de\/wp-json\/wp\/v2\/types\/page"}],"author":[{"embeddable":true,"href":"https:\/\/fruitmasters.com\/de\/wp-json\/wp\/v2\/users\/7"}],"replies":[{"embeddable":true,"href":"https:\/\/fruitmasters.com\/de\/wp-json\/wp\/v2\/comments?post=214"}],"version-history":[{"count":5,"href":"https:\/\/fruitmasters.com\/de\/wp-json\/wp\/v2\/pages\/214\/revisions"}],"predecessor-version":[{"id":1934,"href":"https:\/\/fruitmasters.com\/de\/wp-json\/wp\/v2\/pages\/214\/revisions\/1934"}],"up":[{"embeddable":true,"href":"https:\/\/fruitmasters.com\/de\/wp-json\/wp\/v2\/pages\/117"}],"wp:attachment":[{"href":"https:\/\/fruitmasters.com\/de\/wp-json\/wp\/v2\/media?parent=214"}],"curies":[{"name":"wp","href":"https:\/\/api.w.org\/{rel}","templated":true}]}}