{"id":215,"date":"2016-10-11T12:10:47","date_gmt":"2016-10-11T12:10:47","guid":{"rendered":"http:\/\/fruitmasters.com\/nl\/?post_type=product&#038;p=215"},"modified":"2020-04-15T14:28:40","modified_gmt":"2020-04-15T14:28:40","slug":"blaubeeren","status":"publish","type":"page","link":"https:\/\/fruitmasters.com\/de\/produkte\/beeren\/blaubeeren\/","title":{"rendered":"Blaubeeren"},"content":{"rendered":"<h1>Blaubeeren<\/h1>\n<p class=\"twocol\">Blaubeeren kommen urspr\u00fcnglich aus Nordamerika. Die nordamerikanischen Ureinwohner waren von den Beeren begeistert und nutzten sie als Heilmittel. Mitte des vorigen Jahrhunderts kamen die ersten Blaubeeren in die Niederlande. Heutzutage sind sie in den Niederlanden sehr beliebt und werden vielseitig eingesetzt.<\/p>\n<p><img loading=\"lazy\" decoding=\"async\" class=\"alignright wp-image-1856 size-medium\" src=\"https:\/\/fruitmasters.com\/de\/wp-content\/uploads\/sites\/7\/2020\/04\/2020_Packshot_BlauweBes_500x500px-300x300.png\" alt=\"\" width=\"300\" height=\"300\" srcset=\"https:\/\/fruitmasters.com\/de\/wp-content\/uploads\/sites\/7\/2020\/04\/2020_Packshot_BlauweBes_500x500px-300x300.png 300w, https:\/\/fruitmasters.com\/de\/wp-content\/uploads\/sites\/7\/2020\/04\/2020_Packshot_BlauweBes_500x500px-150x150.png 150w, https:\/\/fruitmasters.com\/de\/wp-content\/uploads\/sites\/7\/2020\/04\/2020_Packshot_BlauweBes_500x500px.png 500w\" sizes=\"(max-width: 300px) 100vw, 300px\" \/><\/p>\n<h2><\/h2>\n<h2>Blaubeerenzucht<\/h2>\n<p>Blaubeeren wachsen an einem Strauch, der bis zu 1,50 Meter hoch werden kann. Kurz nach Verbl\u00fchen der rosafarbenen, kugelrunden Bl\u00fcten entstehen an den mindestens drei Jahren alten Str\u00e4uchern schwarzblaue Beeren. Jede Beere kann bis zu 40 Samen enthalten. Der Saft von Blaubeeren ist purpurfarben.<\/p>\n","protected":false},"excerpt":{"rendered":"<p>Blaubeeren Blaubeeren kommen urspr\u00fcnglich aus Nordamerika. Die nordamerikanischen Ureinwohner waren von den Beeren begeistert und nutzten sie als Heilmittel. Mitte des vorigen Jahrhunderts kamen die ersten Blaubeeren in die Niederlande. Heutzutage sind sie in den Niederlanden sehr beliebt und werden vielseitig eingesetzt. Blaubeerenzucht Blaubeeren wachsen an einem Strauch, der bis zu 1,50 Meter hoch werden [&hellip;]<\/p>\n","protected":false},"author":7,"featured_media":0,"parent":117,"menu_order":0,"comment_status":"closed","ping_status":"closed","template":"page-wideheader.php","meta":{"footnotes":""},"acf":[],"_links":{"self":[{"href":"https:\/\/fruitmasters.com\/de\/wp-json\/wp\/v2\/pages\/215"}],"collection":[{"href":"https:\/\/fruitmasters.com\/de\/wp-json\/wp\/v2\/pages"}],"about":[{"href":"https:\/\/fruitmasters.com\/de\/wp-json\/wp\/v2\/types\/page"}],"author":[{"embeddable":true,"href":"https:\/\/fruitmasters.com\/de\/wp-json\/wp\/v2\/users\/7"}],"replies":[{"embeddable":true,"href":"https:\/\/fruitmasters.com\/de\/wp-json\/wp\/v2\/comments?post=215"}],"version-history":[{"count":8,"href":"https:\/\/fruitmasters.com\/de\/wp-json\/wp\/v2\/pages\/215\/revisions"}],"predecessor-version":[{"id":1933,"href":"https:\/\/fruitmasters.com\/de\/wp-json\/wp\/v2\/pages\/215\/revisions\/1933"}],"up":[{"embeddable":true,"href":"https:\/\/fruitmasters.com\/de\/wp-json\/wp\/v2\/pages\/117"}],"wp:attachment":[{"href":"https:\/\/fruitmasters.com\/de\/wp-json\/wp\/v2\/media?parent=215"}],"curies":[{"name":"wp","href":"https:\/\/api.w.org\/{rel}","templated":true}]}}