{"id":217,"date":"2016-10-11T12:11:21","date_gmt":"2016-10-11T12:11:21","guid":{"rendered":"http:\/\/fruitmasters.com\/nl\/?post_type=product&#038;p=217"},"modified":"2020-04-15T14:30:31","modified_gmt":"2020-04-15T14:30:31","slug":"stachelbeeren","status":"publish","type":"page","link":"https:\/\/fruitmasters.com\/de\/produkte\/beeren\/stachelbeeren\/","title":{"rendered":"Stachelbeeren"},"content":{"rendered":"<h1>Stachelbeeren<\/h1>\n<p class=\"twocol\">Stachelbeeren gibt es in verschiedenen Farben: von roten und gelben bis hin zu gr\u00fcnen und wei\u00dfen Fr\u00fcchten. Die holl\u00e4ndischen Stachelbeeren sind meistens rot. Bei gelben, gr\u00fcnen und wei\u00dfen Stachelbeeren handelt es sich h\u00e4ufig um Importe. Stachelbeeren haben einen frischen, s\u00e4uerlich bis s\u00fc\u00dfen Geschmack und geleeartiges, gelbes Fruchtfleisch. Sie k\u00f6nnen behaart oder glatt, rund oder l\u00e4nglich sein.<\/p>\n<p><img loading=\"lazy\" decoding=\"async\" class=\"alignright wp-image-1883 size-medium\" src=\"https:\/\/fruitmasters.com\/de\/wp-content\/uploads\/sites\/7\/2020\/04\/2020_Packshot_Kruisbessen_500x500px-300x300.png\" alt=\"\" width=\"300\" height=\"300\" srcset=\"https:\/\/fruitmasters.com\/de\/wp-content\/uploads\/sites\/7\/2020\/04\/2020_Packshot_Kruisbessen_500x500px-300x300.png 300w, https:\/\/fruitmasters.com\/de\/wp-content\/uploads\/sites\/7\/2020\/04\/2020_Packshot_Kruisbessen_500x500px-150x150.png 150w, https:\/\/fruitmasters.com\/de\/wp-content\/uploads\/sites\/7\/2020\/04\/2020_Packshot_Kruisbessen_500x500px.png 500w\" sizes=\"(max-width: 300px) 100vw, 300px\" \/><\/p>\n<h2><\/h2>\n<h2>Stachelbeerenzucht<\/h2>\n<p>Stachelbeeren aus Holland sind von Juni bis Ende August erh\u00e4ltlich. Diese Beeren sind gr\u00f6\u00dfer als die roten, wei\u00dfen und schwarzen Beeren der Ribes-Gattung. Stachelbeeren wachsen an gro\u00dfen, stachelbewehrten Str\u00e4uchern, die bis zu 1,50\u00a0Meter breit und bis zu 15 Jahre alt werden k\u00f6nnen. Der Name \u201eStachelbeere\u201c kommt also nicht von ungef\u00e4hr.<\/p>\n","protected":false},"excerpt":{"rendered":"<p>Stachelbeeren Stachelbeeren gibt es in verschiedenen Farben: von roten und gelben bis hin zu gr\u00fcnen und wei\u00dfen Fr\u00fcchten. Die holl\u00e4ndischen Stachelbeeren sind meistens rot. Bei gelben, gr\u00fcnen und wei\u00dfen Stachelbeeren handelt es sich h\u00e4ufig um Importe. Stachelbeeren haben einen frischen, s\u00e4uerlich bis s\u00fc\u00dfen Geschmack und geleeartiges, gelbes Fruchtfleisch. Sie k\u00f6nnen behaart oder glatt, rund oder [&hellip;]<\/p>\n","protected":false},"author":7,"featured_media":0,"parent":117,"menu_order":0,"comment_status":"closed","ping_status":"closed","template":"page-wideheader.php","meta":{"footnotes":""},"acf":[],"_links":{"self":[{"href":"https:\/\/fruitmasters.com\/de\/wp-json\/wp\/v2\/pages\/217"}],"collection":[{"href":"https:\/\/fruitmasters.com\/de\/wp-json\/wp\/v2\/pages"}],"about":[{"href":"https:\/\/fruitmasters.com\/de\/wp-json\/wp\/v2\/types\/page"}],"author":[{"embeddable":true,"href":"https:\/\/fruitmasters.com\/de\/wp-json\/wp\/v2\/users\/7"}],"replies":[{"embeddable":true,"href":"https:\/\/fruitmasters.com\/de\/wp-json\/wp\/v2\/comments?post=217"}],"version-history":[{"count":5,"href":"https:\/\/fruitmasters.com\/de\/wp-json\/wp\/v2\/pages\/217\/revisions"}],"predecessor-version":[{"id":1939,"href":"https:\/\/fruitmasters.com\/de\/wp-json\/wp\/v2\/pages\/217\/revisions\/1939"}],"up":[{"embeddable":true,"href":"https:\/\/fruitmasters.com\/de\/wp-json\/wp\/v2\/pages\/117"}],"wp:attachment":[{"href":"https:\/\/fruitmasters.com\/de\/wp-json\/wp\/v2\/media?parent=217"}],"curies":[{"name":"wp","href":"https:\/\/api.w.org\/{rel}","templated":true}]}}