{"id":218,"date":"2016-10-11T12:11:36","date_gmt":"2016-10-11T12:11:36","guid":{"rendered":"http:\/\/fruitmasters.com\/nl\/?post_type=product&#038;p=218"},"modified":"2020-04-15T14:30:46","modified_gmt":"2020-04-15T14:30:46","slug":"weise-johannisbeeren","status":"publish","type":"page","link":"https:\/\/fruitmasters.com\/de\/produkte\/beeren\/weise-johannisbeeren\/","title":{"rendered":"Wei\u00dfe Johannisbeeren"},"content":{"rendered":"<h1>Wei\u00dfe Johannisbeeren<\/h1>\n<p class=\"twocol\">Die Wei\u00dfe Johannisbeere hat eine wei\u00df-gelbliche Farbe und einen frischen, s\u00e4uerlichen Geschmack.<\/p>\n<p><img loading=\"lazy\" decoding=\"async\" class=\"alignright wp-image-1901 size-medium\" src=\"https:\/\/fruitmasters.com\/de\/wp-content\/uploads\/sites\/7\/2020\/04\/2020_Packshot_Wittebes_500x500px-300x300.png\" alt=\"\" width=\"300\" height=\"300\" srcset=\"https:\/\/fruitmasters.com\/de\/wp-content\/uploads\/sites\/7\/2020\/04\/2020_Packshot_Wittebes_500x500px-300x300.png 300w, https:\/\/fruitmasters.com\/de\/wp-content\/uploads\/sites\/7\/2020\/04\/2020_Packshot_Wittebes_500x500px-150x150.png 150w, https:\/\/fruitmasters.com\/de\/wp-content\/uploads\/sites\/7\/2020\/04\/2020_Packshot_Wittebes_500x500px.png 500w\" sizes=\"(max-width: 300px) 100vw, 300px\" \/><\/p>\n<h2><\/h2>\n<h2>Wei\u00dfe Johannisbeerenzucht<\/h2>\n<p>Holl\u00e4ndische Wei\u00dfe Johannisbeeren kommen im Juli auf den Markt. Ziel ist es, nur Beeren hoher Qualit\u00e4t zu ernten; dazu muss der Z\u00fcchter das Produkt monatelang sorgf\u00e4ltig \u00fcberwachen. Die Str\u00e4ucher m\u00fcssen fachm\u00e4nnisch zur\u00fcckgeschnitten werden, denn die Beeren brauchen genug Luft und Licht, und auch ohne die richtige D\u00fcngung geht gar nichts. Die wei\u00dfen Beeren bieten den Vorteil, dass sie von V\u00f6geln h\u00e4ufig \u00fcbersehen werden. Daher fallen Verluste durch Vogelfra\u00df bei Wei\u00dfen Johannisbeeren geringer aus.<\/p>\n","protected":false},"excerpt":{"rendered":"<p>Wei\u00dfe Johannisbeeren Die Wei\u00dfe Johannisbeere hat eine wei\u00df-gelbliche Farbe und einen frischen, s\u00e4uerlichen Geschmack. Wei\u00dfe Johannisbeerenzucht Holl\u00e4ndische Wei\u00dfe Johannisbeeren kommen im Juli auf den Markt. Ziel ist es, nur Beeren hoher Qualit\u00e4t zu ernten; dazu muss der Z\u00fcchter das Produkt monatelang sorgf\u00e4ltig \u00fcberwachen. Die Str\u00e4ucher m\u00fcssen fachm\u00e4nnisch zur\u00fcckgeschnitten werden, denn die Beeren brauchen genug Luft [&hellip;]<\/p>\n","protected":false},"author":7,"featured_media":0,"parent":117,"menu_order":0,"comment_status":"closed","ping_status":"closed","template":"page-wideheader.php","meta":{"footnotes":""},"acf":[],"_links":{"self":[{"href":"https:\/\/fruitmasters.com\/de\/wp-json\/wp\/v2\/pages\/218"}],"collection":[{"href":"https:\/\/fruitmasters.com\/de\/wp-json\/wp\/v2\/pages"}],"about":[{"href":"https:\/\/fruitmasters.com\/de\/wp-json\/wp\/v2\/types\/page"}],"author":[{"embeddable":true,"href":"https:\/\/fruitmasters.com\/de\/wp-json\/wp\/v2\/users\/7"}],"replies":[{"embeddable":true,"href":"https:\/\/fruitmasters.com\/de\/wp-json\/wp\/v2\/comments?post=218"}],"version-history":[{"count":5,"href":"https:\/\/fruitmasters.com\/de\/wp-json\/wp\/v2\/pages\/218\/revisions"}],"predecessor-version":[{"id":1940,"href":"https:\/\/fruitmasters.com\/de\/wp-json\/wp\/v2\/pages\/218\/revisions\/1940"}],"up":[{"embeddable":true,"href":"https:\/\/fruitmasters.com\/de\/wp-json\/wp\/v2\/pages\/117"}],"wp:attachment":[{"href":"https:\/\/fruitmasters.com\/de\/wp-json\/wp\/v2\/media?parent=218"}],"curies":[{"name":"wp","href":"https:\/\/api.w.org\/{rel}","templated":true}]}}