{"id":219,"date":"2016-10-11T12:11:53","date_gmt":"2016-10-11T12:11:53","guid":{"rendered":"http:\/\/fruitmasters.com\/nl\/?post_type=product&#038;p=219"},"modified":"2020-04-15T14:30:16","modified_gmt":"2020-04-15T14:30:16","slug":"schwarze-johannisbeeren","status":"publish","type":"page","link":"https:\/\/fruitmasters.com\/de\/produkte\/beeren\/schwarze-johannisbeeren\/","title":{"rendered":"Schwarze Johannisbeeren"},"content":{"rendered":"<h1>Schwarze Johannisbeeren<\/h1>\n<p class=\"twocol\">Die Schwarze Johannisbeere geh\u00f6rt zur Gattung Ribes. Das Aroma dieser s\u00fc\u00dfen Frucht ist auch als \u201eCassis\u201c bekannt. Die Beeren eignen sich hervorragend f\u00fcr die Verarbeitung zu S\u00e4ften und Marmeladen.<\/p>\n<p><img loading=\"lazy\" decoding=\"async\" class=\"alignright wp-image-1902 size-medium\" src=\"https:\/\/fruitmasters.com\/de\/wp-content\/uploads\/sites\/7\/2020\/04\/2020_Packshot_Zwartebes_500x500px-300x300.png\" alt=\"\" width=\"300\" height=\"300\" srcset=\"https:\/\/fruitmasters.com\/de\/wp-content\/uploads\/sites\/7\/2020\/04\/2020_Packshot_Zwartebes_500x500px-300x300.png 300w, https:\/\/fruitmasters.com\/de\/wp-content\/uploads\/sites\/7\/2020\/04\/2020_Packshot_Zwartebes_500x500px-150x150.png 150w, https:\/\/fruitmasters.com\/de\/wp-content\/uploads\/sites\/7\/2020\/04\/2020_Packshot_Zwartebes_500x500px.png 500w\" sizes=\"(max-width: 300px) 100vw, 300px\" \/><\/p>\n<h2><\/h2>\n<h2>Schwarze Johannisbeerenzucht<\/h2>\n<p>F\u00fcr einen besonders guten Geschmack bekommen die Schwarzen Johannisbeeren von den Z\u00fcchtern den sch\u00f6nsten Sonnenplatz. Im April erscheinen kleine Bl\u00fcten am Strauch, die unter stetiger Kontrolle des Z\u00fcchters zu kleinen, schwarzen Beeren werden. Zur F\u00f6rderung des Wachstumsprozesses werden die Schwarzen Johannisbeeren vor K\u00e4lte und Ungeziefer gesch\u00fctzt. Ungef\u00e4hr im Juli, wenn die Beeren eine tiefe, dunkelblau-violette Farbe angenommen haben, sind sie erntereif.<\/p>\n","protected":false},"excerpt":{"rendered":"<p>Schwarze Johannisbeeren Die Schwarze Johannisbeere geh\u00f6rt zur Gattung Ribes. Das Aroma dieser s\u00fc\u00dfen Frucht ist auch als \u201eCassis\u201c bekannt. Die Beeren eignen sich hervorragend f\u00fcr die Verarbeitung zu S\u00e4ften und Marmeladen. Schwarze Johannisbeerenzucht F\u00fcr einen besonders guten Geschmack bekommen die Schwarzen Johannisbeeren von den Z\u00fcchtern den sch\u00f6nsten Sonnenplatz. Im April erscheinen kleine Bl\u00fcten am Strauch, [&hellip;]<\/p>\n","protected":false},"author":7,"featured_media":0,"parent":117,"menu_order":0,"comment_status":"closed","ping_status":"closed","template":"page-wideheader.php","meta":{"footnotes":""},"acf":[],"_links":{"self":[{"href":"https:\/\/fruitmasters.com\/de\/wp-json\/wp\/v2\/pages\/219"}],"collection":[{"href":"https:\/\/fruitmasters.com\/de\/wp-json\/wp\/v2\/pages"}],"about":[{"href":"https:\/\/fruitmasters.com\/de\/wp-json\/wp\/v2\/types\/page"}],"author":[{"embeddable":true,"href":"https:\/\/fruitmasters.com\/de\/wp-json\/wp\/v2\/users\/7"}],"replies":[{"embeddable":true,"href":"https:\/\/fruitmasters.com\/de\/wp-json\/wp\/v2\/comments?post=219"}],"version-history":[{"count":5,"href":"https:\/\/fruitmasters.com\/de\/wp-json\/wp\/v2\/pages\/219\/revisions"}],"predecessor-version":[{"id":1938,"href":"https:\/\/fruitmasters.com\/de\/wp-json\/wp\/v2\/pages\/219\/revisions\/1938"}],"up":[{"embeddable":true,"href":"https:\/\/fruitmasters.com\/de\/wp-json\/wp\/v2\/pages\/117"}],"wp:attachment":[{"href":"https:\/\/fruitmasters.com\/de\/wp-json\/wp\/v2\/media?parent=219"}],"curies":[{"name":"wp","href":"https:\/\/api.w.org\/{rel}","templated":true}]}}